{"id":558,"date":"2017-04-21T10:26:19","date_gmt":"2017-04-21T10:26:19","guid":{"rendered":"http:\/\/sambeat.com\/tiradores-hogar\/"},"modified":"2019-03-14T10:28:51","modified_gmt":"2019-03-14T10:28:51","slug":"handles","status":"publish","type":"page","link":"https:\/\/sambeat.com\/en\/products\/solutions\/home\/handles\/","title":{"rendered":"HOME HANDLES"},"content":{"rendered":"<div style=\"width: 70%; margin: auto; margin-bottom: 10%;\">\n<h2 style=\"text-align: left;\">Tiradores para hogar.<\/h2>\n<p style=\"text-align: left; padding-left: 30px;\">Selecci\u00f3n de nuestros\u00a0tiradores, pomos y agarres para el hogar en diferentes materiales y acabados. Consulta nuestro catalogo para ver toda nuestra oferta de tiradores.<\/p>\n<div class=\"button_align align_center\"><a class=\"button  button_size_4 button_js\" href=\"http:\/\/sambeat.com\/wp-content\/uploads\/2019\/02\/TIRADORES.pdf\" target=\"_blank\"    ><span class=\"button_label\">FAMILY PRODUCT CATALOGUE<\/span><\/a><\/div>\n\n<h4>Tiradores, pomos y agarres para el hogar.<img loading=\"lazy\" decoding=\"async\" class=\"alignright wp-image-434 size-medium\" style=\"margin-left: 2%;\" src=\"http:\/\/sambeat.com\/wp-content\/uploads\/2017\/04\/POMOS-MADERA-300x223.jpg\" alt=\"Tiradores, pomos y agarres para el hogar\" width=\"300\" height=\"223\" srcset=\"https:\/\/sambeat.com\/wp-content\/uploads\/2017\/04\/POMOS-MADERA-300x223.jpg 300w, https:\/\/sambeat.com\/wp-content\/uploads\/2017\/04\/POMOS-MADERA-197x146.jpg 197w, https:\/\/sambeat.com\/wp-content\/uploads\/2017\/04\/POMOS-MADERA-50x37.jpg 50w, https:\/\/sambeat.com\/wp-content\/uploads\/2017\/04\/POMOS-MADERA-101x75.jpg 101w, https:\/\/sambeat.com\/wp-content\/uploads\/2017\/04\/POMOS-MADERA.jpg 450w\" sizes=\"auto, (max-width: 300px) 100vw, 300px\" \/><\/h4>\n<p style=\"padding-left: 30px;\">El dise\u00f1o de mobiliario hace imprescindible el uso de tiradores, pomos o cualquier tipo de agarre para la apertura de puerta de armarios y cajones. La elecci\u00f3n del material y el dise\u00f1o forma parte del dise\u00f1o propio del acabado final del mueble.<\/p>\n<p style=\"padding-left: 30px;\">En Sambeat podr\u00e1s encontrar una amplia gama de pomos, tiradores y agarres en diferentes colores, estilos y materiales: madera, pl\u00e1stico y aluminio.<\/p>\n<\/div>\n","protected":false},"excerpt":{"rendered":"<p>Tiradores para hogar. Selecci\u00f3n de nuestros\u00a0tiradores, pomos y agarres para el hogar en diferentes materiales y acabados. Consulta nuestro catalogo para ver toda nuestra oferta de tiradores. Tiradores, pomos y agarres para el hogar. El dise\u00f1o de mobiliario hace imprescindible el uso de tiradores, pomos o cualquier tipo de agarre para la apertura de puerta de armarios y cajones. La elecci\u00f3n del material y el dise\u00f1o forma parte del dise\u00f1o propio del acabado final del mueble. En Sambeat podr\u00e1s encontrar una amplia gama de pomos, tiradores y agarres en diferentes<span class=\"excerpt-hellip\"> [\u2026]<\/span><\/p>\n","protected":false},"author":1,"featured_media":0,"parent":586,"menu_order":0,"comment_status":"closed","ping_status":"closed","template":"","meta":{"_exactmetrics_skip_tracking":false,"_exactmetrics_sitenote_active":false,"_exactmetrics_sitenote_note":"","_exactmetrics_sitenote_category":0,"footnotes":""},"class_list":["post-558","page","type-page","status-publish","hentry"],"yoast_head":"<!-- This site is optimized with the Yoast SEO plugin v27.4 - https:\/\/yoast.com\/product\/yoast-seo-wordpress\/ -->\n<title>Tiradores, pomos y agarres para el hogar - Sambeat<\/title>\n<meta name=\"description\" content=\"Tiradores, pomos y agarres para el hogar en diferentes materiales y acabados para el mobiliario del hogar, armarios, vitrinas y cajones\" \/>\n<meta name=\"robots\" content=\"index, follow, max-snippet:-1, max-image-preview:large, max-video-preview:-1\" \/>\n<link rel=\"canonical\" href=\"https:\/\/sambeat.com\/en\/products\/solutions\/home\/handles\/\" \/>\n<meta property=\"og:locale\" content=\"en_US\" \/>\n<meta property=\"og:type\" content=\"article\" \/>\n<meta property=\"og:title\" content=\"Tiradores, pomos y agarres para el hogar - Sambeat\" \/>\n<meta property=\"og:description\" content=\"Tiradores, pomos y agarres para el hogar en diferentes materiales y acabados para el mobiliario del hogar, armarios, vitrinas y cajones\" \/>\n<meta property=\"og:url\" content=\"https:\/\/sambeat.com\/en\/products\/solutions\/home\/handles\/\" \/>\n<meta property=\"og:site_name\" content=\"Sambeat\" \/>\n<meta property=\"article:modified_time\" content=\"2019-03-14T10:28:51+00:00\" \/>\n<meta property=\"og:image\" content=\"http:\/\/sambeat.com\/wp-content\/uploads\/2017\/04\/POMOS-MADERA-300x223.jpg\" \/>\n<meta name=\"twitter:card\" content=\"summary_large_image\" \/>\n<meta name=\"twitter:label1\" content=\"Est. reading time\" \/>\n\t<meta name=\"twitter:data1\" content=\"1 minute\" \/>\n<script type=\"application\/ld+json\" class=\"yoast-schema-graph\">{\"@context\":\"https:\\\/\\\/schema.org\",\"@graph\":[{\"@type\":\"WebPage\",\"@id\":\"https:\\\/\\\/sambeat.com\\\/en\\\/products\\\/solutions\\\/home\\\/handles\\\/\",\"url\":\"https:\\\/\\\/sambeat.com\\\/en\\\/products\\\/solutions\\\/home\\\/handles\\\/\",\"name\":\"Tiradores, pomos y agarres para el hogar - Sambeat\",\"isPartOf\":{\"@id\":\"https:\\\/\\\/sambeat.com\\\/#website\"},\"primaryImageOfPage\":{\"@id\":\"https:\\\/\\\/sambeat.com\\\/en\\\/products\\\/solutions\\\/home\\\/handles\\\/#primaryimage\"},\"image\":{\"@id\":\"https:\\\/\\\/sambeat.com\\\/en\\\/products\\\/solutions\\\/home\\\/handles\\\/#primaryimage\"},\"thumbnailUrl\":\"http:\\\/\\\/sambeat.com\\\/wp-content\\\/uploads\\\/2017\\\/04\\\/POMOS-MADERA-300x223.jpg\",\"datePublished\":\"2017-04-21T10:26:19+00:00\",\"dateModified\":\"2019-03-14T10:28:51+00:00\",\"description\":\"Tiradores, pomos y agarres para el hogar en diferentes materiales y acabados para el mobiliario del hogar, armarios, vitrinas y cajones\",\"breadcrumb\":{\"@id\":\"https:\\\/\\\/sambeat.com\\\/en\\\/products\\\/solutions\\\/home\\\/handles\\\/#breadcrumb\"},\"inLanguage\":\"en-US\",\"potentialAction\":[{\"@type\":\"ReadAction\",\"target\":[\"https:\\\/\\\/sambeat.com\\\/en\\\/products\\\/solutions\\\/home\\\/handles\\\/\"]}]},{\"@type\":\"ImageObject\",\"inLanguage\":\"en-US\",\"@id\":\"https:\\\/\\\/sambeat.com\\\/en\\\/products\\\/solutions\\\/home\\\/handles\\\/#primaryimage\",\"url\":\"http:\\\/\\\/sambeat.com\\\/wp-content\\\/uploads\\\/2017\\\/04\\\/POMOS-MADERA-300x223.jpg\",\"contentUrl\":\"http:\\\/\\\/sambeat.com\\\/wp-content\\\/uploads\\\/2017\\\/04\\\/POMOS-MADERA-300x223.jpg\"},{\"@type\":\"BreadcrumbList\",\"@id\":\"https:\\\/\\\/sambeat.com\\\/en\\\/products\\\/solutions\\\/home\\\/handles\\\/#breadcrumb\",\"itemListElement\":[{\"@type\":\"ListItem\",\"position\":1,\"name\":\"Inicio\",\"item\":\"https:\\\/\\\/sambeat.com\\\/en\\\/\"},{\"@type\":\"ListItem\",\"position\":2,\"name\":\"PRODUCTS\",\"item\":\"https:\\\/\\\/sambeat.com\\\/en\\\/products\\\/\"},{\"@type\":\"ListItem\",\"position\":3,\"name\":\"SOLUTIONS\",\"item\":\"https:\\\/\\\/sambeat.com\\\/en\\\/products\\\/solutions\\\/\"},{\"@type\":\"ListItem\",\"position\":4,\"name\":\"HOME\",\"item\":\"https:\\\/\\\/sambeat.com\\\/en\\\/products\\\/solutions\\\/home\\\/\"},{\"@type\":\"ListItem\",\"position\":5,\"name\":\"HOME HANDLES\"}]},{\"@type\":\"WebSite\",\"@id\":\"https:\\\/\\\/sambeat.com\\\/#website\",\"url\":\"https:\\\/\\\/sambeat.com\\\/\",\"name\":\"Sambeat\",\"description\":\"Manufacturing solutions\",\"publisher\":{\"@id\":\"https:\\\/\\\/sambeat.com\\\/#organization\"},\"potentialAction\":[{\"@type\":\"SearchAction\",\"target\":{\"@type\":\"EntryPoint\",\"urlTemplate\":\"https:\\\/\\\/sambeat.com\\\/?s={search_term_string}\"},\"query-input\":{\"@type\":\"PropertyValueSpecification\",\"valueRequired\":true,\"valueName\":\"search_term_string\"}}],\"inLanguage\":\"en-US\"},{\"@type\":\"Organization\",\"@id\":\"https:\\\/\\\/sambeat.com\\\/#organization\",\"name\":\"Sambeat\",\"url\":\"https:\\\/\\\/sambeat.com\\\/\",\"logo\":{\"@type\":\"ImageObject\",\"inLanguage\":\"en-US\",\"@id\":\"https:\\\/\\\/sambeat.com\\\/#\\\/schema\\\/logo\\\/image\\\/\",\"url\":\"http:\\\/\\\/sambeat.com\\\/wp-content\\\/uploads\\\/2017\\\/02\\\/logo.png\",\"contentUrl\":\"http:\\\/\\\/sambeat.com\\\/wp-content\\\/uploads\\\/2017\\\/02\\\/logo.png\",\"width\":320,\"height\":106,\"caption\":\"Sambeat\"},\"image\":{\"@id\":\"https:\\\/\\\/sambeat.com\\\/#\\\/schema\\\/logo\\\/image\\\/\"}}]}<\/script>\n<!-- \/ Yoast SEO plugin. -->","yoast_head_json":{"title":"Tiradores, pomos y agarres para el hogar - Sambeat","description":"Tiradores, pomos y agarres para el hogar en diferentes materiales y acabados para el mobiliario del hogar, armarios, vitrinas y cajones","robots":{"index":"index","follow":"follow","max-snippet":"max-snippet:-1","max-image-preview":"max-image-preview:large","max-video-preview":"max-video-preview:-1"},"canonical":"https:\/\/sambeat.com\/en\/products\/solutions\/home\/handles\/","og_locale":"en_US","og_type":"article","og_title":"Tiradores, pomos y agarres para el hogar - Sambeat","og_description":"Tiradores, pomos y agarres para el hogar en diferentes materiales y acabados para el mobiliario del hogar, armarios, vitrinas y cajones","og_url":"https:\/\/sambeat.com\/en\/products\/solutions\/home\/handles\/","og_site_name":"Sambeat","article_modified_time":"2019-03-14T10:28:51+00:00","og_image":[{"url":"http:\/\/sambeat.com\/wp-content\/uploads\/2017\/04\/POMOS-MADERA-300x223.jpg","type":"","width":"","height":""}],"twitter_card":"summary_large_image","twitter_misc":{"Est. reading time":"1 minute"},"schema":{"@context":"https:\/\/schema.org","@graph":[{"@type":"WebPage","@id":"https:\/\/sambeat.com\/en\/products\/solutions\/home\/handles\/","url":"https:\/\/sambeat.com\/en\/products\/solutions\/home\/handles\/","name":"Tiradores, pomos y agarres para el hogar - Sambeat","isPartOf":{"@id":"https:\/\/sambeat.com\/#website"},"primaryImageOfPage":{"@id":"https:\/\/sambeat.com\/en\/products\/solutions\/home\/handles\/#primaryimage"},"image":{"@id":"https:\/\/sambeat.com\/en\/products\/solutions\/home\/handles\/#primaryimage"},"thumbnailUrl":"http:\/\/sambeat.com\/wp-content\/uploads\/2017\/04\/POMOS-MADERA-300x223.jpg","datePublished":"2017-04-21T10:26:19+00:00","dateModified":"2019-03-14T10:28:51+00:00","description":"Tiradores, pomos y agarres para el hogar en diferentes materiales y acabados para el mobiliario del hogar, armarios, vitrinas y cajones","breadcrumb":{"@id":"https:\/\/sambeat.com\/en\/products\/solutions\/home\/handles\/#breadcrumb"},"inLanguage":"en-US","potentialAction":[{"@type":"ReadAction","target":["https:\/\/sambeat.com\/en\/products\/solutions\/home\/handles\/"]}]},{"@type":"ImageObject","inLanguage":"en-US","@id":"https:\/\/sambeat.com\/en\/products\/solutions\/home\/handles\/#primaryimage","url":"http:\/\/sambeat.com\/wp-content\/uploads\/2017\/04\/POMOS-MADERA-300x223.jpg","contentUrl":"http:\/\/sambeat.com\/wp-content\/uploads\/2017\/04\/POMOS-MADERA-300x223.jpg"},{"@type":"BreadcrumbList","@id":"https:\/\/sambeat.com\/en\/products\/solutions\/home\/handles\/#breadcrumb","itemListElement":[{"@type":"ListItem","position":1,"name":"Inicio","item":"https:\/\/sambeat.com\/en\/"},{"@type":"ListItem","position":2,"name":"PRODUCTS","item":"https:\/\/sambeat.com\/en\/products\/"},{"@type":"ListItem","position":3,"name":"SOLUTIONS","item":"https:\/\/sambeat.com\/en\/products\/solutions\/"},{"@type":"ListItem","position":4,"name":"HOME","item":"https:\/\/sambeat.com\/en\/products\/solutions\/home\/"},{"@type":"ListItem","position":5,"name":"HOME HANDLES"}]},{"@type":"WebSite","@id":"https:\/\/sambeat.com\/#website","url":"https:\/\/sambeat.com\/","name":"Sambeat","description":"Manufacturing solutions","publisher":{"@id":"https:\/\/sambeat.com\/#organization"},"potentialAction":[{"@type":"SearchAction","target":{"@type":"EntryPoint","urlTemplate":"https:\/\/sambeat.com\/?s={search_term_string}"},"query-input":{"@type":"PropertyValueSpecification","valueRequired":true,"valueName":"search_term_string"}}],"inLanguage":"en-US"},{"@type":"Organization","@id":"https:\/\/sambeat.com\/#organization","name":"Sambeat","url":"https:\/\/sambeat.com\/","logo":{"@type":"ImageObject","inLanguage":"en-US","@id":"https:\/\/sambeat.com\/#\/schema\/logo\/image\/","url":"http:\/\/sambeat.com\/wp-content\/uploads\/2017\/02\/logo.png","contentUrl":"http:\/\/sambeat.com\/wp-content\/uploads\/2017\/02\/logo.png","width":320,"height":106,"caption":"Sambeat"},"image":{"@id":"https:\/\/sambeat.com\/#\/schema\/logo\/image\/"}}]}},"_links":{"self":[{"href":"https:\/\/sambeat.com\/en\/wp-json\/wp\/v2\/pages\/558","targetHints":{"allow":["GET"]}}],"collection":[{"href":"https:\/\/sambeat.com\/en\/wp-json\/wp\/v2\/pages"}],"about":[{"href":"https:\/\/sambeat.com\/en\/wp-json\/wp\/v2\/types\/page"}],"author":[{"embeddable":true,"href":"https:\/\/sambeat.com\/en\/wp-json\/wp\/v2\/users\/1"}],"replies":[{"embeddable":true,"href":"https:\/\/sambeat.com\/en\/wp-json\/wp\/v2\/comments?post=558"}],"version-history":[{"count":5,"href":"https:\/\/sambeat.com\/en\/wp-json\/wp\/v2\/pages\/558\/revisions"}],"predecessor-version":[{"id":2949,"href":"https:\/\/sambeat.com\/en\/wp-json\/wp\/v2\/pages\/558\/revisions\/2949"}],"up":[{"embeddable":true,"href":"https:\/\/sambeat.com\/en\/wp-json\/wp\/v2\/pages\/586"}],"wp:attachment":[{"href":"https:\/\/sambeat.com\/en\/wp-json\/wp\/v2\/media?parent=558"}],"curies":[{"name":"wp","href":"https:\/\/api.w.org\/{rel}","templated":true}]}}