{"id":559,"date":"2017-04-21T10:25:55","date_gmt":"2017-04-21T10:25:55","guid":{"rendered":"http:\/\/sambeat.com\/patas-hogar\/"},"modified":"2019-03-14T10:27:02","modified_gmt":"2019-03-14T10:27:02","slug":"legs","status":"publish","type":"page","link":"https:\/\/sambeat.com\/en\/products\/solutions\/home\/legs\/","title":{"rendered":"HOME LEGS"},"content":{"rendered":"<div class=\"seotexto\" style=\"width: 70%; margin: auto; margin-bottom: 10%;\">\n<h2 style=\"text-align: left;\">Patas decorativas para Hogar.<\/h2>\n<p style=\"text-align: left; padding-left: 30px;\">Selecci\u00f3n de nuestras patas decorativas para hogar. Disponemos de una amplia oferta de patas decorativas para el hogar, tanto de madera como aluminio y pl\u00e1stico, con diferentes acabados para adaptarse a los diferentes ambientes del hogar desde los acabados met\u00e1licos y lisos del aluminio y el metal para ambientes mas modernos, pasando por acabados mate para estilos mas sofisticados y acabados con distintos tonos de madera para ambientes mas c\u00e1lidos y cercanos.<\/p>\n<h4>Nuestros est\u00e1ndares de calidad en patas para el hogar.<\/h4>\n<p style=\"padding-left: 30px;\">Todas nuestras productos cumplen con nuestros exigentes procesos de calidad.<\/p>\n<ul style=\"padding-left: 30px;\">\n<li>Ensayo de compresi\u00f3n y flexi\u00f3n (alzamiento lateral) realizado en AIMME.<\/li>\n<li>Soporte ABS en todos los modelos.<\/li>\n<li>Altas prestaciones mec\u00e1nicas. Mejor alzamiento lateral de muebles columna y f\u00e1cil regulaci\u00f3n con cargas elevadas.<\/li>\n<li>Tenemos patas de cocina, \u00a0patas plegables y patas de pl\u00e1stico regulable.<\/li>\n<\/ul>\n<div class=\"button_align align_center\"><a class=\"button  button_size_4 button_js\" href=\"http:\/\/sambeat.com\/wp-content\/uploads\/2019\/02\/PATAS.pdf\" target=\"_blank\"    ><span class=\"button_label\">FAMILY PRODUCT CATALOGUE<\/span><\/a><\/div>\n\n<h4>Patas decorativas para el hogar, dise\u00f1o moderno y calidez.<img loading=\"lazy\" decoding=\"async\" class=\"alignright wp-image-159 size-medium\" style=\"margin-left: 2%;\" src=\"http:\/\/sambeat.com\/wp-content\/uploads\/2017\/03\/hogar-1-224x300.jpg\" alt=\"Patas decorativas plastico\" width=\"224\" height=\"300\" srcset=\"https:\/\/sambeat.com\/wp-content\/uploads\/2017\/03\/hogar-1-224x300.jpg 224w, https:\/\/sambeat.com\/wp-content\/uploads\/2017\/03\/hogar-1-109x146.jpg 109w, https:\/\/sambeat.com\/wp-content\/uploads\/2017\/03\/hogar-1-37x50.jpg 37w, https:\/\/sambeat.com\/wp-content\/uploads\/2017\/03\/hogar-1-56x75.jpg 56w, https:\/\/sambeat.com\/wp-content\/uploads\/2017\/03\/hogar-1.jpg 298w\" sizes=\"auto, (max-width: 224px) 100vw, 224px\" \/><\/h4>\n<p style=\"padding-left: 30px;\">Las patas decorativas para el hogar son la guinda del dise\u00f1o de cualquier mueble ya que son al final de cuentas, un elemento est\u00e9tico destacado dentro del conjunto. En Sambeat nuestras amplia selecci\u00f3n de patas; desde tubulares, cuadradas a inclinadas, as\u00ed com elevadores y patas regulables, disponemos del complemento perfecto para cualquier estilo de mueble.<\/p>\n<\/div>\n","protected":false},"excerpt":{"rendered":"<p>Patas decorativas para Hogar. Selecci\u00f3n de nuestras patas decorativas para hogar. Disponemos de una amplia oferta de patas decorativas para el hogar, tanto de madera como aluminio y pl\u00e1stico, con diferentes acabados para adaptarse a los diferentes ambientes del hogar desde los acabados met\u00e1licos y lisos del aluminio y el metal para ambientes mas modernos, pasando por acabados mate para estilos mas sofisticados y acabados con distintos tonos de madera para ambientes mas c\u00e1lidos y cercanos. Nuestros est\u00e1ndares de calidad en patas para el hogar. Todas nuestras productos cumplen con<span class=\"excerpt-hellip\"> [\u2026]<\/span><\/p>\n","protected":false},"author":1,"featured_media":0,"parent":586,"menu_order":0,"comment_status":"closed","ping_status":"closed","template":"","meta":{"_exactmetrics_skip_tracking":false,"_exactmetrics_sitenote_active":false,"_exactmetrics_sitenote_note":"","_exactmetrics_sitenote_category":0,"footnotes":""},"class_list":["post-559","page","type-page","status-publish","hentry"],"yoast_head":"<!-- This site is optimized with the Yoast SEO plugin v27.4 - https:\/\/yoast.com\/product\/yoast-seo-wordpress\/ -->\n<title>Patas decorativas hogar, en diferentes materiales y acabados - Sambeat<\/title>\n<meta name=\"description\" content=\"Patas decorativas para hogar fijas y ajustables, rectas e inclinadas para el hogar; en diferentes materiales: aluminio, pl\u00e1stico o madera.\" \/>\n<meta name=\"robots\" content=\"index, follow, max-snippet:-1, max-image-preview:large, max-video-preview:-1\" \/>\n<link rel=\"canonical\" href=\"https:\/\/sambeat.com\/en\/products\/solutions\/home\/legs\/\" \/>\n<meta property=\"og:locale\" content=\"en_US\" \/>\n<meta property=\"og:type\" content=\"article\" \/>\n<meta property=\"og:title\" content=\"Patas decorativas hogar, en diferentes materiales y acabados - Sambeat\" \/>\n<meta property=\"og:description\" content=\"Patas decorativas para hogar fijas y ajustables, rectas e inclinadas para el hogar; en diferentes materiales: aluminio, pl\u00e1stico o madera.\" \/>\n<meta property=\"og:url\" content=\"https:\/\/sambeat.com\/en\/products\/solutions\/home\/legs\/\" \/>\n<meta property=\"og:site_name\" content=\"Sambeat\" \/>\n<meta property=\"article:modified_time\" content=\"2019-03-14T10:27:02+00:00\" \/>\n<meta property=\"og:image\" content=\"http:\/\/sambeat.com\/wp-content\/uploads\/2017\/03\/hogar-1-224x300.jpg\" \/>\n<meta name=\"twitter:card\" content=\"summary_large_image\" \/>\n<meta name=\"twitter:label1\" content=\"Est. reading time\" \/>\n\t<meta name=\"twitter:data1\" content=\"1 minute\" \/>\n<script type=\"application\/ld+json\" class=\"yoast-schema-graph\">{\"@context\":\"https:\\\/\\\/schema.org\",\"@graph\":[{\"@type\":\"WebPage\",\"@id\":\"https:\\\/\\\/sambeat.com\\\/en\\\/products\\\/solutions\\\/home\\\/legs\\\/\",\"url\":\"https:\\\/\\\/sambeat.com\\\/en\\\/products\\\/solutions\\\/home\\\/legs\\\/\",\"name\":\"Patas decorativas hogar, en diferentes materiales y acabados - Sambeat\",\"isPartOf\":{\"@id\":\"https:\\\/\\\/sambeat.com\\\/#website\"},\"primaryImageOfPage\":{\"@id\":\"https:\\\/\\\/sambeat.com\\\/en\\\/products\\\/solutions\\\/home\\\/legs\\\/#primaryimage\"},\"image\":{\"@id\":\"https:\\\/\\\/sambeat.com\\\/en\\\/products\\\/solutions\\\/home\\\/legs\\\/#primaryimage\"},\"thumbnailUrl\":\"http:\\\/\\\/sambeat.com\\\/wp-content\\\/uploads\\\/2017\\\/03\\\/hogar-1-224x300.jpg\",\"datePublished\":\"2017-04-21T10:25:55+00:00\",\"dateModified\":\"2019-03-14T10:27:02+00:00\",\"description\":\"Patas decorativas para hogar fijas y ajustables, rectas e inclinadas para el hogar; en diferentes materiales: aluminio, pl\u00e1stico o madera.\",\"breadcrumb\":{\"@id\":\"https:\\\/\\\/sambeat.com\\\/en\\\/products\\\/solutions\\\/home\\\/legs\\\/#breadcrumb\"},\"inLanguage\":\"en-US\",\"potentialAction\":[{\"@type\":\"ReadAction\",\"target\":[\"https:\\\/\\\/sambeat.com\\\/en\\\/products\\\/solutions\\\/home\\\/legs\\\/\"]}]},{\"@type\":\"ImageObject\",\"inLanguage\":\"en-US\",\"@id\":\"https:\\\/\\\/sambeat.com\\\/en\\\/products\\\/solutions\\\/home\\\/legs\\\/#primaryimage\",\"url\":\"http:\\\/\\\/sambeat.com\\\/wp-content\\\/uploads\\\/2017\\\/03\\\/hogar-1-224x300.jpg\",\"contentUrl\":\"http:\\\/\\\/sambeat.com\\\/wp-content\\\/uploads\\\/2017\\\/03\\\/hogar-1-224x300.jpg\"},{\"@type\":\"BreadcrumbList\",\"@id\":\"https:\\\/\\\/sambeat.com\\\/en\\\/products\\\/solutions\\\/home\\\/legs\\\/#breadcrumb\",\"itemListElement\":[{\"@type\":\"ListItem\",\"position\":1,\"name\":\"Inicio\",\"item\":\"https:\\\/\\\/sambeat.com\\\/en\\\/\"},{\"@type\":\"ListItem\",\"position\":2,\"name\":\"PRODUCTS\",\"item\":\"https:\\\/\\\/sambeat.com\\\/en\\\/products\\\/\"},{\"@type\":\"ListItem\",\"position\":3,\"name\":\"SOLUTIONS\",\"item\":\"https:\\\/\\\/sambeat.com\\\/en\\\/products\\\/solutions\\\/\"},{\"@type\":\"ListItem\",\"position\":4,\"name\":\"HOME\",\"item\":\"https:\\\/\\\/sambeat.com\\\/en\\\/products\\\/solutions\\\/home\\\/\"},{\"@type\":\"ListItem\",\"position\":5,\"name\":\"HOME LEGS\"}]},{\"@type\":\"WebSite\",\"@id\":\"https:\\\/\\\/sambeat.com\\\/#website\",\"url\":\"https:\\\/\\\/sambeat.com\\\/\",\"name\":\"Sambeat\",\"description\":\"Manufacturing solutions\",\"publisher\":{\"@id\":\"https:\\\/\\\/sambeat.com\\\/#organization\"},\"potentialAction\":[{\"@type\":\"SearchAction\",\"target\":{\"@type\":\"EntryPoint\",\"urlTemplate\":\"https:\\\/\\\/sambeat.com\\\/?s={search_term_string}\"},\"query-input\":{\"@type\":\"PropertyValueSpecification\",\"valueRequired\":true,\"valueName\":\"search_term_string\"}}],\"inLanguage\":\"en-US\"},{\"@type\":\"Organization\",\"@id\":\"https:\\\/\\\/sambeat.com\\\/#organization\",\"name\":\"Sambeat\",\"url\":\"https:\\\/\\\/sambeat.com\\\/\",\"logo\":{\"@type\":\"ImageObject\",\"inLanguage\":\"en-US\",\"@id\":\"https:\\\/\\\/sambeat.com\\\/#\\\/schema\\\/logo\\\/image\\\/\",\"url\":\"http:\\\/\\\/sambeat.com\\\/wp-content\\\/uploads\\\/2017\\\/02\\\/logo.png\",\"contentUrl\":\"http:\\\/\\\/sambeat.com\\\/wp-content\\\/uploads\\\/2017\\\/02\\\/logo.png\",\"width\":320,\"height\":106,\"caption\":\"Sambeat\"},\"image\":{\"@id\":\"https:\\\/\\\/sambeat.com\\\/#\\\/schema\\\/logo\\\/image\\\/\"}}]}<\/script>\n<!-- \/ Yoast SEO plugin. -->","yoast_head_json":{"title":"Patas decorativas hogar, en diferentes materiales y acabados - Sambeat","description":"Patas decorativas para hogar fijas y ajustables, rectas e inclinadas para el hogar; en diferentes materiales: aluminio, pl\u00e1stico o madera.","robots":{"index":"index","follow":"follow","max-snippet":"max-snippet:-1","max-image-preview":"max-image-preview:large","max-video-preview":"max-video-preview:-1"},"canonical":"https:\/\/sambeat.com\/en\/products\/solutions\/home\/legs\/","og_locale":"en_US","og_type":"article","og_title":"Patas decorativas hogar, en diferentes materiales y acabados - Sambeat","og_description":"Patas decorativas para hogar fijas y ajustables, rectas e inclinadas para el hogar; en diferentes materiales: aluminio, pl\u00e1stico o madera.","og_url":"https:\/\/sambeat.com\/en\/products\/solutions\/home\/legs\/","og_site_name":"Sambeat","article_modified_time":"2019-03-14T10:27:02+00:00","og_image":[{"url":"http:\/\/sambeat.com\/wp-content\/uploads\/2017\/03\/hogar-1-224x300.jpg","type":"","width":"","height":""}],"twitter_card":"summary_large_image","twitter_misc":{"Est. reading time":"1 minute"},"schema":{"@context":"https:\/\/schema.org","@graph":[{"@type":"WebPage","@id":"https:\/\/sambeat.com\/en\/products\/solutions\/home\/legs\/","url":"https:\/\/sambeat.com\/en\/products\/solutions\/home\/legs\/","name":"Patas decorativas hogar, en diferentes materiales y acabados - Sambeat","isPartOf":{"@id":"https:\/\/sambeat.com\/#website"},"primaryImageOfPage":{"@id":"https:\/\/sambeat.com\/en\/products\/solutions\/home\/legs\/#primaryimage"},"image":{"@id":"https:\/\/sambeat.com\/en\/products\/solutions\/home\/legs\/#primaryimage"},"thumbnailUrl":"http:\/\/sambeat.com\/wp-content\/uploads\/2017\/03\/hogar-1-224x300.jpg","datePublished":"2017-04-21T10:25:55+00:00","dateModified":"2019-03-14T10:27:02+00:00","description":"Patas decorativas para hogar fijas y ajustables, rectas e inclinadas para el hogar; en diferentes materiales: aluminio, pl\u00e1stico o madera.","breadcrumb":{"@id":"https:\/\/sambeat.com\/en\/products\/solutions\/home\/legs\/#breadcrumb"},"inLanguage":"en-US","potentialAction":[{"@type":"ReadAction","target":["https:\/\/sambeat.com\/en\/products\/solutions\/home\/legs\/"]}]},{"@type":"ImageObject","inLanguage":"en-US","@id":"https:\/\/sambeat.com\/en\/products\/solutions\/home\/legs\/#primaryimage","url":"http:\/\/sambeat.com\/wp-content\/uploads\/2017\/03\/hogar-1-224x300.jpg","contentUrl":"http:\/\/sambeat.com\/wp-content\/uploads\/2017\/03\/hogar-1-224x300.jpg"},{"@type":"BreadcrumbList","@id":"https:\/\/sambeat.com\/en\/products\/solutions\/home\/legs\/#breadcrumb","itemListElement":[{"@type":"ListItem","position":1,"name":"Inicio","item":"https:\/\/sambeat.com\/en\/"},{"@type":"ListItem","position":2,"name":"PRODUCTS","item":"https:\/\/sambeat.com\/en\/products\/"},{"@type":"ListItem","position":3,"name":"SOLUTIONS","item":"https:\/\/sambeat.com\/en\/products\/solutions\/"},{"@type":"ListItem","position":4,"name":"HOME","item":"https:\/\/sambeat.com\/en\/products\/solutions\/home\/"},{"@type":"ListItem","position":5,"name":"HOME LEGS"}]},{"@type":"WebSite","@id":"https:\/\/sambeat.com\/#website","url":"https:\/\/sambeat.com\/","name":"Sambeat","description":"Manufacturing solutions","publisher":{"@id":"https:\/\/sambeat.com\/#organization"},"potentialAction":[{"@type":"SearchAction","target":{"@type":"EntryPoint","urlTemplate":"https:\/\/sambeat.com\/?s={search_term_string}"},"query-input":{"@type":"PropertyValueSpecification","valueRequired":true,"valueName":"search_term_string"}}],"inLanguage":"en-US"},{"@type":"Organization","@id":"https:\/\/sambeat.com\/#organization","name":"Sambeat","url":"https:\/\/sambeat.com\/","logo":{"@type":"ImageObject","inLanguage":"en-US","@id":"https:\/\/sambeat.com\/#\/schema\/logo\/image\/","url":"http:\/\/sambeat.com\/wp-content\/uploads\/2017\/02\/logo.png","contentUrl":"http:\/\/sambeat.com\/wp-content\/uploads\/2017\/02\/logo.png","width":320,"height":106,"caption":"Sambeat"},"image":{"@id":"https:\/\/sambeat.com\/#\/schema\/logo\/image\/"}}]}},"_links":{"self":[{"href":"https:\/\/sambeat.com\/en\/wp-json\/wp\/v2\/pages\/559","targetHints":{"allow":["GET"]}}],"collection":[{"href":"https:\/\/sambeat.com\/en\/wp-json\/wp\/v2\/pages"}],"about":[{"href":"https:\/\/sambeat.com\/en\/wp-json\/wp\/v2\/types\/page"}],"author":[{"embeddable":true,"href":"https:\/\/sambeat.com\/en\/wp-json\/wp\/v2\/users\/1"}],"replies":[{"embeddable":true,"href":"https:\/\/sambeat.com\/en\/wp-json\/wp\/v2\/comments?post=559"}],"version-history":[{"count":5,"href":"https:\/\/sambeat.com\/en\/wp-json\/wp\/v2\/pages\/559\/revisions"}],"predecessor-version":[{"id":2947,"href":"https:\/\/sambeat.com\/en\/wp-json\/wp\/v2\/pages\/559\/revisions\/2947"}],"up":[{"embeddable":true,"href":"https:\/\/sambeat.com\/en\/wp-json\/wp\/v2\/pages\/586"}],"wp:attachment":[{"href":"https:\/\/sambeat.com\/en\/wp-json\/wp\/v2\/media?parent=559"}],"curies":[{"name":"wp","href":"https:\/\/api.w.org\/{rel}","templated":true}]}}