{"id":560,"date":"2017-04-21T10:25:41","date_gmt":"2017-04-21T10:25:41","guid":{"rendered":"http:\/\/sambeat.com\/sistemas-modulares-bano\/"},"modified":"2019-03-14T14:54:42","modified_gmt":"2019-03-14T14:54:42","slug":"modular-systems","status":"publish","type":"page","link":"https:\/\/sambeat.com\/en\/products\/solutions\/bathroom\/modular-systems\/","title":{"rendered":"MODULAR SYSTEMS"},"content":{"rendered":"<div style=\"width: 70%; margin: auto; margin-bottom: 10%;\">\n<h2 style=\"text-align: left;\">Sistemas modulares para ba\u00f1o.<\/h2>\n<p style=\"text-align: left; padding-left: 30px;\">Selecci\u00f3n de nuestros sistemas modulares para ba\u00f1o. Podr\u00e1s encontrarlos en diferentes acabados: lisos, brillo y mate.<\/p>\n<h4><img loading=\"lazy\" decoding=\"async\" class=\"wp-image-94 size-medium alignright\" style=\"margin-left: 2%;\" src=\"http:\/\/sambeat.com\/wp-content\/uploads\/2017\/03\/ban\u0303o-224x300.png\" alt=\"Sistemas modulares para ba\u00f1o\" width=\"224\" height=\"300\" srcset=\"https:\/\/sambeat.com\/wp-content\/uploads\/2017\/03\/ban\u0303o-224x300.png 224w, https:\/\/sambeat.com\/wp-content\/uploads\/2017\/03\/ban\u0303o-109x146.png 109w, https:\/\/sambeat.com\/wp-content\/uploads\/2017\/03\/ban\u0303o-37x50.png 37w, https:\/\/sambeat.com\/wp-content\/uploads\/2017\/03\/ban\u0303o-56x75.png 56w, https:\/\/sambeat.com\/wp-content\/uploads\/2017\/03\/ban\u0303o.png 298w\" sizes=\"auto, (max-width: 224px) 100vw, 224px\" \/>Modularizaci\u00f3n del dise\u00f1o del espacio.<\/h4>\n<p style=\"padding-left: 30px;\">Dise\u00f1ar en una visi\u00f3n modular en donde cada secci\u00f3n puede ser un ente independiente del resto ha hecho que el dise\u00f1o de espacios se simplifique y al mismo tiempo multiplique sus posibilidades. Estos sistemas permiten variaciones en base a un mismo modelo, en donde se le aplican diferente m\u00f3dulos consiguiendo similares posibilidades est\u00e9ticas. Esto crea variaciones est\u00e9ticas de forma mucho mas econ\u00f3mica sin sacrificar el espacio o el dise\u00f1o<\/p>\n<p class=\"p1\" style=\"padding-left: 30px;\">\n<\/div>\n","protected":false},"excerpt":{"rendered":"<p>Sistemas modulares para ba\u00f1o. Selecci\u00f3n de nuestros sistemas modulares para ba\u00f1o. Podr\u00e1s encontrarlos en diferentes acabados: lisos, brillo y mate. Modularizaci\u00f3n del dise\u00f1o del espacio. Dise\u00f1ar en una visi\u00f3n modular en donde cada secci\u00f3n puede ser un ente independiente del resto ha hecho que el dise\u00f1o de espacios se simplifique y al mismo tiempo multiplique sus posibilidades. Estos sistemas permiten variaciones en base a un mismo modelo, en donde se le aplican diferente m\u00f3dulos consiguiendo similares posibilidades est\u00e9ticas. Esto crea variaciones est\u00e9ticas de forma mucho mas econ\u00f3mica sin sacrificar el<span class=\"excerpt-hellip\"> [\u2026]<\/span><\/p>\n","protected":false},"author":1,"featured_media":0,"parent":587,"menu_order":0,"comment_status":"closed","ping_status":"closed","template":"","meta":{"_exactmetrics_skip_tracking":false,"_exactmetrics_sitenote_active":false,"_exactmetrics_sitenote_note":"","_exactmetrics_sitenote_category":0,"footnotes":""},"class_list":["post-560","page","type-page","status-publish","hentry"],"yoast_head":"<!-- This site is optimized with the Yoast SEO plugin v27.4 - https:\/\/yoast.com\/product\/yoast-seo-wordpress\/ -->\n<title>Sistemas modulares para ba\u00f1o y sanitario - Sambeat<\/title>\n<meta name=\"description\" content=\"Sistemas modulares para ba\u00f1o y aseo en donde encontraras distintos estilos, acabados y materiales para tu mobiliario de ba\u00f1o.\" \/>\n<meta name=\"robots\" content=\"index, follow, max-snippet:-1, max-image-preview:large, max-video-preview:-1\" \/>\n<link rel=\"canonical\" href=\"https:\/\/sambeat.com\/en\/products\/solutions\/bathroom\/modular-systems\/\" \/>\n<meta property=\"og:locale\" content=\"en_US\" \/>\n<meta property=\"og:type\" content=\"article\" \/>\n<meta property=\"og:title\" content=\"Sistemas modulares para ba\u00f1o y sanitario - Sambeat\" \/>\n<meta property=\"og:description\" content=\"Sistemas modulares para ba\u00f1o y aseo en donde encontraras distintos estilos, acabados y materiales para tu mobiliario de ba\u00f1o.\" \/>\n<meta property=\"og:url\" content=\"https:\/\/sambeat.com\/en\/products\/solutions\/bathroom\/modular-systems\/\" \/>\n<meta property=\"og:site_name\" content=\"Sambeat\" \/>\n<meta property=\"article:modified_time\" content=\"2019-03-14T14:54:42+00:00\" \/>\n<meta property=\"og:image\" content=\"http:\/\/sambeat.com\/wp-content\/uploads\/2017\/03\/ban\u0303o-224x300.png\" \/>\n<meta name=\"twitter:card\" content=\"summary_large_image\" \/>\n<meta name=\"twitter:label1\" content=\"Est. reading time\" \/>\n\t<meta name=\"twitter:data1\" content=\"1 minute\" \/>\n<script type=\"application\/ld+json\" class=\"yoast-schema-graph\">{\"@context\":\"https:\\\/\\\/schema.org\",\"@graph\":[{\"@type\":\"WebPage\",\"@id\":\"https:\\\/\\\/sambeat.com\\\/en\\\/products\\\/solutions\\\/bathroom\\\/modular-systems\\\/\",\"url\":\"https:\\\/\\\/sambeat.com\\\/en\\\/products\\\/solutions\\\/bathroom\\\/modular-systems\\\/\",\"name\":\"Sistemas modulares para ba\u00f1o y sanitario - Sambeat\",\"isPartOf\":{\"@id\":\"https:\\\/\\\/sambeat.com\\\/#website\"},\"datePublished\":\"2017-04-21T10:25:41+00:00\",\"dateModified\":\"2019-03-14T14:54:42+00:00\",\"description\":\"Sistemas modulares para ba\u00f1o y aseo en donde encontraras distintos estilos, acabados y materiales para tu mobiliario de ba\u00f1o.\",\"breadcrumb\":{\"@id\":\"https:\\\/\\\/sambeat.com\\\/en\\\/products\\\/solutions\\\/bathroom\\\/modular-systems\\\/#breadcrumb\"},\"inLanguage\":\"en-US\",\"potentialAction\":[{\"@type\":\"ReadAction\",\"target\":[\"https:\\\/\\\/sambeat.com\\\/en\\\/products\\\/solutions\\\/bathroom\\\/modular-systems\\\/\"]}]},{\"@type\":\"BreadcrumbList\",\"@id\":\"https:\\\/\\\/sambeat.com\\\/en\\\/products\\\/solutions\\\/bathroom\\\/modular-systems\\\/#breadcrumb\",\"itemListElement\":[{\"@type\":\"ListItem\",\"position\":1,\"name\":\"Inicio\",\"item\":\"https:\\\/\\\/sambeat.com\\\/en\\\/\"},{\"@type\":\"ListItem\",\"position\":2,\"name\":\"PRODUCTS\",\"item\":\"https:\\\/\\\/sambeat.com\\\/en\\\/products\\\/\"},{\"@type\":\"ListItem\",\"position\":3,\"name\":\"SOLUTIONS\",\"item\":\"https:\\\/\\\/sambeat.com\\\/en\\\/products\\\/solutions\\\/\"},{\"@type\":\"ListItem\",\"position\":4,\"name\":\"BATHROOM\",\"item\":\"https:\\\/\\\/sambeat.com\\\/en\\\/products\\\/solutions\\\/bathroom\\\/\"},{\"@type\":\"ListItem\",\"position\":5,\"name\":\"MODULAR SYSTEMS\"}]},{\"@type\":\"WebSite\",\"@id\":\"https:\\\/\\\/sambeat.com\\\/#website\",\"url\":\"https:\\\/\\\/sambeat.com\\\/\",\"name\":\"Sambeat\",\"description\":\"Manufacturing solutions\",\"publisher\":{\"@id\":\"https:\\\/\\\/sambeat.com\\\/#organization\"},\"potentialAction\":[{\"@type\":\"SearchAction\",\"target\":{\"@type\":\"EntryPoint\",\"urlTemplate\":\"https:\\\/\\\/sambeat.com\\\/?s={search_term_string}\"},\"query-input\":{\"@type\":\"PropertyValueSpecification\",\"valueRequired\":true,\"valueName\":\"search_term_string\"}}],\"inLanguage\":\"en-US\"},{\"@type\":\"Organization\",\"@id\":\"https:\\\/\\\/sambeat.com\\\/#organization\",\"name\":\"Sambeat\",\"url\":\"https:\\\/\\\/sambeat.com\\\/\",\"logo\":{\"@type\":\"ImageObject\",\"inLanguage\":\"en-US\",\"@id\":\"https:\\\/\\\/sambeat.com\\\/#\\\/schema\\\/logo\\\/image\\\/\",\"url\":\"http:\\\/\\\/sambeat.com\\\/wp-content\\\/uploads\\\/2017\\\/02\\\/logo.png\",\"contentUrl\":\"http:\\\/\\\/sambeat.com\\\/wp-content\\\/uploads\\\/2017\\\/02\\\/logo.png\",\"width\":320,\"height\":106,\"caption\":\"Sambeat\"},\"image\":{\"@id\":\"https:\\\/\\\/sambeat.com\\\/#\\\/schema\\\/logo\\\/image\\\/\"}}]}<\/script>\n<!-- \/ Yoast SEO plugin. -->","yoast_head_json":{"title":"Sistemas modulares para ba\u00f1o y sanitario - Sambeat","description":"Sistemas modulares para ba\u00f1o y aseo en donde encontraras distintos estilos, acabados y materiales para tu mobiliario de ba\u00f1o.","robots":{"index":"index","follow":"follow","max-snippet":"max-snippet:-1","max-image-preview":"max-image-preview:large","max-video-preview":"max-video-preview:-1"},"canonical":"https:\/\/sambeat.com\/en\/products\/solutions\/bathroom\/modular-systems\/","og_locale":"en_US","og_type":"article","og_title":"Sistemas modulares para ba\u00f1o y sanitario - Sambeat","og_description":"Sistemas modulares para ba\u00f1o y aseo en donde encontraras distintos estilos, acabados y materiales para tu mobiliario de ba\u00f1o.","og_url":"https:\/\/sambeat.com\/en\/products\/solutions\/bathroom\/modular-systems\/","og_site_name":"Sambeat","article_modified_time":"2019-03-14T14:54:42+00:00","og_image":[{"url":"http:\/\/sambeat.com\/wp-content\/uploads\/2017\/03\/ban\u0303o-224x300.png","type":"","width":"","height":""}],"twitter_card":"summary_large_image","twitter_misc":{"Est. reading time":"1 minute"},"schema":{"@context":"https:\/\/schema.org","@graph":[{"@type":"WebPage","@id":"https:\/\/sambeat.com\/en\/products\/solutions\/bathroom\/modular-systems\/","url":"https:\/\/sambeat.com\/en\/products\/solutions\/bathroom\/modular-systems\/","name":"Sistemas modulares para ba\u00f1o y sanitario - Sambeat","isPartOf":{"@id":"https:\/\/sambeat.com\/#website"},"datePublished":"2017-04-21T10:25:41+00:00","dateModified":"2019-03-14T14:54:42+00:00","description":"Sistemas modulares para ba\u00f1o y aseo en donde encontraras distintos estilos, acabados y materiales para tu mobiliario de ba\u00f1o.","breadcrumb":{"@id":"https:\/\/sambeat.com\/en\/products\/solutions\/bathroom\/modular-systems\/#breadcrumb"},"inLanguage":"en-US","potentialAction":[{"@type":"ReadAction","target":["https:\/\/sambeat.com\/en\/products\/solutions\/bathroom\/modular-systems\/"]}]},{"@type":"BreadcrumbList","@id":"https:\/\/sambeat.com\/en\/products\/solutions\/bathroom\/modular-systems\/#breadcrumb","itemListElement":[{"@type":"ListItem","position":1,"name":"Inicio","item":"https:\/\/sambeat.com\/en\/"},{"@type":"ListItem","position":2,"name":"PRODUCTS","item":"https:\/\/sambeat.com\/en\/products\/"},{"@type":"ListItem","position":3,"name":"SOLUTIONS","item":"https:\/\/sambeat.com\/en\/products\/solutions\/"},{"@type":"ListItem","position":4,"name":"BATHROOM","item":"https:\/\/sambeat.com\/en\/products\/solutions\/bathroom\/"},{"@type":"ListItem","position":5,"name":"MODULAR SYSTEMS"}]},{"@type":"WebSite","@id":"https:\/\/sambeat.com\/#website","url":"https:\/\/sambeat.com\/","name":"Sambeat","description":"Manufacturing solutions","publisher":{"@id":"https:\/\/sambeat.com\/#organization"},"potentialAction":[{"@type":"SearchAction","target":{"@type":"EntryPoint","urlTemplate":"https:\/\/sambeat.com\/?s={search_term_string}"},"query-input":{"@type":"PropertyValueSpecification","valueRequired":true,"valueName":"search_term_string"}}],"inLanguage":"en-US"},{"@type":"Organization","@id":"https:\/\/sambeat.com\/#organization","name":"Sambeat","url":"https:\/\/sambeat.com\/","logo":{"@type":"ImageObject","inLanguage":"en-US","@id":"https:\/\/sambeat.com\/#\/schema\/logo\/image\/","url":"http:\/\/sambeat.com\/wp-content\/uploads\/2017\/02\/logo.png","contentUrl":"http:\/\/sambeat.com\/wp-content\/uploads\/2017\/02\/logo.png","width":320,"height":106,"caption":"Sambeat"},"image":{"@id":"https:\/\/sambeat.com\/#\/schema\/logo\/image\/"}}]}},"_links":{"self":[{"href":"https:\/\/sambeat.com\/en\/wp-json\/wp\/v2\/pages\/560","targetHints":{"allow":["GET"]}}],"collection":[{"href":"https:\/\/sambeat.com\/en\/wp-json\/wp\/v2\/pages"}],"about":[{"href":"https:\/\/sambeat.com\/en\/wp-json\/wp\/v2\/types\/page"}],"author":[{"embeddable":true,"href":"https:\/\/sambeat.com\/en\/wp-json\/wp\/v2\/users\/1"}],"replies":[{"embeddable":true,"href":"https:\/\/sambeat.com\/en\/wp-json\/wp\/v2\/comments?post=560"}],"version-history":[{"count":4,"href":"https:\/\/sambeat.com\/en\/wp-json\/wp\/v2\/pages\/560\/revisions"}],"predecessor-version":[{"id":2990,"href":"https:\/\/sambeat.com\/en\/wp-json\/wp\/v2\/pages\/560\/revisions\/2990"}],"up":[{"embeddable":true,"href":"https:\/\/sambeat.com\/en\/wp-json\/wp\/v2\/pages\/587"}],"wp:attachment":[{"href":"https:\/\/sambeat.com\/en\/wp-json\/wp\/v2\/media?parent=560"}],"curies":[{"name":"wp","href":"https:\/\/api.w.org\/{rel}","templated":true}]}}