{"id":561,"date":"2017-04-21T10:25:28","date_gmt":"2017-04-21T10:25:28","guid":{"rendered":"http:\/\/sambeat.com\/accesorios-bano\/"},"modified":"2019-03-14T11:59:18","modified_gmt":"2019-03-14T11:59:18","slug":"accesories","status":"publish","type":"page","link":"https:\/\/sambeat.com\/en\/products\/solutions\/bathroom\/accesories\/","title":{"rendered":"ACCESORIES"},"content":{"rendered":"<div style=\"width: 70%; margin: auto; margin-bottom: 10%;\">\n<h2 style=\"text-align: left;\">Accesorios y productos para mobiliario de ba\u00f1o.<\/h2>\n<p><img loading=\"lazy\" decoding=\"async\" class=\"alignright wp-image-453 size-medium\" style=\"margin-left: 2%;\" src=\"http:\/\/sambeat.com\/wp-content\/uploads\/2017\/04\/SALVASIFON-300x223.jpg\" alt=\"Accesorios y productos para mobiliario de ba\u00f1o\" width=\"300\" height=\"223\" srcset=\"https:\/\/sambeat.com\/wp-content\/uploads\/2017\/04\/SALVASIFON-300x223.jpg 300w, https:\/\/sambeat.com\/wp-content\/uploads\/2017\/04\/SALVASIFON-197x146.jpg 197w, https:\/\/sambeat.com\/wp-content\/uploads\/2017\/04\/SALVASIFON-50x37.jpg 50w, https:\/\/sambeat.com\/wp-content\/uploads\/2017\/04\/SALVASIFON-101x75.jpg 101w, https:\/\/sambeat.com\/wp-content\/uploads\/2017\/04\/SALVASIFON.jpg 450w\" sizes=\"auto, (max-width: 300px) 100vw, 300px\" \/><\/p>\n<p style=\"text-align: left; padding-left: 30px;\">Selecci\u00f3n de nuestros accesorios y productos para mobiliario de ba\u00f1o, una gama amplia de apliques para el entorno del ba\u00f1o, armarios patas y perfiler\u00eda, en distintos materiales y acabados.<\/p>\n<div class=\"button_align align_center\"><a class=\"button  button_size_4 button_js\" href=\"http:\/\/sambeat.com\/wp-content\/uploads\/2019\/02\/ACCESORIOS-BA\u00d1O.pdf\" target=\"_blank\"    ><span class=\"button_label\">FAMILY PRODUCT CATALOGUE<\/span><\/a><\/div>\n\n<p style=\"padding-left: 30px;\">\n<\/div>\n","protected":false},"excerpt":{"rendered":"<p>Accesorios y productos para mobiliario de ba\u00f1o. Selecci\u00f3n de nuestros accesorios y productos para mobiliario de ba\u00f1o, una gama amplia de apliques para el entorno del ba\u00f1o, armarios patas y perfiler\u00eda, en distintos materiales y acabados.<\/p>\n","protected":false},"author":1,"featured_media":0,"parent":587,"menu_order":0,"comment_status":"closed","ping_status":"closed","template":"","meta":{"_exactmetrics_skip_tracking":false,"_exactmetrics_sitenote_active":false,"_exactmetrics_sitenote_note":"","_exactmetrics_sitenote_category":0,"footnotes":""},"class_list":["post-561","page","type-page","status-publish","hentry"],"yoast_head":"<!-- This site is optimized with the Yoast SEO plugin v27.4 - https:\/\/yoast.com\/product\/yoast-seo-wordpress\/ -->\n<title>Accesorios y productos para mobiliario de ba\u00f1o - Sambeat<\/title>\n<meta name=\"description\" content=\"Accesorios y productos para mobiliario de ba\u00f1o refuerzos, cajones internos, cubetas, organizadores y salbasifones de pl\u00e1stico.\" \/>\n<meta name=\"robots\" content=\"index, follow, max-snippet:-1, max-image-preview:large, max-video-preview:-1\" \/>\n<link rel=\"canonical\" href=\"https:\/\/sambeat.com\/en\/products\/solutions\/bathroom\/accesories\/\" \/>\n<meta property=\"og:locale\" content=\"en_US\" \/>\n<meta property=\"og:type\" content=\"article\" \/>\n<meta property=\"og:title\" content=\"Accesorios y productos para mobiliario de ba\u00f1o - Sambeat\" \/>\n<meta property=\"og:description\" content=\"Accesorios y productos para mobiliario de ba\u00f1o refuerzos, cajones internos, cubetas, organizadores y salbasifones de pl\u00e1stico.\" \/>\n<meta property=\"og:url\" content=\"https:\/\/sambeat.com\/en\/products\/solutions\/bathroom\/accesories\/\" \/>\n<meta property=\"og:site_name\" content=\"Sambeat\" \/>\n<meta property=\"article:modified_time\" content=\"2019-03-14T11:59:18+00:00\" \/>\n<meta property=\"og:image\" content=\"http:\/\/sambeat.com\/wp-content\/uploads\/2017\/04\/SALVASIFON-300x223.jpg\" \/>\n<meta name=\"twitter:card\" content=\"summary_large_image\" \/>\n<script type=\"application\/ld+json\" class=\"yoast-schema-graph\">{\"@context\":\"https:\\\/\\\/schema.org\",\"@graph\":[{\"@type\":\"WebPage\",\"@id\":\"https:\\\/\\\/sambeat.com\\\/en\\\/products\\\/solutions\\\/bathroom\\\/accesories\\\/\",\"url\":\"https:\\\/\\\/sambeat.com\\\/en\\\/products\\\/solutions\\\/bathroom\\\/accesories\\\/\",\"name\":\"Accesorios y productos para mobiliario de ba\u00f1o - Sambeat\",\"isPartOf\":{\"@id\":\"https:\\\/\\\/sambeat.com\\\/#website\"},\"primaryImageOfPage\":{\"@id\":\"https:\\\/\\\/sambeat.com\\\/en\\\/products\\\/solutions\\\/bathroom\\\/accesories\\\/#primaryimage\"},\"image\":{\"@id\":\"https:\\\/\\\/sambeat.com\\\/en\\\/products\\\/solutions\\\/bathroom\\\/accesories\\\/#primaryimage\"},\"thumbnailUrl\":\"http:\\\/\\\/sambeat.com\\\/wp-content\\\/uploads\\\/2017\\\/04\\\/SALVASIFON-300x223.jpg\",\"datePublished\":\"2017-04-21T10:25:28+00:00\",\"dateModified\":\"2019-03-14T11:59:18+00:00\",\"description\":\"Accesorios y productos para mobiliario de ba\u00f1o refuerzos, cajones internos, cubetas, organizadores y salbasifones de pl\u00e1stico.\",\"breadcrumb\":{\"@id\":\"https:\\\/\\\/sambeat.com\\\/en\\\/products\\\/solutions\\\/bathroom\\\/accesories\\\/#breadcrumb\"},\"inLanguage\":\"en-US\",\"potentialAction\":[{\"@type\":\"ReadAction\",\"target\":[\"https:\\\/\\\/sambeat.com\\\/en\\\/products\\\/solutions\\\/bathroom\\\/accesories\\\/\"]}]},{\"@type\":\"ImageObject\",\"inLanguage\":\"en-US\",\"@id\":\"https:\\\/\\\/sambeat.com\\\/en\\\/products\\\/solutions\\\/bathroom\\\/accesories\\\/#primaryimage\",\"url\":\"http:\\\/\\\/sambeat.com\\\/wp-content\\\/uploads\\\/2017\\\/04\\\/SALVASIFON-300x223.jpg\",\"contentUrl\":\"http:\\\/\\\/sambeat.com\\\/wp-content\\\/uploads\\\/2017\\\/04\\\/SALVASIFON-300x223.jpg\"},{\"@type\":\"BreadcrumbList\",\"@id\":\"https:\\\/\\\/sambeat.com\\\/en\\\/products\\\/solutions\\\/bathroom\\\/accesories\\\/#breadcrumb\",\"itemListElement\":[{\"@type\":\"ListItem\",\"position\":1,\"name\":\"Inicio\",\"item\":\"https:\\\/\\\/sambeat.com\\\/en\\\/\"},{\"@type\":\"ListItem\",\"position\":2,\"name\":\"PRODUCTS\",\"item\":\"https:\\\/\\\/sambeat.com\\\/en\\\/products\\\/\"},{\"@type\":\"ListItem\",\"position\":3,\"name\":\"SOLUTIONS\",\"item\":\"https:\\\/\\\/sambeat.com\\\/en\\\/products\\\/solutions\\\/\"},{\"@type\":\"ListItem\",\"position\":4,\"name\":\"BATHROOM\",\"item\":\"https:\\\/\\\/sambeat.com\\\/en\\\/products\\\/solutions\\\/bathroom\\\/\"},{\"@type\":\"ListItem\",\"position\":5,\"name\":\"ACCESORIES\"}]},{\"@type\":\"WebSite\",\"@id\":\"https:\\\/\\\/sambeat.com\\\/#website\",\"url\":\"https:\\\/\\\/sambeat.com\\\/\",\"name\":\"Sambeat\",\"description\":\"Manufacturing solutions\",\"publisher\":{\"@id\":\"https:\\\/\\\/sambeat.com\\\/#organization\"},\"potentialAction\":[{\"@type\":\"SearchAction\",\"target\":{\"@type\":\"EntryPoint\",\"urlTemplate\":\"https:\\\/\\\/sambeat.com\\\/?s={search_term_string}\"},\"query-input\":{\"@type\":\"PropertyValueSpecification\",\"valueRequired\":true,\"valueName\":\"search_term_string\"}}],\"inLanguage\":\"en-US\"},{\"@type\":\"Organization\",\"@id\":\"https:\\\/\\\/sambeat.com\\\/#organization\",\"name\":\"Sambeat\",\"url\":\"https:\\\/\\\/sambeat.com\\\/\",\"logo\":{\"@type\":\"ImageObject\",\"inLanguage\":\"en-US\",\"@id\":\"https:\\\/\\\/sambeat.com\\\/#\\\/schema\\\/logo\\\/image\\\/\",\"url\":\"http:\\\/\\\/sambeat.com\\\/wp-content\\\/uploads\\\/2017\\\/02\\\/logo.png\",\"contentUrl\":\"http:\\\/\\\/sambeat.com\\\/wp-content\\\/uploads\\\/2017\\\/02\\\/logo.png\",\"width\":320,\"height\":106,\"caption\":\"Sambeat\"},\"image\":{\"@id\":\"https:\\\/\\\/sambeat.com\\\/#\\\/schema\\\/logo\\\/image\\\/\"}}]}<\/script>\n<!-- \/ Yoast SEO plugin. -->","yoast_head_json":{"title":"Accesorios y productos para mobiliario de ba\u00f1o - Sambeat","description":"Accesorios y productos para mobiliario de ba\u00f1o refuerzos, cajones internos, cubetas, organizadores y salbasifones de pl\u00e1stico.","robots":{"index":"index","follow":"follow","max-snippet":"max-snippet:-1","max-image-preview":"max-image-preview:large","max-video-preview":"max-video-preview:-1"},"canonical":"https:\/\/sambeat.com\/en\/products\/solutions\/bathroom\/accesories\/","og_locale":"en_US","og_type":"article","og_title":"Accesorios y productos para mobiliario de ba\u00f1o - Sambeat","og_description":"Accesorios y productos para mobiliario de ba\u00f1o refuerzos, cajones internos, cubetas, organizadores y salbasifones de pl\u00e1stico.","og_url":"https:\/\/sambeat.com\/en\/products\/solutions\/bathroom\/accesories\/","og_site_name":"Sambeat","article_modified_time":"2019-03-14T11:59:18+00:00","og_image":[{"url":"http:\/\/sambeat.com\/wp-content\/uploads\/2017\/04\/SALVASIFON-300x223.jpg","type":"","width":"","height":""}],"twitter_card":"summary_large_image","schema":{"@context":"https:\/\/schema.org","@graph":[{"@type":"WebPage","@id":"https:\/\/sambeat.com\/en\/products\/solutions\/bathroom\/accesories\/","url":"https:\/\/sambeat.com\/en\/products\/solutions\/bathroom\/accesories\/","name":"Accesorios y productos para mobiliario de ba\u00f1o - Sambeat","isPartOf":{"@id":"https:\/\/sambeat.com\/#website"},"primaryImageOfPage":{"@id":"https:\/\/sambeat.com\/en\/products\/solutions\/bathroom\/accesories\/#primaryimage"},"image":{"@id":"https:\/\/sambeat.com\/en\/products\/solutions\/bathroom\/accesories\/#primaryimage"},"thumbnailUrl":"http:\/\/sambeat.com\/wp-content\/uploads\/2017\/04\/SALVASIFON-300x223.jpg","datePublished":"2017-04-21T10:25:28+00:00","dateModified":"2019-03-14T11:59:18+00:00","description":"Accesorios y productos para mobiliario de ba\u00f1o refuerzos, cajones internos, cubetas, organizadores y salbasifones de pl\u00e1stico.","breadcrumb":{"@id":"https:\/\/sambeat.com\/en\/products\/solutions\/bathroom\/accesories\/#breadcrumb"},"inLanguage":"en-US","potentialAction":[{"@type":"ReadAction","target":["https:\/\/sambeat.com\/en\/products\/solutions\/bathroom\/accesories\/"]}]},{"@type":"ImageObject","inLanguage":"en-US","@id":"https:\/\/sambeat.com\/en\/products\/solutions\/bathroom\/accesories\/#primaryimage","url":"http:\/\/sambeat.com\/wp-content\/uploads\/2017\/04\/SALVASIFON-300x223.jpg","contentUrl":"http:\/\/sambeat.com\/wp-content\/uploads\/2017\/04\/SALVASIFON-300x223.jpg"},{"@type":"BreadcrumbList","@id":"https:\/\/sambeat.com\/en\/products\/solutions\/bathroom\/accesories\/#breadcrumb","itemListElement":[{"@type":"ListItem","position":1,"name":"Inicio","item":"https:\/\/sambeat.com\/en\/"},{"@type":"ListItem","position":2,"name":"PRODUCTS","item":"https:\/\/sambeat.com\/en\/products\/"},{"@type":"ListItem","position":3,"name":"SOLUTIONS","item":"https:\/\/sambeat.com\/en\/products\/solutions\/"},{"@type":"ListItem","position":4,"name":"BATHROOM","item":"https:\/\/sambeat.com\/en\/products\/solutions\/bathroom\/"},{"@type":"ListItem","position":5,"name":"ACCESORIES"}]},{"@type":"WebSite","@id":"https:\/\/sambeat.com\/#website","url":"https:\/\/sambeat.com\/","name":"Sambeat","description":"Manufacturing solutions","publisher":{"@id":"https:\/\/sambeat.com\/#organization"},"potentialAction":[{"@type":"SearchAction","target":{"@type":"EntryPoint","urlTemplate":"https:\/\/sambeat.com\/?s={search_term_string}"},"query-input":{"@type":"PropertyValueSpecification","valueRequired":true,"valueName":"search_term_string"}}],"inLanguage":"en-US"},{"@type":"Organization","@id":"https:\/\/sambeat.com\/#organization","name":"Sambeat","url":"https:\/\/sambeat.com\/","logo":{"@type":"ImageObject","inLanguage":"en-US","@id":"https:\/\/sambeat.com\/#\/schema\/logo\/image\/","url":"http:\/\/sambeat.com\/wp-content\/uploads\/2017\/02\/logo.png","contentUrl":"http:\/\/sambeat.com\/wp-content\/uploads\/2017\/02\/logo.png","width":320,"height":106,"caption":"Sambeat"},"image":{"@id":"https:\/\/sambeat.com\/#\/schema\/logo\/image\/"}}]}},"_links":{"self":[{"href":"https:\/\/sambeat.com\/en\/wp-json\/wp\/v2\/pages\/561","targetHints":{"allow":["GET"]}}],"collection":[{"href":"https:\/\/sambeat.com\/en\/wp-json\/wp\/v2\/pages"}],"about":[{"href":"https:\/\/sambeat.com\/en\/wp-json\/wp\/v2\/types\/page"}],"author":[{"embeddable":true,"href":"https:\/\/sambeat.com\/en\/wp-json\/wp\/v2\/users\/1"}],"replies":[{"embeddable":true,"href":"https:\/\/sambeat.com\/en\/wp-json\/wp\/v2\/comments?post=561"}],"version-history":[{"count":6,"href":"https:\/\/sambeat.com\/en\/wp-json\/wp\/v2\/pages\/561\/revisions"}],"predecessor-version":[{"id":2971,"href":"https:\/\/sambeat.com\/en\/wp-json\/wp\/v2\/pages\/561\/revisions\/2971"}],"up":[{"embeddable":true,"href":"https:\/\/sambeat.com\/en\/wp-json\/wp\/v2\/pages\/587"}],"wp:attachment":[{"href":"https:\/\/sambeat.com\/en\/wp-json\/wp\/v2\/media?parent=561"}],"curies":[{"name":"wp","href":"https:\/\/api.w.org\/{rel}","templated":true}]}}