{"id":569,"date":"2017-04-21T10:20:16","date_gmt":"2017-04-21T10:20:16","guid":{"rendered":"http:\/\/sambeat.com\/patas-cocina\/"},"modified":"2019-03-14T10:04:37","modified_gmt":"2019-03-14T10:04:37","slug":"patas-cocina","status":"publish","type":"page","link":"https:\/\/sambeat.com\/en\/products\/solutions\/kitchen\/patas-cocina\/","title":{"rendered":"PATAS COCINA"},"content":{"rendered":"<div style=\"width: 70%; margin: auto; margin-bottom: 10%;\">\n<h2 style=\"text-align: left;\">Patas para Cocina.<\/h2>\n<p style=\"text-align: left; padding-left: 30px;\">Selecci\u00f3n de nuestras pata para cocina ideales para uso en cocina industrial y del hogar. Usadas para elevar el bajo de la cocina y de zonas de trabajo y evitar el contacto directo con el suelo, con lo que se consigue aislar el material de posibles incidentes como inundaciones o infestaciones. Disponibles diversos materiales, aluminio, plastico y madera; en acabados mate, brillo y liso. Ademas disponemos de patas inclinadas para muebles mas modernos y actuales.<\/p>\n<h4>Nuestros est\u00e1ndares de calidad en patas para cocina.<\/h4>\n<p>Todas nuestras productos cumplen con nuestros exigentes procesos de calidad.<\/p>\n<ul>\n<li>Ensayo de compresi\u00f3n y flexi\u00f3n (alzamiento lateral) realizado en AIMME.<\/li>\n<li>Soporte ABS en todos los modelos.<\/li>\n<li>Altas prestaciones mec\u00e1nicas. Mejor alzamiento lateral de muebles columna y f\u00e1cil regulaci\u00f3n con cargas elevadas.<\/li>\n<li>Tenemos patas de cocina, \u00a0patas plegables y patas de pl\u00e1stico regulable.<\/li>\n<\/ul>\n<div class=\"button_align align_center\"><a class=\"button  button_size_4 button_js\" href=\"http:\/\/sambeat.com\/wp-content\/uploads\/2019\/02\/PATAS.pdf\" target=\"_blank\"    ><span class=\"button_label\">FAMILY PRODUCT CATALOGUE<\/span><\/a><\/div>\n\n<h4>Patas para cocina, dise\u00f1o funcional.<\/h4>\n<p><img loading=\"lazy\" decoding=\"async\" class=\"alignright wp-image-124 size-medium\" style=\"margin-left: 2%;\" src=\"http:\/\/sambeat.com\/wp-content\/uploads\/2017\/03\/cocina-224x300.jpg\" alt=\"patas cocina\" width=\"224\" height=\"300\" srcset=\"https:\/\/sambeat.com\/wp-content\/uploads\/2017\/03\/cocina-224x300.jpg 224w, https:\/\/sambeat.com\/wp-content\/uploads\/2017\/03\/cocina-109x146.jpg 109w, https:\/\/sambeat.com\/wp-content\/uploads\/2017\/03\/cocina-37x50.jpg 37w, https:\/\/sambeat.com\/wp-content\/uploads\/2017\/03\/cocina-56x75.jpg 56w, https:\/\/sambeat.com\/wp-content\/uploads\/2017\/03\/cocina.jpg 298w\" sizes=\"auto, (max-width: 224px) 100vw, 224px\" \/><\/p>\n<p style=\"padding-left: 30px;\">Nuestras patas para cocina cumplen con los requisitos de calidad de Sambeat, sin dejar de lado el dise\u00f1o y la est\u00e9tica que pueden ofrecer los distintos materiales<\/p>\n<h4>Patas elevadoras, resistentes.<\/h4>\n<p style=\"padding-left: 30px;\">La amplia seleccion de patas niveladoras es sin duda la mejor opci\u00f3n para regular alturas de bancos y armarios de cocina. Disponemos de patas elevadoras ajustables y regulables. Mejoran el alzamiento lateral del mueble columna y son de f\u00e1cil regulaci\u00f3n para cargas elevadas.<\/p>\n<p style=\"padding-left: 30px;\">Nuestras patas elevadoras cuenta con soporte ABS para mejorar su estabilidad en todos los modelos. Ademas las pata elevadoras para cocina de Sambeat han sido probados por <a href=\"https:\/\/aimme.com\/es\/\">AIMME<\/a> en ensayos de compresi\u00f3n y alzamiento lateral. Con altas prestaciones mec\u00e1nicas<\/p>\n<p class=\"p1\" style=\"padding-left: 30px;\">\n<\/div>\n","protected":false},"excerpt":{"rendered":"<p>Patas para Cocina. Selecci\u00f3n de nuestras pata para cocina ideales para uso en cocina industrial y del hogar. Usadas para elevar el bajo de la cocina y de zonas de trabajo y evitar el contacto directo con el suelo, con lo que se consigue aislar el material de posibles incidentes como inundaciones o infestaciones. Disponibles diversos materiales, aluminio, plastico y madera; en acabados mate, brillo y liso. Ademas disponemos de patas inclinadas para muebles mas modernos y actuales. Nuestros est\u00e1ndares de calidad en patas para cocina. Todas nuestras productos cumplen<span class=\"excerpt-hellip\"> [\u2026]<\/span><\/p>\n","protected":false},"author":1,"featured_media":0,"parent":588,"menu_order":0,"comment_status":"closed","ping_status":"closed","template":"","meta":{"_exactmetrics_skip_tracking":false,"_exactmetrics_sitenote_active":false,"_exactmetrics_sitenote_note":"","_exactmetrics_sitenote_category":0,"footnotes":""},"class_list":["post-569","page","type-page","status-publish","hentry"],"yoast_head":"<!-- This site is optimized with the Yoast SEO plugin v27.4 - https:\/\/yoast.com\/product\/yoast-seo-wordpress\/ -->\n<title>Patas para cocina, sillas, mesas y armarios - Sambeat<\/title>\n<meta name=\"description\" content=\"Selecci\u00f3n de nuestras pata para cocina ideales para uso en cocina industrial y del hogar. Pata de aluminio madera o plastico con distintos acabados.\" \/>\n<meta name=\"robots\" content=\"index, follow, max-snippet:-1, max-image-preview:large, max-video-preview:-1\" \/>\n<link rel=\"canonical\" href=\"https:\/\/sambeat.com\/en\/products\/solutions\/kitchen\/patas-cocina\/\" \/>\n<meta property=\"og:locale\" content=\"en_US\" \/>\n<meta property=\"og:type\" content=\"article\" \/>\n<meta property=\"og:title\" content=\"Patas para cocina, sillas, mesas y armarios - Sambeat\" \/>\n<meta property=\"og:description\" content=\"Selecci\u00f3n de nuestras pata para cocina ideales para uso en cocina industrial y del hogar. Pata de aluminio madera o plastico con distintos acabados.\" \/>\n<meta property=\"og:url\" content=\"https:\/\/sambeat.com\/en\/products\/solutions\/kitchen\/patas-cocina\/\" \/>\n<meta property=\"og:site_name\" content=\"Sambeat\" \/>\n<meta property=\"article:modified_time\" content=\"2019-03-14T10:04:37+00:00\" \/>\n<meta property=\"og:image\" content=\"http:\/\/sambeat.com\/wp-content\/uploads\/2017\/03\/cocina-224x300.jpg\" \/>\n<meta name=\"twitter:card\" content=\"summary_large_image\" \/>\n<meta name=\"twitter:label1\" content=\"Est. reading time\" \/>\n\t<meta name=\"twitter:data1\" content=\"2 minutes\" \/>\n<script type=\"application\/ld+json\" class=\"yoast-schema-graph\">{\"@context\":\"https:\\\/\\\/schema.org\",\"@graph\":[{\"@type\":\"WebPage\",\"@id\":\"https:\\\/\\\/sambeat.com\\\/en\\\/products\\\/solutions\\\/kitchen\\\/patas-cocina\\\/\",\"url\":\"https:\\\/\\\/sambeat.com\\\/en\\\/products\\\/solutions\\\/kitchen\\\/patas-cocina\\\/\",\"name\":\"Patas para cocina, sillas, mesas y armarios - Sambeat\",\"isPartOf\":{\"@id\":\"https:\\\/\\\/sambeat.com\\\/#website\"},\"primaryImageOfPage\":{\"@id\":\"https:\\\/\\\/sambeat.com\\\/en\\\/products\\\/solutions\\\/kitchen\\\/patas-cocina\\\/#primaryimage\"},\"image\":{\"@id\":\"https:\\\/\\\/sambeat.com\\\/en\\\/products\\\/solutions\\\/kitchen\\\/patas-cocina\\\/#primaryimage\"},\"thumbnailUrl\":\"http:\\\/\\\/sambeat.com\\\/wp-content\\\/uploads\\\/2017\\\/03\\\/cocina-224x300.jpg\",\"datePublished\":\"2017-04-21T10:20:16+00:00\",\"dateModified\":\"2019-03-14T10:04:37+00:00\",\"description\":\"Selecci\u00f3n de nuestras pata para cocina ideales para uso en cocina industrial y del hogar. Pata de aluminio madera o plastico con distintos acabados.\",\"breadcrumb\":{\"@id\":\"https:\\\/\\\/sambeat.com\\\/en\\\/products\\\/solutions\\\/kitchen\\\/patas-cocina\\\/#breadcrumb\"},\"inLanguage\":\"en-US\",\"potentialAction\":[{\"@type\":\"ReadAction\",\"target\":[\"https:\\\/\\\/sambeat.com\\\/en\\\/products\\\/solutions\\\/kitchen\\\/patas-cocina\\\/\"]}]},{\"@type\":\"ImageObject\",\"inLanguage\":\"en-US\",\"@id\":\"https:\\\/\\\/sambeat.com\\\/en\\\/products\\\/solutions\\\/kitchen\\\/patas-cocina\\\/#primaryimage\",\"url\":\"http:\\\/\\\/sambeat.com\\\/wp-content\\\/uploads\\\/2017\\\/03\\\/cocina-224x300.jpg\",\"contentUrl\":\"http:\\\/\\\/sambeat.com\\\/wp-content\\\/uploads\\\/2017\\\/03\\\/cocina-224x300.jpg\"},{\"@type\":\"BreadcrumbList\",\"@id\":\"https:\\\/\\\/sambeat.com\\\/en\\\/products\\\/solutions\\\/kitchen\\\/patas-cocina\\\/#breadcrumb\",\"itemListElement\":[{\"@type\":\"ListItem\",\"position\":1,\"name\":\"Inicio\",\"item\":\"https:\\\/\\\/sambeat.com\\\/en\\\/\"},{\"@type\":\"ListItem\",\"position\":2,\"name\":\"PRODUCTS\",\"item\":\"https:\\\/\\\/sambeat.com\\\/en\\\/products\\\/\"},{\"@type\":\"ListItem\",\"position\":3,\"name\":\"SOLUTIONS\",\"item\":\"https:\\\/\\\/sambeat.com\\\/en\\\/products\\\/solutions\\\/\"},{\"@type\":\"ListItem\",\"position\":4,\"name\":\"KITCHEN\",\"item\":\"https:\\\/\\\/sambeat.com\\\/en\\\/products\\\/solutions\\\/kitchen\\\/\"},{\"@type\":\"ListItem\",\"position\":5,\"name\":\"PATAS COCINA\"}]},{\"@type\":\"WebSite\",\"@id\":\"https:\\\/\\\/sambeat.com\\\/#website\",\"url\":\"https:\\\/\\\/sambeat.com\\\/\",\"name\":\"Sambeat\",\"description\":\"Manufacturing solutions\",\"publisher\":{\"@id\":\"https:\\\/\\\/sambeat.com\\\/#organization\"},\"potentialAction\":[{\"@type\":\"SearchAction\",\"target\":{\"@type\":\"EntryPoint\",\"urlTemplate\":\"https:\\\/\\\/sambeat.com\\\/?s={search_term_string}\"},\"query-input\":{\"@type\":\"PropertyValueSpecification\",\"valueRequired\":true,\"valueName\":\"search_term_string\"}}],\"inLanguage\":\"en-US\"},{\"@type\":\"Organization\",\"@id\":\"https:\\\/\\\/sambeat.com\\\/#organization\",\"name\":\"Sambeat\",\"url\":\"https:\\\/\\\/sambeat.com\\\/\",\"logo\":{\"@type\":\"ImageObject\",\"inLanguage\":\"en-US\",\"@id\":\"https:\\\/\\\/sambeat.com\\\/#\\\/schema\\\/logo\\\/image\\\/\",\"url\":\"http:\\\/\\\/sambeat.com\\\/wp-content\\\/uploads\\\/2017\\\/02\\\/logo.png\",\"contentUrl\":\"http:\\\/\\\/sambeat.com\\\/wp-content\\\/uploads\\\/2017\\\/02\\\/logo.png\",\"width\":320,\"height\":106,\"caption\":\"Sambeat\"},\"image\":{\"@id\":\"https:\\\/\\\/sambeat.com\\\/#\\\/schema\\\/logo\\\/image\\\/\"}}]}<\/script>\n<!-- \/ Yoast SEO plugin. -->","yoast_head_json":{"title":"Patas para cocina, sillas, mesas y armarios - Sambeat","description":"Selecci\u00f3n de nuestras pata para cocina ideales para uso en cocina industrial y del hogar. Pata de aluminio madera o plastico con distintos acabados.","robots":{"index":"index","follow":"follow","max-snippet":"max-snippet:-1","max-image-preview":"max-image-preview:large","max-video-preview":"max-video-preview:-1"},"canonical":"https:\/\/sambeat.com\/en\/products\/solutions\/kitchen\/patas-cocina\/","og_locale":"en_US","og_type":"article","og_title":"Patas para cocina, sillas, mesas y armarios - Sambeat","og_description":"Selecci\u00f3n de nuestras pata para cocina ideales para uso en cocina industrial y del hogar. Pata de aluminio madera o plastico con distintos acabados.","og_url":"https:\/\/sambeat.com\/en\/products\/solutions\/kitchen\/patas-cocina\/","og_site_name":"Sambeat","article_modified_time":"2019-03-14T10:04:37+00:00","og_image":[{"url":"http:\/\/sambeat.com\/wp-content\/uploads\/2017\/03\/cocina-224x300.jpg","type":"","width":"","height":""}],"twitter_card":"summary_large_image","twitter_misc":{"Est. reading time":"2 minutes"},"schema":{"@context":"https:\/\/schema.org","@graph":[{"@type":"WebPage","@id":"https:\/\/sambeat.com\/en\/products\/solutions\/kitchen\/patas-cocina\/","url":"https:\/\/sambeat.com\/en\/products\/solutions\/kitchen\/patas-cocina\/","name":"Patas para cocina, sillas, mesas y armarios - Sambeat","isPartOf":{"@id":"https:\/\/sambeat.com\/#website"},"primaryImageOfPage":{"@id":"https:\/\/sambeat.com\/en\/products\/solutions\/kitchen\/patas-cocina\/#primaryimage"},"image":{"@id":"https:\/\/sambeat.com\/en\/products\/solutions\/kitchen\/patas-cocina\/#primaryimage"},"thumbnailUrl":"http:\/\/sambeat.com\/wp-content\/uploads\/2017\/03\/cocina-224x300.jpg","datePublished":"2017-04-21T10:20:16+00:00","dateModified":"2019-03-14T10:04:37+00:00","description":"Selecci\u00f3n de nuestras pata para cocina ideales para uso en cocina industrial y del hogar. Pata de aluminio madera o plastico con distintos acabados.","breadcrumb":{"@id":"https:\/\/sambeat.com\/en\/products\/solutions\/kitchen\/patas-cocina\/#breadcrumb"},"inLanguage":"en-US","potentialAction":[{"@type":"ReadAction","target":["https:\/\/sambeat.com\/en\/products\/solutions\/kitchen\/patas-cocina\/"]}]},{"@type":"ImageObject","inLanguage":"en-US","@id":"https:\/\/sambeat.com\/en\/products\/solutions\/kitchen\/patas-cocina\/#primaryimage","url":"http:\/\/sambeat.com\/wp-content\/uploads\/2017\/03\/cocina-224x300.jpg","contentUrl":"http:\/\/sambeat.com\/wp-content\/uploads\/2017\/03\/cocina-224x300.jpg"},{"@type":"BreadcrumbList","@id":"https:\/\/sambeat.com\/en\/products\/solutions\/kitchen\/patas-cocina\/#breadcrumb","itemListElement":[{"@type":"ListItem","position":1,"name":"Inicio","item":"https:\/\/sambeat.com\/en\/"},{"@type":"ListItem","position":2,"name":"PRODUCTS","item":"https:\/\/sambeat.com\/en\/products\/"},{"@type":"ListItem","position":3,"name":"SOLUTIONS","item":"https:\/\/sambeat.com\/en\/products\/solutions\/"},{"@type":"ListItem","position":4,"name":"KITCHEN","item":"https:\/\/sambeat.com\/en\/products\/solutions\/kitchen\/"},{"@type":"ListItem","position":5,"name":"PATAS COCINA"}]},{"@type":"WebSite","@id":"https:\/\/sambeat.com\/#website","url":"https:\/\/sambeat.com\/","name":"Sambeat","description":"Manufacturing solutions","publisher":{"@id":"https:\/\/sambeat.com\/#organization"},"potentialAction":[{"@type":"SearchAction","target":{"@type":"EntryPoint","urlTemplate":"https:\/\/sambeat.com\/?s={search_term_string}"},"query-input":{"@type":"PropertyValueSpecification","valueRequired":true,"valueName":"search_term_string"}}],"inLanguage":"en-US"},{"@type":"Organization","@id":"https:\/\/sambeat.com\/#organization","name":"Sambeat","url":"https:\/\/sambeat.com\/","logo":{"@type":"ImageObject","inLanguage":"en-US","@id":"https:\/\/sambeat.com\/#\/schema\/logo\/image\/","url":"http:\/\/sambeat.com\/wp-content\/uploads\/2017\/02\/logo.png","contentUrl":"http:\/\/sambeat.com\/wp-content\/uploads\/2017\/02\/logo.png","width":320,"height":106,"caption":"Sambeat"},"image":{"@id":"https:\/\/sambeat.com\/#\/schema\/logo\/image\/"}}]}},"_links":{"self":[{"href":"https:\/\/sambeat.com\/en\/wp-json\/wp\/v2\/pages\/569","targetHints":{"allow":["GET"]}}],"collection":[{"href":"https:\/\/sambeat.com\/en\/wp-json\/wp\/v2\/pages"}],"about":[{"href":"https:\/\/sambeat.com\/en\/wp-json\/wp\/v2\/types\/page"}],"author":[{"embeddable":true,"href":"https:\/\/sambeat.com\/en\/wp-json\/wp\/v2\/users\/1"}],"replies":[{"embeddable":true,"href":"https:\/\/sambeat.com\/en\/wp-json\/wp\/v2\/comments?post=569"}],"version-history":[{"count":7,"href":"https:\/\/sambeat.com\/en\/wp-json\/wp\/v2\/pages\/569\/revisions"}],"predecessor-version":[{"id":2927,"href":"https:\/\/sambeat.com\/en\/wp-json\/wp\/v2\/pages\/569\/revisions\/2927"}],"up":[{"embeddable":true,"href":"https:\/\/sambeat.com\/en\/wp-json\/wp\/v2\/pages\/588"}],"wp:attachment":[{"href":"https:\/\/sambeat.com\/en\/wp-json\/wp\/v2\/media?parent=569"}],"curies":[{"name":"wp","href":"https:\/\/api.w.org\/{rel}","templated":true}]}}