{"id":576,"date":"2017-04-21T07:07:55","date_gmt":"2017-04-21T07:07:55","guid":{"rendered":"http:\/\/sambeat.com\/decorativas-plastico\/"},"modified":"2019-03-13T08:54:27","modified_gmt":"2019-03-13T08:54:27","slug":"plastic-furniture-feet","status":"publish","type":"page","link":"https:\/\/sambeat.com\/en\/products\/product-families\/legs\/plastic-furniture-feet\/","title":{"rendered":"PLASTIC FURNITURE FEET"},"content":{"rendered":"<div class=\"seotexto\" style=\"width: 70%; margin: auto; margin-bottom: 10%;\">\n<h2 style=\"text-align: left;\">Patas decorativas de pl\u00e1stico.<\/h2>\n<p style=\"text-align: left; padding-left: 30px;\">Selecci\u00f3n de nuestras patas decorativas de pl\u00e1stico ideales para cualquier decoraci\u00f3n en el entorno del hogar: muebles y armarios de comedor, dormitorio, ba\u00f1o y cocina. Podr\u00e1s encontrar tanto patas ajustables y ajustables ocultas con embellecedor, fijas con acabados lisos y mate en \u00a0colores negro y metalizados, dorado y plateado.<\/p>\n<h4>Nuestros est\u00e1ndares de calidad en patas decorativas de pl\u00e1stico.<\/h4>\n<p style=\"padding-left: 30px;\">Todas nuestras productos cumplen con nuestros exigentes procesos de calidad.<\/p>\n<ul style=\"padding-left: 30px;\">\n<li>Ensayo de compresi\u00f3n y flexi\u00f3n (alzamiento lateral) realizado en AIMME.<\/li>\n<li>Soporte ABS en todos los modelos.<\/li>\n<li>Altas prestaciones mec\u00e1nicas. Mejor alzamiento lateral de muebles columna y f\u00e1cil regulaci\u00f3n con cargas elevadas.<\/li>\n<li>Tenemos patas de cocina, \u00a0patas plegables y patas de pl\u00e1stico regulable.<\/li>\n<\/ul>\n<div class=\"button_align align_center\"><a class=\"button  button_size_4 button_js\" href=\"http:\/\/sambeat.com\/wp-content\/uploads\/2018\/04\/Decorativas-Plastico.pdf\" target=\"_blank\"    ><span class=\"button_label\">FAMILY PRODUCT CATALOGUE<\/span><\/a><\/div>\n\n<h4>Pl\u00e1stico decorativo, funcional, econ\u00f3mico y moderno.<img loading=\"lazy\" decoding=\"async\" class=\"alignright wp-image-159 size-medium\" style=\"margin-left: 2%;\" src=\"http:\/\/sambeat.com\/wp-content\/uploads\/2017\/03\/hogar-1-224x300.jpg\" alt=\"patas decorativas de plastico\" width=\"224\" height=\"300\" srcset=\"https:\/\/sambeat.com\/wp-content\/uploads\/2017\/03\/hogar-1-224x300.jpg 224w, https:\/\/sambeat.com\/wp-content\/uploads\/2017\/03\/hogar-1-109x146.jpg 109w, https:\/\/sambeat.com\/wp-content\/uploads\/2017\/03\/hogar-1-37x50.jpg 37w, https:\/\/sambeat.com\/wp-content\/uploads\/2017\/03\/hogar-1-56x75.jpg 56w, https:\/\/sambeat.com\/wp-content\/uploads\/2017\/03\/hogar-1.jpg 298w\" sizes=\"auto, (max-width: 224px) 100vw, 224px\" \/><\/h4>\n<p style=\"padding-left: 30px;\">Del amplio abanico de materiales que ofrecemos en Sambeat para los acabados, el pl\u00e1stico decorativo es sin duda mas asequible y funcional de todos. Por su facilidad de trabajo y resistencia el pl\u00e1stico se ha convertido en el material mas econ\u00f3mico de la industria, eso no ha restado durabilidad ni resistencia, sino todo lo contrario.Las patas de pl\u00e1stico decorativas como acabado de un producto, ya sea un sofa, un armario o una mesa, da un aire moderno y fresco al producto.<\/p>\n<p style=\"padding-left: 30px;\">Con la invenci\u00f3n de nuevos pol\u00edmeros ultraresistentes, la durabilidad y resistencia del pl\u00e1stico ha hecho que este material reemplace, sobretodo en el uso en patas decorativas, a otros como metales y maderas, como ya hemos dicho antes, precisamente por su abaratado coste. Por esta raz\u00f3n el uso del pl\u00e1stico ha pasado pues, de elemento meramente de uso dentro del hogar a elemento est\u00e9tico y estructural tambi\u00e9n para exteriores.<\/p>\n<h4 class=\"p1\"><span class=\"s1\">Ventajas del pl\u00e1stico como material decorativo en patas.<\/span><\/h4>\n<p class=\"p1\" style=\"padding-left: 30px;\">Las formas y acabados que nos permite alcanzar el pl\u00e1stico para patas decorativas, est\u00e1n por encima de todos los materiales usados en decoraci\u00f3n. Esta amplia libertad creativa nos permite hacer uso del pl\u00e1stico de una forma mas art\u00edstica, formas casi imposibles, acabados mate o lisos, colores lisos o metalizados, son solo un ejemplo de la variedad que nos ofrece el pl\u00e1stico como material.<\/p>\n<p class=\"p1\" style=\"padding-left: 30px;\">En cuanto al uso del color para mobiliario infantil y juvenil, tanto de dormitorios como salas de estar y habitaciones, el pl\u00e1stico es sin duda el rey por su versatilidad, bajo coste y durabilidad.<\/p>\n<\/div>\n","protected":false},"excerpt":{"rendered":"<p>Patas decorativas de pl\u00e1stico. Selecci\u00f3n de nuestras patas decorativas de pl\u00e1stico ideales para cualquier decoraci\u00f3n en el entorno del hogar: muebles y armarios de comedor, dormitorio, ba\u00f1o y cocina. Podr\u00e1s encontrar tanto patas ajustables y ajustables ocultas con embellecedor, fijas con acabados lisos y mate en \u00a0colores negro y metalizados, dorado y plateado. Nuestros est\u00e1ndares de calidad en patas decorativas de pl\u00e1stico. Todas nuestras productos cumplen con nuestros exigentes procesos de calidad. Ensayo de compresi\u00f3n y flexi\u00f3n (alzamiento lateral) realizado en AIMME. Soporte ABS en todos los modelos. Altas prestaciones<span class=\"excerpt-hellip\"> [\u2026]<\/span><\/p>\n","protected":false},"author":1,"featured_media":0,"parent":599,"menu_order":0,"comment_status":"closed","ping_status":"closed","template":"","meta":{"_exactmetrics_skip_tracking":false,"_exactmetrics_sitenote_active":false,"_exactmetrics_sitenote_note":"","_exactmetrics_sitenote_category":0,"footnotes":""},"class_list":["post-576","page","type-page","status-publish","hentry"],"yoast_head":"<!-- This site is optimized with the Yoast SEO plugin v27.4 - https:\/\/yoast.com\/product\/yoast-seo-wordpress\/ -->\n<title>Patas decorativas de pl\u00e1stico con, sistema ABS - Sambeat<\/title>\n<meta name=\"description\" content=\"Patas decorativas de pl\u00e1stico para mobiliario del hogar, armarios, cocina y ba\u00f1o. Disponibles en diferentes acabados, de tama\u00f1o fijo o ajustables.\" \/>\n<meta name=\"robots\" content=\"index, follow, max-snippet:-1, max-image-preview:large, max-video-preview:-1\" \/>\n<link rel=\"canonical\" href=\"https:\/\/sambeat.com\/en\/products\/product-families\/legs\/plastic-furniture-feet\/\" \/>\n<meta property=\"og:locale\" content=\"en_US\" \/>\n<meta property=\"og:type\" content=\"article\" \/>\n<meta property=\"og:title\" content=\"Patas decorativas de pl\u00e1stico con, sistema ABS - Sambeat\" \/>\n<meta property=\"og:description\" content=\"Patas decorativas de pl\u00e1stico para mobiliario del hogar, armarios, cocina y ba\u00f1o. Disponibles en diferentes acabados, de tama\u00f1o fijo o ajustables.\" \/>\n<meta property=\"og:url\" content=\"https:\/\/sambeat.com\/en\/products\/product-families\/legs\/plastic-furniture-feet\/\" \/>\n<meta property=\"og:site_name\" content=\"Sambeat\" \/>\n<meta property=\"article:modified_time\" content=\"2019-03-13T08:54:27+00:00\" \/>\n<meta property=\"og:image\" content=\"http:\/\/sambeat.com\/wp-content\/uploads\/2017\/03\/hogar-1-224x300.jpg\" \/>\n<meta name=\"twitter:card\" content=\"summary_large_image\" \/>\n<meta name=\"twitter:label1\" content=\"Est. reading time\" \/>\n\t<meta name=\"twitter:data1\" content=\"2 minutes\" \/>\n<script type=\"application\/ld+json\" class=\"yoast-schema-graph\">{\"@context\":\"https:\\\/\\\/schema.org\",\"@graph\":[{\"@type\":\"WebPage\",\"@id\":\"https:\\\/\\\/sambeat.com\\\/en\\\/products\\\/product-families\\\/legs\\\/plastic-furniture-feet\\\/\",\"url\":\"https:\\\/\\\/sambeat.com\\\/en\\\/products\\\/product-families\\\/legs\\\/plastic-furniture-feet\\\/\",\"name\":\"Patas decorativas de pl\u00e1stico con, sistema ABS - Sambeat\",\"isPartOf\":{\"@id\":\"https:\\\/\\\/sambeat.com\\\/#website\"},\"primaryImageOfPage\":{\"@id\":\"https:\\\/\\\/sambeat.com\\\/en\\\/products\\\/product-families\\\/legs\\\/plastic-furniture-feet\\\/#primaryimage\"},\"image\":{\"@id\":\"https:\\\/\\\/sambeat.com\\\/en\\\/products\\\/product-families\\\/legs\\\/plastic-furniture-feet\\\/#primaryimage\"},\"thumbnailUrl\":\"http:\\\/\\\/sambeat.com\\\/wp-content\\\/uploads\\\/2017\\\/03\\\/hogar-1-224x300.jpg\",\"datePublished\":\"2017-04-21T07:07:55+00:00\",\"dateModified\":\"2019-03-13T08:54:27+00:00\",\"description\":\"Patas decorativas de pl\u00e1stico para mobiliario del hogar, armarios, cocina y ba\u00f1o. Disponibles en diferentes acabados, de tama\u00f1o fijo o ajustables.\",\"breadcrumb\":{\"@id\":\"https:\\\/\\\/sambeat.com\\\/en\\\/products\\\/product-families\\\/legs\\\/plastic-furniture-feet\\\/#breadcrumb\"},\"inLanguage\":\"en-US\",\"potentialAction\":[{\"@type\":\"ReadAction\",\"target\":[\"https:\\\/\\\/sambeat.com\\\/en\\\/products\\\/product-families\\\/legs\\\/plastic-furniture-feet\\\/\"]}]},{\"@type\":\"ImageObject\",\"inLanguage\":\"en-US\",\"@id\":\"https:\\\/\\\/sambeat.com\\\/en\\\/products\\\/product-families\\\/legs\\\/plastic-furniture-feet\\\/#primaryimage\",\"url\":\"http:\\\/\\\/sambeat.com\\\/wp-content\\\/uploads\\\/2017\\\/03\\\/hogar-1-224x300.jpg\",\"contentUrl\":\"http:\\\/\\\/sambeat.com\\\/wp-content\\\/uploads\\\/2017\\\/03\\\/hogar-1-224x300.jpg\"},{\"@type\":\"BreadcrumbList\",\"@id\":\"https:\\\/\\\/sambeat.com\\\/en\\\/products\\\/product-families\\\/legs\\\/plastic-furniture-feet\\\/#breadcrumb\",\"itemListElement\":[{\"@type\":\"ListItem\",\"position\":1,\"name\":\"Inicio\",\"item\":\"https:\\\/\\\/sambeat.com\\\/en\\\/\"},{\"@type\":\"ListItem\",\"position\":2,\"name\":\"PRODUCTS\",\"item\":\"https:\\\/\\\/sambeat.com\\\/en\\\/products\\\/\"},{\"@type\":\"ListItem\",\"position\":3,\"name\":\"PRODUCT FAMILIES\",\"item\":\"https:\\\/\\\/sambeat.com\\\/en\\\/products\\\/product-families\\\/\"},{\"@type\":\"ListItem\",\"position\":4,\"name\":\"LEGS\",\"item\":\"https:\\\/\\\/sambeat.com\\\/en\\\/products\\\/product-families\\\/legs\\\/\"},{\"@type\":\"ListItem\",\"position\":5,\"name\":\"PLASTIC FURNITURE FEET\"}]},{\"@type\":\"WebSite\",\"@id\":\"https:\\\/\\\/sambeat.com\\\/#website\",\"url\":\"https:\\\/\\\/sambeat.com\\\/\",\"name\":\"Sambeat\",\"description\":\"Manufacturing solutions\",\"publisher\":{\"@id\":\"https:\\\/\\\/sambeat.com\\\/#organization\"},\"potentialAction\":[{\"@type\":\"SearchAction\",\"target\":{\"@type\":\"EntryPoint\",\"urlTemplate\":\"https:\\\/\\\/sambeat.com\\\/?s={search_term_string}\"},\"query-input\":{\"@type\":\"PropertyValueSpecification\",\"valueRequired\":true,\"valueName\":\"search_term_string\"}}],\"inLanguage\":\"en-US\"},{\"@type\":\"Organization\",\"@id\":\"https:\\\/\\\/sambeat.com\\\/#organization\",\"name\":\"Sambeat\",\"url\":\"https:\\\/\\\/sambeat.com\\\/\",\"logo\":{\"@type\":\"ImageObject\",\"inLanguage\":\"en-US\",\"@id\":\"https:\\\/\\\/sambeat.com\\\/#\\\/schema\\\/logo\\\/image\\\/\",\"url\":\"http:\\\/\\\/sambeat.com\\\/wp-content\\\/uploads\\\/2017\\\/02\\\/logo.png\",\"contentUrl\":\"http:\\\/\\\/sambeat.com\\\/wp-content\\\/uploads\\\/2017\\\/02\\\/logo.png\",\"width\":320,\"height\":106,\"caption\":\"Sambeat\"},\"image\":{\"@id\":\"https:\\\/\\\/sambeat.com\\\/#\\\/schema\\\/logo\\\/image\\\/\"}}]}<\/script>\n<!-- \/ Yoast SEO plugin. -->","yoast_head_json":{"title":"Patas decorativas de pl\u00e1stico con, sistema ABS - Sambeat","description":"Patas decorativas de pl\u00e1stico para mobiliario del hogar, armarios, cocina y ba\u00f1o. Disponibles en diferentes acabados, de tama\u00f1o fijo o ajustables.","robots":{"index":"index","follow":"follow","max-snippet":"max-snippet:-1","max-image-preview":"max-image-preview:large","max-video-preview":"max-video-preview:-1"},"canonical":"https:\/\/sambeat.com\/en\/products\/product-families\/legs\/plastic-furniture-feet\/","og_locale":"en_US","og_type":"article","og_title":"Patas decorativas de pl\u00e1stico con, sistema ABS - Sambeat","og_description":"Patas decorativas de pl\u00e1stico para mobiliario del hogar, armarios, cocina y ba\u00f1o. Disponibles en diferentes acabados, de tama\u00f1o fijo o ajustables.","og_url":"https:\/\/sambeat.com\/en\/products\/product-families\/legs\/plastic-furniture-feet\/","og_site_name":"Sambeat","article_modified_time":"2019-03-13T08:54:27+00:00","og_image":[{"url":"http:\/\/sambeat.com\/wp-content\/uploads\/2017\/03\/hogar-1-224x300.jpg","type":"","width":"","height":""}],"twitter_card":"summary_large_image","twitter_misc":{"Est. reading time":"2 minutes"},"schema":{"@context":"https:\/\/schema.org","@graph":[{"@type":"WebPage","@id":"https:\/\/sambeat.com\/en\/products\/product-families\/legs\/plastic-furniture-feet\/","url":"https:\/\/sambeat.com\/en\/products\/product-families\/legs\/plastic-furniture-feet\/","name":"Patas decorativas de pl\u00e1stico con, sistema ABS - Sambeat","isPartOf":{"@id":"https:\/\/sambeat.com\/#website"},"primaryImageOfPage":{"@id":"https:\/\/sambeat.com\/en\/products\/product-families\/legs\/plastic-furniture-feet\/#primaryimage"},"image":{"@id":"https:\/\/sambeat.com\/en\/products\/product-families\/legs\/plastic-furniture-feet\/#primaryimage"},"thumbnailUrl":"http:\/\/sambeat.com\/wp-content\/uploads\/2017\/03\/hogar-1-224x300.jpg","datePublished":"2017-04-21T07:07:55+00:00","dateModified":"2019-03-13T08:54:27+00:00","description":"Patas decorativas de pl\u00e1stico para mobiliario del hogar, armarios, cocina y ba\u00f1o. Disponibles en diferentes acabados, de tama\u00f1o fijo o ajustables.","breadcrumb":{"@id":"https:\/\/sambeat.com\/en\/products\/product-families\/legs\/plastic-furniture-feet\/#breadcrumb"},"inLanguage":"en-US","potentialAction":[{"@type":"ReadAction","target":["https:\/\/sambeat.com\/en\/products\/product-families\/legs\/plastic-furniture-feet\/"]}]},{"@type":"ImageObject","inLanguage":"en-US","@id":"https:\/\/sambeat.com\/en\/products\/product-families\/legs\/plastic-furniture-feet\/#primaryimage","url":"http:\/\/sambeat.com\/wp-content\/uploads\/2017\/03\/hogar-1-224x300.jpg","contentUrl":"http:\/\/sambeat.com\/wp-content\/uploads\/2017\/03\/hogar-1-224x300.jpg"},{"@type":"BreadcrumbList","@id":"https:\/\/sambeat.com\/en\/products\/product-families\/legs\/plastic-furniture-feet\/#breadcrumb","itemListElement":[{"@type":"ListItem","position":1,"name":"Inicio","item":"https:\/\/sambeat.com\/en\/"},{"@type":"ListItem","position":2,"name":"PRODUCTS","item":"https:\/\/sambeat.com\/en\/products\/"},{"@type":"ListItem","position":3,"name":"PRODUCT FAMILIES","item":"https:\/\/sambeat.com\/en\/products\/product-families\/"},{"@type":"ListItem","position":4,"name":"LEGS","item":"https:\/\/sambeat.com\/en\/products\/product-families\/legs\/"},{"@type":"ListItem","position":5,"name":"PLASTIC FURNITURE FEET"}]},{"@type":"WebSite","@id":"https:\/\/sambeat.com\/#website","url":"https:\/\/sambeat.com\/","name":"Sambeat","description":"Manufacturing solutions","publisher":{"@id":"https:\/\/sambeat.com\/#organization"},"potentialAction":[{"@type":"SearchAction","target":{"@type":"EntryPoint","urlTemplate":"https:\/\/sambeat.com\/?s={search_term_string}"},"query-input":{"@type":"PropertyValueSpecification","valueRequired":true,"valueName":"search_term_string"}}],"inLanguage":"en-US"},{"@type":"Organization","@id":"https:\/\/sambeat.com\/#organization","name":"Sambeat","url":"https:\/\/sambeat.com\/","logo":{"@type":"ImageObject","inLanguage":"en-US","@id":"https:\/\/sambeat.com\/#\/schema\/logo\/image\/","url":"http:\/\/sambeat.com\/wp-content\/uploads\/2017\/02\/logo.png","contentUrl":"http:\/\/sambeat.com\/wp-content\/uploads\/2017\/02\/logo.png","width":320,"height":106,"caption":"Sambeat"},"image":{"@id":"https:\/\/sambeat.com\/#\/schema\/logo\/image\/"}}]}},"_links":{"self":[{"href":"https:\/\/sambeat.com\/en\/wp-json\/wp\/v2\/pages\/576","targetHints":{"allow":["GET"]}}],"collection":[{"href":"https:\/\/sambeat.com\/en\/wp-json\/wp\/v2\/pages"}],"about":[{"href":"https:\/\/sambeat.com\/en\/wp-json\/wp\/v2\/types\/page"}],"author":[{"embeddable":true,"href":"https:\/\/sambeat.com\/en\/wp-json\/wp\/v2\/users\/1"}],"replies":[{"embeddable":true,"href":"https:\/\/sambeat.com\/en\/wp-json\/wp\/v2\/comments?post=576"}],"version-history":[{"count":49,"href":"https:\/\/sambeat.com\/en\/wp-json\/wp\/v2\/pages\/576\/revisions"}],"predecessor-version":[{"id":2856,"href":"https:\/\/sambeat.com\/en\/wp-json\/wp\/v2\/pages\/576\/revisions\/2856"}],"up":[{"embeddable":true,"href":"https:\/\/sambeat.com\/en\/wp-json\/wp\/v2\/pages\/599"}],"wp:attachment":[{"href":"https:\/\/sambeat.com\/en\/wp-json\/wp\/v2\/media?parent=576"}],"curies":[{"name":"wp","href":"https:\/\/api.w.org\/{rel}","templated":true}]}}