{"id":577,"date":"2017-04-21T07:07:31","date_gmt":"2017-04-21T07:07:31","guid":{"rendered":"http:\/\/sambeat.com\/decorativas-aluminio\/"},"modified":"2019-03-13T08:29:48","modified_gmt":"2019-03-13T08:29:48","slug":"aluminium-furniture-feet","status":"publish","type":"page","link":"https:\/\/sambeat.com\/en\/products\/product-families\/legs\/aluminium-furniture-feet\/","title":{"rendered":"ALUMINIUM FURNITURE LEGS"},"content":{"rendered":"<div style=\"width: 70%; margin: auto; margin-bottom: 10%;\">\n<h2 style=\"text-align: left;\">Patas decorativas de aluminio.<\/h2>\n<p style=\"text-align: left; padding-left: 30px;\">Selecci\u00f3n de nuestras patas decorativas de aluminio ideales para cualquier decoraci\u00f3n en el entorno del hogar: Muebles y armarios de comedor, dormitorio, ba\u00f1o y cocina. Podr\u00e1s encontrar tanto patas ajustables y ajustables ocultas con embellecedor, fijas con acabados lisos y mate, consulta con nosotros para otros acabados.<\/p>\n<div class=\"button_align align_center\"><a class=\"button  button_size_4 button_js\" href=\"http:\/\/sambeat.com\/wp-content\/uploads\/2018\/03\/Decorativas-Aluminio.pdf\" target=\"_blank\"    ><span class=\"button_label\">FAMILY PRODUCT CATALOGUE<\/span><\/a><\/div>\n\n<h4>Aluminio: decorativo, funcional, econ\u00f3mico y moderno.<img loading=\"lazy\" decoding=\"async\" class=\"alignright wp-image-466 size-medium\" style=\"margin-left: 2%;\" src=\"http:\/\/sambeat.com\/wp-content\/uploads\/2017\/04\/BRICO-2-300x223.jpg\" alt=\"patas decorativas de aluminio\" width=\"300\" height=\"223\" srcset=\"https:\/\/sambeat.com\/wp-content\/uploads\/2017\/04\/BRICO-2-300x223.jpg 300w, https:\/\/sambeat.com\/wp-content\/uploads\/2017\/04\/BRICO-2-197x146.jpg 197w, https:\/\/sambeat.com\/wp-content\/uploads\/2017\/04\/BRICO-2-50x37.jpg 50w, https:\/\/sambeat.com\/wp-content\/uploads\/2017\/04\/BRICO-2-101x75.jpg 101w, https:\/\/sambeat.com\/wp-content\/uploads\/2017\/04\/BRICO-2.jpg 450w\" sizes=\"auto, (max-width: 300px) 100vw, 300px\" \/><\/h4>\n<p style=\"padding-left: 30px;\">Del amplio abanico de materiales que ofrecemos en Sambeat para los acabados, el aluminio decorativo es sin duda mas elegantes y econ\u00f3micos de todos. Por su facilidad de trabajo y resistencia el aluminio es sin duda en el material mas vers\u00e1til de la industria. Las patas de aluminio decorativas como acabado de un producto, ya sea un sofa, un armario o una mesa, da un aire moderno y fresco al producto, estas son ideales sobre todo en entornos como cocinas y ba\u00f1os ya que el aire fresco, moderno y as\u00e9ptico que proporciona el aluminio es dif\u00edcilmente igualable por otros materiales.<\/p>\n<h4 class=\"p1\"><span class=\"s1\">Ventajas del aluminio como material decorativo en patas.<\/span><\/h4>\n<p class=\"p1\" style=\"padding-left: 30px;\">Las formas y acabados de que disponemos con las patas decorativas de aluminio nos permite mejorar su utilizacion como elemento estetico. Esto nos permite una amplia libertad creativa a la hora de utilizar las patas de aluminio como elemento decorativo, con los acabados mate o lisos, y diferentes recubrimiento, conseguimos que el aluminio se adapte a cualquier entorno de la casa, desde comedores y terrazas, como dormitorios y salas de estar, no restando calidez a estas ultimas sino a\u00f1adi\u00e9ndole un aire fresco, un punto de estilo y un dise\u00f1o mas moderno a cualquier entorno,<\/p>\n<\/div>\n","protected":false},"excerpt":{"rendered":"<p>Patas decorativas de aluminio. Selecci\u00f3n de nuestras patas decorativas de aluminio ideales para cualquier decoraci\u00f3n en el entorno del hogar: Muebles y armarios de comedor, dormitorio, ba\u00f1o y cocina. Podr\u00e1s encontrar tanto patas ajustables y ajustables ocultas con embellecedor, fijas con acabados lisos y mate, consulta con nosotros para otros acabados. Aluminio: decorativo, funcional, econ\u00f3mico y moderno. Del amplio abanico de materiales que ofrecemos en Sambeat para los acabados, el aluminio decorativo es sin duda mas elegantes y econ\u00f3micos de todos. Por su facilidad de trabajo y resistencia el aluminio<span class=\"excerpt-hellip\"> [\u2026]<\/span><\/p>\n","protected":false},"author":1,"featured_media":364,"parent":599,"menu_order":0,"comment_status":"closed","ping_status":"closed","template":"","meta":{"_exactmetrics_skip_tracking":false,"_exactmetrics_sitenote_active":false,"_exactmetrics_sitenote_note":"","_exactmetrics_sitenote_category":0,"footnotes":""},"class_list":["post-577","page","type-page","status-publish","has-post-thumbnail","hentry"],"yoast_head":"<!-- This site is optimized with the Yoast SEO plugin v27.4 - https:\/\/yoast.com\/product\/yoast-seo-wordpress\/ -->\n<title>patas decorativas de aluminio, con sistema abs - Sambeat<\/title>\n<meta name=\"description\" content=\"Patas decorativas de aluminio para mobiliario del hogar, cocina, ba\u00f1o armarios y oficina. Disponible en distintos acabados y formas, regulables y fijas.\" \/>\n<meta name=\"robots\" content=\"index, follow, max-snippet:-1, max-image-preview:large, max-video-preview:-1\" \/>\n<link rel=\"canonical\" href=\"https:\/\/sambeat.com\/en\/products\/product-families\/legs\/aluminium-furniture-feet\/\" \/>\n<meta property=\"og:locale\" content=\"en_US\" \/>\n<meta property=\"og:type\" content=\"article\" \/>\n<meta property=\"og:title\" content=\"patas decorativas de aluminio, con sistema abs - Sambeat\" \/>\n<meta property=\"og:description\" content=\"Patas decorativas de aluminio para mobiliario del hogar, cocina, ba\u00f1o armarios y oficina. Disponible en distintos acabados y formas, regulables y fijas.\" \/>\n<meta property=\"og:url\" content=\"https:\/\/sambeat.com\/en\/products\/product-families\/legs\/aluminium-furniture-feet\/\" \/>\n<meta property=\"og:site_name\" content=\"Sambeat\" \/>\n<meta property=\"article:modified_time\" content=\"2019-03-13T08:29:48+00:00\" \/>\n<meta property=\"og:image\" content=\"https:\/\/sambeat.com\/wp-content\/uploads\/2017\/04\/ALCON.jpg\" \/>\n\t<meta property=\"og:image:width\" content=\"450\" \/>\n\t<meta property=\"og:image:height\" content=\"334\" \/>\n\t<meta property=\"og:image:type\" content=\"image\/jpeg\" \/>\n<meta name=\"twitter:card\" content=\"summary_large_image\" \/>\n<meta name=\"twitter:label1\" content=\"Est. reading time\" \/>\n\t<meta name=\"twitter:data1\" content=\"2 minutes\" \/>\n<script type=\"application\/ld+json\" class=\"yoast-schema-graph\">{\"@context\":\"https:\\\/\\\/schema.org\",\"@graph\":[{\"@type\":\"WebPage\",\"@id\":\"https:\\\/\\\/sambeat.com\\\/en\\\/products\\\/product-families\\\/legs\\\/aluminium-furniture-feet\\\/\",\"url\":\"https:\\\/\\\/sambeat.com\\\/en\\\/products\\\/product-families\\\/legs\\\/aluminium-furniture-feet\\\/\",\"name\":\"patas decorativas de aluminio, con sistema abs - Sambeat\",\"isPartOf\":{\"@id\":\"https:\\\/\\\/sambeat.com\\\/#website\"},\"primaryImageOfPage\":{\"@id\":\"https:\\\/\\\/sambeat.com\\\/en\\\/products\\\/product-families\\\/legs\\\/aluminium-furniture-feet\\\/#primaryimage\"},\"image\":{\"@id\":\"https:\\\/\\\/sambeat.com\\\/en\\\/products\\\/product-families\\\/legs\\\/aluminium-furniture-feet\\\/#primaryimage\"},\"thumbnailUrl\":\"https:\\\/\\\/sambeat.com\\\/wp-content\\\/uploads\\\/2017\\\/04\\\/ALCON.jpg\",\"datePublished\":\"2017-04-21T07:07:31+00:00\",\"dateModified\":\"2019-03-13T08:29:48+00:00\",\"description\":\"Patas decorativas de aluminio para mobiliario del hogar, cocina, ba\u00f1o armarios y oficina. Disponible en distintos acabados y formas, regulables y fijas.\",\"breadcrumb\":{\"@id\":\"https:\\\/\\\/sambeat.com\\\/en\\\/products\\\/product-families\\\/legs\\\/aluminium-furniture-feet\\\/#breadcrumb\"},\"inLanguage\":\"en-US\",\"potentialAction\":[{\"@type\":\"ReadAction\",\"target\":[\"https:\\\/\\\/sambeat.com\\\/en\\\/products\\\/product-families\\\/legs\\\/aluminium-furniture-feet\\\/\"]}]},{\"@type\":\"ImageObject\",\"inLanguage\":\"en-US\",\"@id\":\"https:\\\/\\\/sambeat.com\\\/en\\\/products\\\/product-families\\\/legs\\\/aluminium-furniture-feet\\\/#primaryimage\",\"url\":\"https:\\\/\\\/sambeat.com\\\/wp-content\\\/uploads\\\/2017\\\/04\\\/ALCON.jpg\",\"contentUrl\":\"https:\\\/\\\/sambeat.com\\\/wp-content\\\/uploads\\\/2017\\\/04\\\/ALCON.jpg\",\"width\":450,\"height\":334,\"caption\":\"ALCON\"},{\"@type\":\"BreadcrumbList\",\"@id\":\"https:\\\/\\\/sambeat.com\\\/en\\\/products\\\/product-families\\\/legs\\\/aluminium-furniture-feet\\\/#breadcrumb\",\"itemListElement\":[{\"@type\":\"ListItem\",\"position\":1,\"name\":\"Inicio\",\"item\":\"https:\\\/\\\/sambeat.com\\\/en\\\/\"},{\"@type\":\"ListItem\",\"position\":2,\"name\":\"PRODUCTS\",\"item\":\"https:\\\/\\\/sambeat.com\\\/en\\\/products\\\/\"},{\"@type\":\"ListItem\",\"position\":3,\"name\":\"PRODUCT FAMILIES\",\"item\":\"https:\\\/\\\/sambeat.com\\\/en\\\/products\\\/product-families\\\/\"},{\"@type\":\"ListItem\",\"position\":4,\"name\":\"LEGS\",\"item\":\"https:\\\/\\\/sambeat.com\\\/en\\\/products\\\/product-families\\\/legs\\\/\"},{\"@type\":\"ListItem\",\"position\":5,\"name\":\"ALUMINIUM FURNITURE LEGS\"}]},{\"@type\":\"WebSite\",\"@id\":\"https:\\\/\\\/sambeat.com\\\/#website\",\"url\":\"https:\\\/\\\/sambeat.com\\\/\",\"name\":\"Sambeat\",\"description\":\"Manufacturing solutions\",\"publisher\":{\"@id\":\"https:\\\/\\\/sambeat.com\\\/#organization\"},\"potentialAction\":[{\"@type\":\"SearchAction\",\"target\":{\"@type\":\"EntryPoint\",\"urlTemplate\":\"https:\\\/\\\/sambeat.com\\\/?s={search_term_string}\"},\"query-input\":{\"@type\":\"PropertyValueSpecification\",\"valueRequired\":true,\"valueName\":\"search_term_string\"}}],\"inLanguage\":\"en-US\"},{\"@type\":\"Organization\",\"@id\":\"https:\\\/\\\/sambeat.com\\\/#organization\",\"name\":\"Sambeat\",\"url\":\"https:\\\/\\\/sambeat.com\\\/\",\"logo\":{\"@type\":\"ImageObject\",\"inLanguage\":\"en-US\",\"@id\":\"https:\\\/\\\/sambeat.com\\\/#\\\/schema\\\/logo\\\/image\\\/\",\"url\":\"http:\\\/\\\/sambeat.com\\\/wp-content\\\/uploads\\\/2017\\\/02\\\/logo.png\",\"contentUrl\":\"http:\\\/\\\/sambeat.com\\\/wp-content\\\/uploads\\\/2017\\\/02\\\/logo.png\",\"width\":320,\"height\":106,\"caption\":\"Sambeat\"},\"image\":{\"@id\":\"https:\\\/\\\/sambeat.com\\\/#\\\/schema\\\/logo\\\/image\\\/\"}}]}<\/script>\n<!-- \/ Yoast SEO plugin. -->","yoast_head_json":{"title":"patas decorativas de aluminio, con sistema abs - Sambeat","description":"Patas decorativas de aluminio para mobiliario del hogar, cocina, ba\u00f1o armarios y oficina. Disponible en distintos acabados y formas, regulables y fijas.","robots":{"index":"index","follow":"follow","max-snippet":"max-snippet:-1","max-image-preview":"max-image-preview:large","max-video-preview":"max-video-preview:-1"},"canonical":"https:\/\/sambeat.com\/en\/products\/product-families\/legs\/aluminium-furniture-feet\/","og_locale":"en_US","og_type":"article","og_title":"patas decorativas de aluminio, con sistema abs - Sambeat","og_description":"Patas decorativas de aluminio para mobiliario del hogar, cocina, ba\u00f1o armarios y oficina. Disponible en distintos acabados y formas, regulables y fijas.","og_url":"https:\/\/sambeat.com\/en\/products\/product-families\/legs\/aluminium-furniture-feet\/","og_site_name":"Sambeat","article_modified_time":"2019-03-13T08:29:48+00:00","og_image":[{"width":450,"height":334,"url":"https:\/\/sambeat.com\/wp-content\/uploads\/2017\/04\/ALCON.jpg","type":"image\/jpeg"}],"twitter_card":"summary_large_image","twitter_misc":{"Est. reading time":"2 minutes"},"schema":{"@context":"https:\/\/schema.org","@graph":[{"@type":"WebPage","@id":"https:\/\/sambeat.com\/en\/products\/product-families\/legs\/aluminium-furniture-feet\/","url":"https:\/\/sambeat.com\/en\/products\/product-families\/legs\/aluminium-furniture-feet\/","name":"patas decorativas de aluminio, con sistema abs - Sambeat","isPartOf":{"@id":"https:\/\/sambeat.com\/#website"},"primaryImageOfPage":{"@id":"https:\/\/sambeat.com\/en\/products\/product-families\/legs\/aluminium-furniture-feet\/#primaryimage"},"image":{"@id":"https:\/\/sambeat.com\/en\/products\/product-families\/legs\/aluminium-furniture-feet\/#primaryimage"},"thumbnailUrl":"https:\/\/sambeat.com\/wp-content\/uploads\/2017\/04\/ALCON.jpg","datePublished":"2017-04-21T07:07:31+00:00","dateModified":"2019-03-13T08:29:48+00:00","description":"Patas decorativas de aluminio para mobiliario del hogar, cocina, ba\u00f1o armarios y oficina. Disponible en distintos acabados y formas, regulables y fijas.","breadcrumb":{"@id":"https:\/\/sambeat.com\/en\/products\/product-families\/legs\/aluminium-furniture-feet\/#breadcrumb"},"inLanguage":"en-US","potentialAction":[{"@type":"ReadAction","target":["https:\/\/sambeat.com\/en\/products\/product-families\/legs\/aluminium-furniture-feet\/"]}]},{"@type":"ImageObject","inLanguage":"en-US","@id":"https:\/\/sambeat.com\/en\/products\/product-families\/legs\/aluminium-furniture-feet\/#primaryimage","url":"https:\/\/sambeat.com\/wp-content\/uploads\/2017\/04\/ALCON.jpg","contentUrl":"https:\/\/sambeat.com\/wp-content\/uploads\/2017\/04\/ALCON.jpg","width":450,"height":334,"caption":"ALCON"},{"@type":"BreadcrumbList","@id":"https:\/\/sambeat.com\/en\/products\/product-families\/legs\/aluminium-furniture-feet\/#breadcrumb","itemListElement":[{"@type":"ListItem","position":1,"name":"Inicio","item":"https:\/\/sambeat.com\/en\/"},{"@type":"ListItem","position":2,"name":"PRODUCTS","item":"https:\/\/sambeat.com\/en\/products\/"},{"@type":"ListItem","position":3,"name":"PRODUCT FAMILIES","item":"https:\/\/sambeat.com\/en\/products\/product-families\/"},{"@type":"ListItem","position":4,"name":"LEGS","item":"https:\/\/sambeat.com\/en\/products\/product-families\/legs\/"},{"@type":"ListItem","position":5,"name":"ALUMINIUM FURNITURE LEGS"}]},{"@type":"WebSite","@id":"https:\/\/sambeat.com\/#website","url":"https:\/\/sambeat.com\/","name":"Sambeat","description":"Manufacturing solutions","publisher":{"@id":"https:\/\/sambeat.com\/#organization"},"potentialAction":[{"@type":"SearchAction","target":{"@type":"EntryPoint","urlTemplate":"https:\/\/sambeat.com\/?s={search_term_string}"},"query-input":{"@type":"PropertyValueSpecification","valueRequired":true,"valueName":"search_term_string"}}],"inLanguage":"en-US"},{"@type":"Organization","@id":"https:\/\/sambeat.com\/#organization","name":"Sambeat","url":"https:\/\/sambeat.com\/","logo":{"@type":"ImageObject","inLanguage":"en-US","@id":"https:\/\/sambeat.com\/#\/schema\/logo\/image\/","url":"http:\/\/sambeat.com\/wp-content\/uploads\/2017\/02\/logo.png","contentUrl":"http:\/\/sambeat.com\/wp-content\/uploads\/2017\/02\/logo.png","width":320,"height":106,"caption":"Sambeat"},"image":{"@id":"https:\/\/sambeat.com\/#\/schema\/logo\/image\/"}}]}},"_links":{"self":[{"href":"https:\/\/sambeat.com\/en\/wp-json\/wp\/v2\/pages\/577","targetHints":{"allow":["GET"]}}],"collection":[{"href":"https:\/\/sambeat.com\/en\/wp-json\/wp\/v2\/pages"}],"about":[{"href":"https:\/\/sambeat.com\/en\/wp-json\/wp\/v2\/types\/page"}],"author":[{"embeddable":true,"href":"https:\/\/sambeat.com\/en\/wp-json\/wp\/v2\/users\/1"}],"replies":[{"embeddable":true,"href":"https:\/\/sambeat.com\/en\/wp-json\/wp\/v2\/comments?post=577"}],"version-history":[{"count":6,"href":"https:\/\/sambeat.com\/en\/wp-json\/wp\/v2\/pages\/577\/revisions"}],"predecessor-version":[{"id":2847,"href":"https:\/\/sambeat.com\/en\/wp-json\/wp\/v2\/pages\/577\/revisions\/2847"}],"up":[{"embeddable":true,"href":"https:\/\/sambeat.com\/en\/wp-json\/wp\/v2\/pages\/599"}],"wp:featuredmedia":[{"embeddable":true,"href":"https:\/\/sambeat.com\/en\/wp-json\/wp\/v2\/media\/364"}],"wp:attachment":[{"href":"https:\/\/sambeat.com\/en\/wp-json\/wp\/v2\/media?parent=577"}],"curies":[{"name":"wp","href":"https:\/\/api.w.org\/{rel}","templated":true}]}}