{"id":581,"date":"2017-04-21T07:15:21","date_gmt":"2017-04-21T07:15:21","guid":{"rendered":"http:\/\/sambeat.com\/tiradores-aluminio\/"},"modified":"2019-03-14T07:47:01","modified_gmt":"2019-03-14T07:47:01","slug":"aluminium-handles","status":"publish","type":"page","link":"https:\/\/sambeat.com\/en\/products\/product-families\/handles\/aluminium-handles\/","title":{"rendered":"Aluminium Handles"},"content":{"rendered":"<div style=\"width: 70%; margin: auto; margin-bottom: 10%;\">\n<h2 style=\"text-align: left;\">Tiradores de aluminio.<\/h2>\n<p style=\"text-align: left; padding-left: 30px;\">Selecci\u00f3n de nuestros tiradores de aluminio ideales para cualquier decoraci\u00f3n en el entorno del hogar: Muebles y armarios de comedor, dormitorio, ba\u00f1o y cocina.<\/p>\n<div class=\"button_align align_center\"><a class=\"button  button_size_4 button_js\" href=\"http:\/\/sambeat.com\/wp-content\/uploads\/2018\/04\/Tiradores-Aluminio.pdf\" target=\"_blank\"    ><span class=\"button_label\">FAMILY PRODUCT CATALOGUE<\/span><\/a><\/div>\n\n<h4>Aluminio: funcional y moderno.<img loading=\"lazy\" decoding=\"async\" class=\"alignright wp-image-430 size-medium\" style=\"margin-left: 2%;\" src=\"http:\/\/sambeat.com\/wp-content\/uploads\/2017\/04\/PERFILA-MECANIZAR-300x223.jpg\" alt=\"tiradores de aluminio\" width=\"300\" height=\"223\" srcset=\"https:\/\/sambeat.com\/wp-content\/uploads\/2017\/04\/PERFILA-MECANIZAR-300x223.jpg 300w, https:\/\/sambeat.com\/wp-content\/uploads\/2017\/04\/PERFILA-MECANIZAR-197x146.jpg 197w, https:\/\/sambeat.com\/wp-content\/uploads\/2017\/04\/PERFILA-MECANIZAR-50x37.jpg 50w, https:\/\/sambeat.com\/wp-content\/uploads\/2017\/04\/PERFILA-MECANIZAR-101x75.jpg 101w, https:\/\/sambeat.com\/wp-content\/uploads\/2017\/04\/PERFILA-MECANIZAR.jpg 450w\" sizes=\"auto, (max-width: 300px) 100vw, 300px\" \/><\/h4>\n<p style=\"padding-left: 30px;\">Del amplio abanico de materiales que ofrecemos en Sambeat para los acabados, el aluminio decorativo es sin duda m\u00e1s resistente de todos. Por su facilidad de trabajo y resistencia el aluminio es sin duda en el material mas resistente y econ\u00f3mico de la industria. Loss tiradores de aluminio decorativos como acabado de un producto da un aire moderno y fresco al producto.<\/p>\n<\/div>\n","protected":false},"excerpt":{"rendered":"<p>Tiradores de aluminio. Selecci\u00f3n de nuestros tiradores de aluminio ideales para cualquier decoraci\u00f3n en el entorno del hogar: Muebles y armarios de comedor, dormitorio, ba\u00f1o y cocina. Aluminio: funcional y moderno. Del amplio abanico de materiales que ofrecemos en Sambeat para los acabados, el aluminio decorativo es sin duda m\u00e1s resistente de todos. Por su facilidad de trabajo y resistencia el aluminio es sin duda en el material mas resistente y econ\u00f3mico de la industria. Loss tiradores de aluminio decorativos como acabado de un producto da un aire moderno y<span class=\"excerpt-hellip\"> [\u2026]<\/span><\/p>\n","protected":false},"author":1,"featured_media":0,"parent":598,"menu_order":0,"comment_status":"closed","ping_status":"closed","template":"","meta":{"_exactmetrics_skip_tracking":false,"_exactmetrics_sitenote_active":false,"_exactmetrics_sitenote_note":"","_exactmetrics_sitenote_category":0,"footnotes":""},"class_list":["post-581","page","type-page","status-publish","hentry"],"yoast_head":"<!-- This site is optimized with the Yoast SEO plugin v27.4 - https:\/\/yoast.com\/product\/yoast-seo-wordpress\/ -->\n<title>Tiradores de aluminio para mobiliario, en diferentes acabados - Sambeat<\/title>\n<meta name=\"description\" content=\"Selecci\u00f3n de nuestros tiradores de aluminio moderno y juveniles, en diferentes acabados y formas para el hogar, ba\u00f1o y cocina.\" \/>\n<meta name=\"robots\" content=\"index, follow, max-snippet:-1, max-image-preview:large, max-video-preview:-1\" \/>\n<link rel=\"canonical\" href=\"https:\/\/sambeat.com\/en\/products\/product-families\/handles\/aluminium-handles\/\" \/>\n<meta property=\"og:locale\" content=\"en_US\" \/>\n<meta property=\"og:type\" content=\"article\" \/>\n<meta property=\"og:title\" content=\"Tiradores de aluminio para mobiliario, en diferentes acabados - Sambeat\" \/>\n<meta property=\"og:description\" content=\"Selecci\u00f3n de nuestros tiradores de aluminio moderno y juveniles, en diferentes acabados y formas para el hogar, ba\u00f1o y cocina.\" \/>\n<meta property=\"og:url\" content=\"https:\/\/sambeat.com\/en\/products\/product-families\/handles\/aluminium-handles\/\" \/>\n<meta property=\"og:site_name\" content=\"Sambeat\" \/>\n<meta property=\"article:modified_time\" content=\"2019-03-14T07:47:01+00:00\" \/>\n<meta property=\"og:image\" content=\"http:\/\/sambeat.com\/wp-content\/uploads\/2017\/04\/PERFILA-MECANIZAR-300x223.jpg\" \/>\n<meta name=\"twitter:card\" content=\"summary_large_image\" \/>\n<meta name=\"twitter:label1\" content=\"Est. reading time\" \/>\n\t<meta name=\"twitter:data1\" content=\"1 minute\" \/>\n<script type=\"application\/ld+json\" class=\"yoast-schema-graph\">{\"@context\":\"https:\\\/\\\/schema.org\",\"@graph\":[{\"@type\":\"WebPage\",\"@id\":\"https:\\\/\\\/sambeat.com\\\/en\\\/products\\\/product-families\\\/handles\\\/aluminium-handles\\\/\",\"url\":\"https:\\\/\\\/sambeat.com\\\/en\\\/products\\\/product-families\\\/handles\\\/aluminium-handles\\\/\",\"name\":\"Tiradores de aluminio para mobiliario, en diferentes acabados - Sambeat\",\"isPartOf\":{\"@id\":\"https:\\\/\\\/sambeat.com\\\/#website\"},\"primaryImageOfPage\":{\"@id\":\"https:\\\/\\\/sambeat.com\\\/en\\\/products\\\/product-families\\\/handles\\\/aluminium-handles\\\/#primaryimage\"},\"image\":{\"@id\":\"https:\\\/\\\/sambeat.com\\\/en\\\/products\\\/product-families\\\/handles\\\/aluminium-handles\\\/#primaryimage\"},\"thumbnailUrl\":\"http:\\\/\\\/sambeat.com\\\/wp-content\\\/uploads\\\/2017\\\/04\\\/PERFILA-MECANIZAR-300x223.jpg\",\"datePublished\":\"2017-04-21T07:15:21+00:00\",\"dateModified\":\"2019-03-14T07:47:01+00:00\",\"description\":\"Selecci\u00f3n de nuestros tiradores de aluminio moderno y juveniles, en diferentes acabados y formas para el hogar, ba\u00f1o y cocina.\",\"breadcrumb\":{\"@id\":\"https:\\\/\\\/sambeat.com\\\/en\\\/products\\\/product-families\\\/handles\\\/aluminium-handles\\\/#breadcrumb\"},\"inLanguage\":\"en-US\",\"potentialAction\":[{\"@type\":\"ReadAction\",\"target\":[\"https:\\\/\\\/sambeat.com\\\/en\\\/products\\\/product-families\\\/handles\\\/aluminium-handles\\\/\"]}]},{\"@type\":\"ImageObject\",\"inLanguage\":\"en-US\",\"@id\":\"https:\\\/\\\/sambeat.com\\\/en\\\/products\\\/product-families\\\/handles\\\/aluminium-handles\\\/#primaryimage\",\"url\":\"http:\\\/\\\/sambeat.com\\\/wp-content\\\/uploads\\\/2017\\\/04\\\/PERFILA-MECANIZAR-300x223.jpg\",\"contentUrl\":\"http:\\\/\\\/sambeat.com\\\/wp-content\\\/uploads\\\/2017\\\/04\\\/PERFILA-MECANIZAR-300x223.jpg\"},{\"@type\":\"BreadcrumbList\",\"@id\":\"https:\\\/\\\/sambeat.com\\\/en\\\/products\\\/product-families\\\/handles\\\/aluminium-handles\\\/#breadcrumb\",\"itemListElement\":[{\"@type\":\"ListItem\",\"position\":1,\"name\":\"Inicio\",\"item\":\"https:\\\/\\\/sambeat.com\\\/en\\\/\"},{\"@type\":\"ListItem\",\"position\":2,\"name\":\"PRODUCTS\",\"item\":\"https:\\\/\\\/sambeat.com\\\/en\\\/products\\\/\"},{\"@type\":\"ListItem\",\"position\":3,\"name\":\"PRODUCT FAMILIES\",\"item\":\"https:\\\/\\\/sambeat.com\\\/en\\\/products\\\/product-families\\\/\"},{\"@type\":\"ListItem\",\"position\":4,\"name\":\"HANDLES\",\"item\":\"https:\\\/\\\/sambeat.com\\\/en\\\/products\\\/product-families\\\/handles\\\/\"},{\"@type\":\"ListItem\",\"position\":5,\"name\":\"Aluminium Handles\"}]},{\"@type\":\"WebSite\",\"@id\":\"https:\\\/\\\/sambeat.com\\\/#website\",\"url\":\"https:\\\/\\\/sambeat.com\\\/\",\"name\":\"Sambeat\",\"description\":\"Manufacturing solutions\",\"publisher\":{\"@id\":\"https:\\\/\\\/sambeat.com\\\/#organization\"},\"potentialAction\":[{\"@type\":\"SearchAction\",\"target\":{\"@type\":\"EntryPoint\",\"urlTemplate\":\"https:\\\/\\\/sambeat.com\\\/?s={search_term_string}\"},\"query-input\":{\"@type\":\"PropertyValueSpecification\",\"valueRequired\":true,\"valueName\":\"search_term_string\"}}],\"inLanguage\":\"en-US\"},{\"@type\":\"Organization\",\"@id\":\"https:\\\/\\\/sambeat.com\\\/#organization\",\"name\":\"Sambeat\",\"url\":\"https:\\\/\\\/sambeat.com\\\/\",\"logo\":{\"@type\":\"ImageObject\",\"inLanguage\":\"en-US\",\"@id\":\"https:\\\/\\\/sambeat.com\\\/#\\\/schema\\\/logo\\\/image\\\/\",\"url\":\"http:\\\/\\\/sambeat.com\\\/wp-content\\\/uploads\\\/2017\\\/02\\\/logo.png\",\"contentUrl\":\"http:\\\/\\\/sambeat.com\\\/wp-content\\\/uploads\\\/2017\\\/02\\\/logo.png\",\"width\":320,\"height\":106,\"caption\":\"Sambeat\"},\"image\":{\"@id\":\"https:\\\/\\\/sambeat.com\\\/#\\\/schema\\\/logo\\\/image\\\/\"}}]}<\/script>\n<!-- \/ Yoast SEO plugin. -->","yoast_head_json":{"title":"Tiradores de aluminio para mobiliario, en diferentes acabados - Sambeat","description":"Selecci\u00f3n de nuestros tiradores de aluminio moderno y juveniles, en diferentes acabados y formas para el hogar, ba\u00f1o y cocina.","robots":{"index":"index","follow":"follow","max-snippet":"max-snippet:-1","max-image-preview":"max-image-preview:large","max-video-preview":"max-video-preview:-1"},"canonical":"https:\/\/sambeat.com\/en\/products\/product-families\/handles\/aluminium-handles\/","og_locale":"en_US","og_type":"article","og_title":"Tiradores de aluminio para mobiliario, en diferentes acabados - Sambeat","og_description":"Selecci\u00f3n de nuestros tiradores de aluminio moderno y juveniles, en diferentes acabados y formas para el hogar, ba\u00f1o y cocina.","og_url":"https:\/\/sambeat.com\/en\/products\/product-families\/handles\/aluminium-handles\/","og_site_name":"Sambeat","article_modified_time":"2019-03-14T07:47:01+00:00","og_image":[{"url":"http:\/\/sambeat.com\/wp-content\/uploads\/2017\/04\/PERFILA-MECANIZAR-300x223.jpg","type":"","width":"","height":""}],"twitter_card":"summary_large_image","twitter_misc":{"Est. reading time":"1 minute"},"schema":{"@context":"https:\/\/schema.org","@graph":[{"@type":"WebPage","@id":"https:\/\/sambeat.com\/en\/products\/product-families\/handles\/aluminium-handles\/","url":"https:\/\/sambeat.com\/en\/products\/product-families\/handles\/aluminium-handles\/","name":"Tiradores de aluminio para mobiliario, en diferentes acabados - Sambeat","isPartOf":{"@id":"https:\/\/sambeat.com\/#website"},"primaryImageOfPage":{"@id":"https:\/\/sambeat.com\/en\/products\/product-families\/handles\/aluminium-handles\/#primaryimage"},"image":{"@id":"https:\/\/sambeat.com\/en\/products\/product-families\/handles\/aluminium-handles\/#primaryimage"},"thumbnailUrl":"http:\/\/sambeat.com\/wp-content\/uploads\/2017\/04\/PERFILA-MECANIZAR-300x223.jpg","datePublished":"2017-04-21T07:15:21+00:00","dateModified":"2019-03-14T07:47:01+00:00","description":"Selecci\u00f3n de nuestros tiradores de aluminio moderno y juveniles, en diferentes acabados y formas para el hogar, ba\u00f1o y cocina.","breadcrumb":{"@id":"https:\/\/sambeat.com\/en\/products\/product-families\/handles\/aluminium-handles\/#breadcrumb"},"inLanguage":"en-US","potentialAction":[{"@type":"ReadAction","target":["https:\/\/sambeat.com\/en\/products\/product-families\/handles\/aluminium-handles\/"]}]},{"@type":"ImageObject","inLanguage":"en-US","@id":"https:\/\/sambeat.com\/en\/products\/product-families\/handles\/aluminium-handles\/#primaryimage","url":"http:\/\/sambeat.com\/wp-content\/uploads\/2017\/04\/PERFILA-MECANIZAR-300x223.jpg","contentUrl":"http:\/\/sambeat.com\/wp-content\/uploads\/2017\/04\/PERFILA-MECANIZAR-300x223.jpg"},{"@type":"BreadcrumbList","@id":"https:\/\/sambeat.com\/en\/products\/product-families\/handles\/aluminium-handles\/#breadcrumb","itemListElement":[{"@type":"ListItem","position":1,"name":"Inicio","item":"https:\/\/sambeat.com\/en\/"},{"@type":"ListItem","position":2,"name":"PRODUCTS","item":"https:\/\/sambeat.com\/en\/products\/"},{"@type":"ListItem","position":3,"name":"PRODUCT FAMILIES","item":"https:\/\/sambeat.com\/en\/products\/product-families\/"},{"@type":"ListItem","position":4,"name":"HANDLES","item":"https:\/\/sambeat.com\/en\/products\/product-families\/handles\/"},{"@type":"ListItem","position":5,"name":"Aluminium Handles"}]},{"@type":"WebSite","@id":"https:\/\/sambeat.com\/#website","url":"https:\/\/sambeat.com\/","name":"Sambeat","description":"Manufacturing solutions","publisher":{"@id":"https:\/\/sambeat.com\/#organization"},"potentialAction":[{"@type":"SearchAction","target":{"@type":"EntryPoint","urlTemplate":"https:\/\/sambeat.com\/?s={search_term_string}"},"query-input":{"@type":"PropertyValueSpecification","valueRequired":true,"valueName":"search_term_string"}}],"inLanguage":"en-US"},{"@type":"Organization","@id":"https:\/\/sambeat.com\/#organization","name":"Sambeat","url":"https:\/\/sambeat.com\/","logo":{"@type":"ImageObject","inLanguage":"en-US","@id":"https:\/\/sambeat.com\/#\/schema\/logo\/image\/","url":"http:\/\/sambeat.com\/wp-content\/uploads\/2017\/02\/logo.png","contentUrl":"http:\/\/sambeat.com\/wp-content\/uploads\/2017\/02\/logo.png","width":320,"height":106,"caption":"Sambeat"},"image":{"@id":"https:\/\/sambeat.com\/#\/schema\/logo\/image\/"}}]}},"_links":{"self":[{"href":"https:\/\/sambeat.com\/en\/wp-json\/wp\/v2\/pages\/581","targetHints":{"allow":["GET"]}}],"collection":[{"href":"https:\/\/sambeat.com\/en\/wp-json\/wp\/v2\/pages"}],"about":[{"href":"https:\/\/sambeat.com\/en\/wp-json\/wp\/v2\/types\/page"}],"author":[{"embeddable":true,"href":"https:\/\/sambeat.com\/en\/wp-json\/wp\/v2\/users\/1"}],"replies":[{"embeddable":true,"href":"https:\/\/sambeat.com\/en\/wp-json\/wp\/v2\/comments?post=581"}],"version-history":[{"count":4,"href":"https:\/\/sambeat.com\/en\/wp-json\/wp\/v2\/pages\/581\/revisions"}],"predecessor-version":[{"id":2901,"href":"https:\/\/sambeat.com\/en\/wp-json\/wp\/v2\/pages\/581\/revisions\/2901"}],"up":[{"embeddable":true,"href":"https:\/\/sambeat.com\/en\/wp-json\/wp\/v2\/pages\/598"}],"wp:attachment":[{"href":"https:\/\/sambeat.com\/en\/wp-json\/wp\/v2\/media?parent=581"}],"curies":[{"name":"wp","href":"https:\/\/api.w.org\/{rel}","templated":true}]}}