{"id":582,"date":"2017-04-21T07:14:30","date_gmt":"2017-04-21T07:14:30","guid":{"rendered":"http:\/\/sambeat.com\/vitrina\/"},"modified":"2019-03-13T16:08:19","modified_gmt":"2019-03-13T16:08:19","slug":"glassdoor","status":"publish","type":"page","link":"https:\/\/sambeat.com\/en\/products\/product-families\/valle-system\/glassdoor\/","title":{"rendered":"Glass Door Cabinet"},"content":{"rendered":"<div class=\"seotexto\" style=\"width: 70%; margin: auto; margin-bottom: 10%;\">\n<h2 style=\"text-align: left;\">Sistemas Valle, perfiler\u00eda para vitrinas.<\/h2>\n<p style=\"text-align: left; padding-left: 30px;\">Selecci\u00f3n de nuestro sistema Valle, la perfiler\u00eda para vitrinas es ideal para cualquier decoraci\u00f3n en el entorno del hogar: Muebles y armarios de comedor, dormitorio, ba\u00f1o y cocina.<\/p>\n<h4>Nuestros est\u00e1ndares de calidad en perfiler\u00eda y sistemas valle.<\/h4>\n<p style=\"padding-left: 30px;\">Todas nuestras productos cumplen con nuestros exigentes procesos de calidad.<\/p>\n<ul style=\"padding-left: 30px;\">\n<li>Sistema completo para cocinas y ba\u00f1os con eliminaci\u00f3n de tiradores superficiales.<\/li>\n<li>Amplia gama de perfiler\u00eda y accesorios.<\/li>\n<li>F\u00e1cil mecanizaci\u00f3n. Amplia gama de accesorios y acabados.<\/li>\n<li>Amplia gama de posibilidades en estructuras para cocina, mesas, bastidores, etc.<\/li>\n<\/ul>\n<div class=\"button_align align_center\"><a class=\"button  button_size_4 button_js\" href=\"http:\/\/sambeat.com\/wp-content\/uploads\/2018\/04\/Valle-Vitrina.pdf\" target=\"_blank\"    ><span class=\"button_label\">FAMILY PRODUCT CATALOGUE<\/span><\/a><\/div>\n\n<h4>Perfiler\u00eda de dise\u00f1o, sistema Valle.<img loading=\"lazy\" decoding=\"async\" class=\"alignright wp-image-151 size-medium\" style=\"margin-left: 2%;\" src=\"http:\/\/sambeat.com\/wp-content\/uploads\/2017\/03\/valle-vitrina-224x300.jpg\" alt=\"perfiler\u00eda para vitrina\" width=\"224\" height=\"300\" srcset=\"https:\/\/sambeat.com\/wp-content\/uploads\/2017\/03\/valle-vitrina-224x300.jpg 224w, https:\/\/sambeat.com\/wp-content\/uploads\/2017\/03\/valle-vitrina-109x146.jpg 109w, https:\/\/sambeat.com\/wp-content\/uploads\/2017\/03\/valle-vitrina-37x50.jpg 37w, https:\/\/sambeat.com\/wp-content\/uploads\/2017\/03\/valle-vitrina-56x75.jpg 56w, https:\/\/sambeat.com\/wp-content\/uploads\/2017\/03\/valle-vitrina.jpg 298w\" sizes=\"auto, (max-width: 224px) 100vw, 224px\" \/><\/h4>\n<p style=\"padding-left: 30px;\">La perfiler\u00eda de mobiliario es un sistema para la union de diferentes m\u00f3dulos de un mismo articulo, como muebles, armarios bancos de trabajo y cocina, as\u00ed como elementos est\u00e9ticos y funcionales de primer orden. Al utilizar estos sistemas de forma eficiente se consigue ajustar las necesidades del producto a un dise\u00f1o mas funcional y econ\u00f3mico.<\/p>\n<h4 class=\"p1\"><span class=\"s1\">Ventajas de la perfiler\u00eda para vitrinas.<\/span><\/h4>\n<p style=\"padding-left: 30px;\">Con la perfiler\u00eda para vitrinas podemos hacer mas resistentes y atractivas las vitrinas d\u00e1ndoles un aire mas elegante y resistente al acabado.<\/p>\n<\/div>\n","protected":false},"excerpt":{"rendered":"<p>Sistemas Valle, perfiler\u00eda para vitrinas. Selecci\u00f3n de nuestro sistema Valle, la perfiler\u00eda para vitrinas es ideal para cualquier decoraci\u00f3n en el entorno del hogar: Muebles y armarios de comedor, dormitorio, ba\u00f1o y cocina. Nuestros est\u00e1ndares de calidad en perfiler\u00eda y sistemas valle. Todas nuestras productos cumplen con nuestros exigentes procesos de calidad. Sistema completo para cocinas y ba\u00f1os con eliminaci\u00f3n de tiradores superficiales. Amplia gama de perfiler\u00eda y accesorios. F\u00e1cil mecanizaci\u00f3n. Amplia gama de accesorios y acabados. Amplia gama de posibilidades en estructuras para cocina, mesas, bastidores, etc. Perfiler\u00eda de<span class=\"excerpt-hellip\"> [\u2026]<\/span><\/p>\n","protected":false},"author":1,"featured_media":0,"parent":596,"menu_order":0,"comment_status":"closed","ping_status":"closed","template":"","meta":{"_exactmetrics_skip_tracking":false,"_exactmetrics_sitenote_active":false,"_exactmetrics_sitenote_note":"","_exactmetrics_sitenote_category":0,"footnotes":""},"class_list":["post-582","page","type-page","status-publish","hentry"],"yoast_head":"<!-- This site is optimized with the Yoast SEO plugin v27.4 - https:\/\/yoast.com\/product\/yoast-seo-wordpress\/ -->\n<title>Perfiler\u00eda para vitrinas y mobiliario, sistema Valle - Sambeat<\/title>\n<meta name=\"description\" content=\"Perfiler\u00eda para vitrinas y mobiliario, sistema Valle de Sambeat. PErfiler\u00eda resistente y de dise\u00f1o para mejorar el estilo y acabado del mobiliario\" \/>\n<meta name=\"robots\" content=\"index, follow, max-snippet:-1, max-image-preview:large, max-video-preview:-1\" \/>\n<link rel=\"canonical\" href=\"https:\/\/sambeat.com\/en\/products\/product-families\/valle-system\/glassdoor\/\" \/>\n<meta property=\"og:locale\" content=\"en_US\" \/>\n<meta property=\"og:type\" content=\"article\" \/>\n<meta property=\"og:title\" content=\"Perfiler\u00eda para vitrinas y mobiliario, sistema Valle - Sambeat\" \/>\n<meta property=\"og:description\" content=\"Perfiler\u00eda para vitrinas y mobiliario, sistema Valle de Sambeat. PErfiler\u00eda resistente y de dise\u00f1o para mejorar el estilo y acabado del mobiliario\" \/>\n<meta property=\"og:url\" content=\"https:\/\/sambeat.com\/en\/products\/product-families\/valle-system\/glassdoor\/\" \/>\n<meta property=\"og:site_name\" content=\"Sambeat\" \/>\n<meta property=\"article:modified_time\" content=\"2019-03-13T16:08:19+00:00\" \/>\n<meta property=\"og:image\" content=\"http:\/\/sambeat.com\/wp-content\/uploads\/2017\/03\/valle-vitrina-224x300.jpg\" \/>\n<meta name=\"twitter:card\" content=\"summary_large_image\" \/>\n<meta name=\"twitter:label1\" content=\"Est. reading time\" \/>\n\t<meta name=\"twitter:data1\" content=\"1 minute\" \/>\n<script type=\"application\/ld+json\" class=\"yoast-schema-graph\">{\"@context\":\"https:\\\/\\\/schema.org\",\"@graph\":[{\"@type\":\"WebPage\",\"@id\":\"https:\\\/\\\/sambeat.com\\\/en\\\/products\\\/product-families\\\/valle-system\\\/glassdoor\\\/\",\"url\":\"https:\\\/\\\/sambeat.com\\\/en\\\/products\\\/product-families\\\/valle-system\\\/glassdoor\\\/\",\"name\":\"Perfiler\u00eda para vitrinas y mobiliario, sistema Valle - Sambeat\",\"isPartOf\":{\"@id\":\"https:\\\/\\\/sambeat.com\\\/#website\"},\"primaryImageOfPage\":{\"@id\":\"https:\\\/\\\/sambeat.com\\\/en\\\/products\\\/product-families\\\/valle-system\\\/glassdoor\\\/#primaryimage\"},\"image\":{\"@id\":\"https:\\\/\\\/sambeat.com\\\/en\\\/products\\\/product-families\\\/valle-system\\\/glassdoor\\\/#primaryimage\"},\"thumbnailUrl\":\"http:\\\/\\\/sambeat.com\\\/wp-content\\\/uploads\\\/2017\\\/03\\\/valle-vitrina-224x300.jpg\",\"datePublished\":\"2017-04-21T07:14:30+00:00\",\"dateModified\":\"2019-03-13T16:08:19+00:00\",\"description\":\"Perfiler\u00eda para vitrinas y mobiliario, sistema Valle de Sambeat. PErfiler\u00eda resistente y de dise\u00f1o para mejorar el estilo y acabado del mobiliario\",\"breadcrumb\":{\"@id\":\"https:\\\/\\\/sambeat.com\\\/en\\\/products\\\/product-families\\\/valle-system\\\/glassdoor\\\/#breadcrumb\"},\"inLanguage\":\"en-US\",\"potentialAction\":[{\"@type\":\"ReadAction\",\"target\":[\"https:\\\/\\\/sambeat.com\\\/en\\\/products\\\/product-families\\\/valle-system\\\/glassdoor\\\/\"]}]},{\"@type\":\"ImageObject\",\"inLanguage\":\"en-US\",\"@id\":\"https:\\\/\\\/sambeat.com\\\/en\\\/products\\\/product-families\\\/valle-system\\\/glassdoor\\\/#primaryimage\",\"url\":\"http:\\\/\\\/sambeat.com\\\/wp-content\\\/uploads\\\/2017\\\/03\\\/valle-vitrina-224x300.jpg\",\"contentUrl\":\"http:\\\/\\\/sambeat.com\\\/wp-content\\\/uploads\\\/2017\\\/03\\\/valle-vitrina-224x300.jpg\"},{\"@type\":\"BreadcrumbList\",\"@id\":\"https:\\\/\\\/sambeat.com\\\/en\\\/products\\\/product-families\\\/valle-system\\\/glassdoor\\\/#breadcrumb\",\"itemListElement\":[{\"@type\":\"ListItem\",\"position\":1,\"name\":\"Inicio\",\"item\":\"https:\\\/\\\/sambeat.com\\\/en\\\/\"},{\"@type\":\"ListItem\",\"position\":2,\"name\":\"PRODUCTS\",\"item\":\"https:\\\/\\\/sambeat.com\\\/en\\\/products\\\/\"},{\"@type\":\"ListItem\",\"position\":3,\"name\":\"PRODUCT FAMILIES\",\"item\":\"https:\\\/\\\/sambeat.com\\\/en\\\/products\\\/product-families\\\/\"},{\"@type\":\"ListItem\",\"position\":4,\"name\":\"VALLE SYSTEM\",\"item\":\"https:\\\/\\\/sambeat.com\\\/en\\\/products\\\/product-families\\\/valle-system\\\/\"},{\"@type\":\"ListItem\",\"position\":5,\"name\":\"Glass Door Cabinet\"}]},{\"@type\":\"WebSite\",\"@id\":\"https:\\\/\\\/sambeat.com\\\/#website\",\"url\":\"https:\\\/\\\/sambeat.com\\\/\",\"name\":\"Sambeat\",\"description\":\"Manufacturing solutions\",\"publisher\":{\"@id\":\"https:\\\/\\\/sambeat.com\\\/#organization\"},\"potentialAction\":[{\"@type\":\"SearchAction\",\"target\":{\"@type\":\"EntryPoint\",\"urlTemplate\":\"https:\\\/\\\/sambeat.com\\\/?s={search_term_string}\"},\"query-input\":{\"@type\":\"PropertyValueSpecification\",\"valueRequired\":true,\"valueName\":\"search_term_string\"}}],\"inLanguage\":\"en-US\"},{\"@type\":\"Organization\",\"@id\":\"https:\\\/\\\/sambeat.com\\\/#organization\",\"name\":\"Sambeat\",\"url\":\"https:\\\/\\\/sambeat.com\\\/\",\"logo\":{\"@type\":\"ImageObject\",\"inLanguage\":\"en-US\",\"@id\":\"https:\\\/\\\/sambeat.com\\\/#\\\/schema\\\/logo\\\/image\\\/\",\"url\":\"http:\\\/\\\/sambeat.com\\\/wp-content\\\/uploads\\\/2017\\\/02\\\/logo.png\",\"contentUrl\":\"http:\\\/\\\/sambeat.com\\\/wp-content\\\/uploads\\\/2017\\\/02\\\/logo.png\",\"width\":320,\"height\":106,\"caption\":\"Sambeat\"},\"image\":{\"@id\":\"https:\\\/\\\/sambeat.com\\\/#\\\/schema\\\/logo\\\/image\\\/\"}}]}<\/script>\n<!-- \/ Yoast SEO plugin. -->","yoast_head_json":{"title":"Perfiler\u00eda para vitrinas y mobiliario, sistema Valle - Sambeat","description":"Perfiler\u00eda para vitrinas y mobiliario, sistema Valle de Sambeat. PErfiler\u00eda resistente y de dise\u00f1o para mejorar el estilo y acabado del mobiliario","robots":{"index":"index","follow":"follow","max-snippet":"max-snippet:-1","max-image-preview":"max-image-preview:large","max-video-preview":"max-video-preview:-1"},"canonical":"https:\/\/sambeat.com\/en\/products\/product-families\/valle-system\/glassdoor\/","og_locale":"en_US","og_type":"article","og_title":"Perfiler\u00eda para vitrinas y mobiliario, sistema Valle - Sambeat","og_description":"Perfiler\u00eda para vitrinas y mobiliario, sistema Valle de Sambeat. PErfiler\u00eda resistente y de dise\u00f1o para mejorar el estilo y acabado del mobiliario","og_url":"https:\/\/sambeat.com\/en\/products\/product-families\/valle-system\/glassdoor\/","og_site_name":"Sambeat","article_modified_time":"2019-03-13T16:08:19+00:00","og_image":[{"url":"http:\/\/sambeat.com\/wp-content\/uploads\/2017\/03\/valle-vitrina-224x300.jpg","type":"","width":"","height":""}],"twitter_card":"summary_large_image","twitter_misc":{"Est. reading time":"1 minute"},"schema":{"@context":"https:\/\/schema.org","@graph":[{"@type":"WebPage","@id":"https:\/\/sambeat.com\/en\/products\/product-families\/valle-system\/glassdoor\/","url":"https:\/\/sambeat.com\/en\/products\/product-families\/valle-system\/glassdoor\/","name":"Perfiler\u00eda para vitrinas y mobiliario, sistema Valle - Sambeat","isPartOf":{"@id":"https:\/\/sambeat.com\/#website"},"primaryImageOfPage":{"@id":"https:\/\/sambeat.com\/en\/products\/product-families\/valle-system\/glassdoor\/#primaryimage"},"image":{"@id":"https:\/\/sambeat.com\/en\/products\/product-families\/valle-system\/glassdoor\/#primaryimage"},"thumbnailUrl":"http:\/\/sambeat.com\/wp-content\/uploads\/2017\/03\/valle-vitrina-224x300.jpg","datePublished":"2017-04-21T07:14:30+00:00","dateModified":"2019-03-13T16:08:19+00:00","description":"Perfiler\u00eda para vitrinas y mobiliario, sistema Valle de Sambeat. PErfiler\u00eda resistente y de dise\u00f1o para mejorar el estilo y acabado del mobiliario","breadcrumb":{"@id":"https:\/\/sambeat.com\/en\/products\/product-families\/valle-system\/glassdoor\/#breadcrumb"},"inLanguage":"en-US","potentialAction":[{"@type":"ReadAction","target":["https:\/\/sambeat.com\/en\/products\/product-families\/valle-system\/glassdoor\/"]}]},{"@type":"ImageObject","inLanguage":"en-US","@id":"https:\/\/sambeat.com\/en\/products\/product-families\/valle-system\/glassdoor\/#primaryimage","url":"http:\/\/sambeat.com\/wp-content\/uploads\/2017\/03\/valle-vitrina-224x300.jpg","contentUrl":"http:\/\/sambeat.com\/wp-content\/uploads\/2017\/03\/valle-vitrina-224x300.jpg"},{"@type":"BreadcrumbList","@id":"https:\/\/sambeat.com\/en\/products\/product-families\/valle-system\/glassdoor\/#breadcrumb","itemListElement":[{"@type":"ListItem","position":1,"name":"Inicio","item":"https:\/\/sambeat.com\/en\/"},{"@type":"ListItem","position":2,"name":"PRODUCTS","item":"https:\/\/sambeat.com\/en\/products\/"},{"@type":"ListItem","position":3,"name":"PRODUCT FAMILIES","item":"https:\/\/sambeat.com\/en\/products\/product-families\/"},{"@type":"ListItem","position":4,"name":"VALLE SYSTEM","item":"https:\/\/sambeat.com\/en\/products\/product-families\/valle-system\/"},{"@type":"ListItem","position":5,"name":"Glass Door Cabinet"}]},{"@type":"WebSite","@id":"https:\/\/sambeat.com\/#website","url":"https:\/\/sambeat.com\/","name":"Sambeat","description":"Manufacturing solutions","publisher":{"@id":"https:\/\/sambeat.com\/#organization"},"potentialAction":[{"@type":"SearchAction","target":{"@type":"EntryPoint","urlTemplate":"https:\/\/sambeat.com\/?s={search_term_string}"},"query-input":{"@type":"PropertyValueSpecification","valueRequired":true,"valueName":"search_term_string"}}],"inLanguage":"en-US"},{"@type":"Organization","@id":"https:\/\/sambeat.com\/#organization","name":"Sambeat","url":"https:\/\/sambeat.com\/","logo":{"@type":"ImageObject","inLanguage":"en-US","@id":"https:\/\/sambeat.com\/#\/schema\/logo\/image\/","url":"http:\/\/sambeat.com\/wp-content\/uploads\/2017\/02\/logo.png","contentUrl":"http:\/\/sambeat.com\/wp-content\/uploads\/2017\/02\/logo.png","width":320,"height":106,"caption":"Sambeat"},"image":{"@id":"https:\/\/sambeat.com\/#\/schema\/logo\/image\/"}}]}},"_links":{"self":[{"href":"https:\/\/sambeat.com\/en\/wp-json\/wp\/v2\/pages\/582","targetHints":{"allow":["GET"]}}],"collection":[{"href":"https:\/\/sambeat.com\/en\/wp-json\/wp\/v2\/pages"}],"about":[{"href":"https:\/\/sambeat.com\/en\/wp-json\/wp\/v2\/types\/page"}],"author":[{"embeddable":true,"href":"https:\/\/sambeat.com\/en\/wp-json\/wp\/v2\/users\/1"}],"replies":[{"embeddable":true,"href":"https:\/\/sambeat.com\/en\/wp-json\/wp\/v2\/comments?post=582"}],"version-history":[{"count":5,"href":"https:\/\/sambeat.com\/en\/wp-json\/wp\/v2\/pages\/582\/revisions"}],"predecessor-version":[{"id":2897,"href":"https:\/\/sambeat.com\/en\/wp-json\/wp\/v2\/pages\/582\/revisions\/2897"}],"up":[{"embeddable":true,"href":"https:\/\/sambeat.com\/en\/wp-json\/wp\/v2\/pages\/596"}],"wp:attachment":[{"href":"https:\/\/sambeat.com\/en\/wp-json\/wp\/v2\/media?parent=582"}],"curies":[{"name":"wp","href":"https:\/\/api.w.org\/{rel}","templated":true}]}}