{"id":586,"date":"2017-03-03T10:57:42","date_gmt":"2017-03-03T10:57:42","guid":{"rendered":"http:\/\/sambeat.com\/hogar\/"},"modified":"2019-01-02T08:01:14","modified_gmt":"2019-01-02T08:01:14","slug":"home","status":"publish","type":"page","link":"https:\/\/sambeat.com\/en\/products\/solutions\/home\/","title":{"rendered":"HOME"},"content":{"rendered":"","protected":false},"excerpt":{"rendered":"","protected":false},"author":1,"featured_media":0,"parent":600,"menu_order":0,"comment_status":"closed","ping_status":"closed","template":"","meta":{"_exactmetrics_skip_tracking":false,"_exactmetrics_sitenote_active":false,"_exactmetrics_sitenote_note":"","_exactmetrics_sitenote_category":0,"footnotes":""},"class_list":["post-586","page","type-page","status-publish","hentry"],"yoast_head":"<!-- This site is optimized with the Yoast SEO plugin v27.4 - https:\/\/yoast.com\/product\/yoast-seo-wordpress\/ -->\n<title>Soluciones y accesorios para mobiliario del hogar - Sambeat<\/title>\n<meta name=\"description\" content=\"Selecci\u00f3n de nuestros accesorios para mobiliario del hogar, podr\u00e1s encontrar tanto patas, tiradores, perfiler\u00eda como sistemas modulares.\" \/>\n<meta name=\"robots\" content=\"index, follow, max-snippet:-1, max-image-preview:large, max-video-preview:-1\" \/>\n<link rel=\"canonical\" href=\"https:\/\/sambeat.com\/en\/products\/solutions\/home\/\" \/>\n<meta property=\"og:locale\" content=\"en_US\" \/>\n<meta property=\"og:type\" content=\"article\" \/>\n<meta property=\"og:title\" content=\"Soluciones y accesorios para mobiliario del hogar - Sambeat\" \/>\n<meta property=\"og:description\" content=\"Selecci\u00f3n de nuestros accesorios para mobiliario del hogar, podr\u00e1s encontrar tanto patas, tiradores, perfiler\u00eda como sistemas modulares.\" \/>\n<meta property=\"og:url\" content=\"https:\/\/sambeat.com\/en\/products\/solutions\/home\/\" \/>\n<meta property=\"og:site_name\" content=\"Sambeat\" \/>\n<meta property=\"article:modified_time\" content=\"2019-01-02T08:01:14+00:00\" \/>\n<meta name=\"twitter:card\" content=\"summary_large_image\" \/>\n<script type=\"application\/ld+json\" class=\"yoast-schema-graph\">{\"@context\":\"https:\\\/\\\/schema.org\",\"@graph\":[{\"@type\":\"WebPage\",\"@id\":\"https:\\\/\\\/sambeat.com\\\/en\\\/products\\\/solutions\\\/home\\\/\",\"url\":\"https:\\\/\\\/sambeat.com\\\/en\\\/products\\\/solutions\\\/home\\\/\",\"name\":\"Soluciones y accesorios para mobiliario del hogar - Sambeat\",\"isPartOf\":{\"@id\":\"https:\\\/\\\/sambeat.com\\\/#website\"},\"datePublished\":\"2017-03-03T10:57:42+00:00\",\"dateModified\":\"2019-01-02T08:01:14+00:00\",\"description\":\"Selecci\u00f3n de nuestros accesorios para mobiliario del hogar, podr\u00e1s encontrar tanto patas, tiradores, perfiler\u00eda como sistemas modulares.\",\"breadcrumb\":{\"@id\":\"https:\\\/\\\/sambeat.com\\\/en\\\/products\\\/solutions\\\/home\\\/#breadcrumb\"},\"inLanguage\":\"en-US\",\"potentialAction\":[{\"@type\":\"ReadAction\",\"target\":[\"https:\\\/\\\/sambeat.com\\\/en\\\/products\\\/solutions\\\/home\\\/\"]}]},{\"@type\":\"BreadcrumbList\",\"@id\":\"https:\\\/\\\/sambeat.com\\\/en\\\/products\\\/solutions\\\/home\\\/#breadcrumb\",\"itemListElement\":[{\"@type\":\"ListItem\",\"position\":1,\"name\":\"Inicio\",\"item\":\"https:\\\/\\\/sambeat.com\\\/en\\\/\"},{\"@type\":\"ListItem\",\"position\":2,\"name\":\"PRODUCTS\",\"item\":\"https:\\\/\\\/sambeat.com\\\/en\\\/products\\\/\"},{\"@type\":\"ListItem\",\"position\":3,\"name\":\"SOLUTIONS\",\"item\":\"https:\\\/\\\/sambeat.com\\\/en\\\/products\\\/solutions\\\/\"},{\"@type\":\"ListItem\",\"position\":4,\"name\":\"HOME\"}]},{\"@type\":\"WebSite\",\"@id\":\"https:\\\/\\\/sambeat.com\\\/#website\",\"url\":\"https:\\\/\\\/sambeat.com\\\/\",\"name\":\"Sambeat\",\"description\":\"Manufacturing solutions\",\"publisher\":{\"@id\":\"https:\\\/\\\/sambeat.com\\\/#organization\"},\"potentialAction\":[{\"@type\":\"SearchAction\",\"target\":{\"@type\":\"EntryPoint\",\"urlTemplate\":\"https:\\\/\\\/sambeat.com\\\/?s={search_term_string}\"},\"query-input\":{\"@type\":\"PropertyValueSpecification\",\"valueRequired\":true,\"valueName\":\"search_term_string\"}}],\"inLanguage\":\"en-US\"},{\"@type\":\"Organization\",\"@id\":\"https:\\\/\\\/sambeat.com\\\/#organization\",\"name\":\"Sambeat\",\"url\":\"https:\\\/\\\/sambeat.com\\\/\",\"logo\":{\"@type\":\"ImageObject\",\"inLanguage\":\"en-US\",\"@id\":\"https:\\\/\\\/sambeat.com\\\/#\\\/schema\\\/logo\\\/image\\\/\",\"url\":\"http:\\\/\\\/sambeat.com\\\/wp-content\\\/uploads\\\/2017\\\/02\\\/logo.png\",\"contentUrl\":\"http:\\\/\\\/sambeat.com\\\/wp-content\\\/uploads\\\/2017\\\/02\\\/logo.png\",\"width\":320,\"height\":106,\"caption\":\"Sambeat\"},\"image\":{\"@id\":\"https:\\\/\\\/sambeat.com\\\/#\\\/schema\\\/logo\\\/image\\\/\"}}]}<\/script>\n<!-- \/ Yoast SEO plugin. -->","yoast_head_json":{"title":"Soluciones y accesorios para mobiliario del hogar - Sambeat","description":"Selecci\u00f3n de nuestros accesorios para mobiliario del hogar, podr\u00e1s encontrar tanto patas, tiradores, perfiler\u00eda como sistemas modulares.","robots":{"index":"index","follow":"follow","max-snippet":"max-snippet:-1","max-image-preview":"max-image-preview:large","max-video-preview":"max-video-preview:-1"},"canonical":"https:\/\/sambeat.com\/en\/products\/solutions\/home\/","og_locale":"en_US","og_type":"article","og_title":"Soluciones y accesorios para mobiliario del hogar - Sambeat","og_description":"Selecci\u00f3n de nuestros accesorios para mobiliario del hogar, podr\u00e1s encontrar tanto patas, tiradores, perfiler\u00eda como sistemas modulares.","og_url":"https:\/\/sambeat.com\/en\/products\/solutions\/home\/","og_site_name":"Sambeat","article_modified_time":"2019-01-02T08:01:14+00:00","twitter_card":"summary_large_image","schema":{"@context":"https:\/\/schema.org","@graph":[{"@type":"WebPage","@id":"https:\/\/sambeat.com\/en\/products\/solutions\/home\/","url":"https:\/\/sambeat.com\/en\/products\/solutions\/home\/","name":"Soluciones y accesorios para mobiliario del hogar - Sambeat","isPartOf":{"@id":"https:\/\/sambeat.com\/#website"},"datePublished":"2017-03-03T10:57:42+00:00","dateModified":"2019-01-02T08:01:14+00:00","description":"Selecci\u00f3n de nuestros accesorios para mobiliario del hogar, podr\u00e1s encontrar tanto patas, tiradores, perfiler\u00eda como sistemas modulares.","breadcrumb":{"@id":"https:\/\/sambeat.com\/en\/products\/solutions\/home\/#breadcrumb"},"inLanguage":"en-US","potentialAction":[{"@type":"ReadAction","target":["https:\/\/sambeat.com\/en\/products\/solutions\/home\/"]}]},{"@type":"BreadcrumbList","@id":"https:\/\/sambeat.com\/en\/products\/solutions\/home\/#breadcrumb","itemListElement":[{"@type":"ListItem","position":1,"name":"Inicio","item":"https:\/\/sambeat.com\/en\/"},{"@type":"ListItem","position":2,"name":"PRODUCTS","item":"https:\/\/sambeat.com\/en\/products\/"},{"@type":"ListItem","position":3,"name":"SOLUTIONS","item":"https:\/\/sambeat.com\/en\/products\/solutions\/"},{"@type":"ListItem","position":4,"name":"HOME"}]},{"@type":"WebSite","@id":"https:\/\/sambeat.com\/#website","url":"https:\/\/sambeat.com\/","name":"Sambeat","description":"Manufacturing solutions","publisher":{"@id":"https:\/\/sambeat.com\/#organization"},"potentialAction":[{"@type":"SearchAction","target":{"@type":"EntryPoint","urlTemplate":"https:\/\/sambeat.com\/?s={search_term_string}"},"query-input":{"@type":"PropertyValueSpecification","valueRequired":true,"valueName":"search_term_string"}}],"inLanguage":"en-US"},{"@type":"Organization","@id":"https:\/\/sambeat.com\/#organization","name":"Sambeat","url":"https:\/\/sambeat.com\/","logo":{"@type":"ImageObject","inLanguage":"en-US","@id":"https:\/\/sambeat.com\/#\/schema\/logo\/image\/","url":"http:\/\/sambeat.com\/wp-content\/uploads\/2017\/02\/logo.png","contentUrl":"http:\/\/sambeat.com\/wp-content\/uploads\/2017\/02\/logo.png","width":320,"height":106,"caption":"Sambeat"},"image":{"@id":"https:\/\/sambeat.com\/#\/schema\/logo\/image\/"}}]}},"_links":{"self":[{"href":"https:\/\/sambeat.com\/en\/wp-json\/wp\/v2\/pages\/586","targetHints":{"allow":["GET"]}}],"collection":[{"href":"https:\/\/sambeat.com\/en\/wp-json\/wp\/v2\/pages"}],"about":[{"href":"https:\/\/sambeat.com\/en\/wp-json\/wp\/v2\/types\/page"}],"author":[{"embeddable":true,"href":"https:\/\/sambeat.com\/en\/wp-json\/wp\/v2\/users\/1"}],"replies":[{"embeddable":true,"href":"https:\/\/sambeat.com\/en\/wp-json\/wp\/v2\/comments?post=586"}],"version-history":[{"count":2,"href":"https:\/\/sambeat.com\/en\/wp-json\/wp\/v2\/pages\/586\/revisions"}],"predecessor-version":[{"id":1892,"href":"https:\/\/sambeat.com\/en\/wp-json\/wp\/v2\/pages\/586\/revisions\/1892"}],"up":[{"embeddable":true,"href":"https:\/\/sambeat.com\/en\/wp-json\/wp\/v2\/pages\/600"}],"wp:attachment":[{"href":"https:\/\/sambeat.com\/en\/wp-json\/wp\/v2\/media?parent=586"}],"curies":[{"name":"wp","href":"https:\/\/api.w.org\/{rel}","templated":true}]}}