{"id":593,"date":"2017-04-21T07:09:14","date_gmt":"2017-04-21T07:09:14","guid":{"rendered":"http:\/\/sambeat.com\/inclinada\/"},"modified":"2019-03-13T09:40:54","modified_gmt":"2019-03-13T09:40:54","slug":"inclined-legs","status":"publish","type":"page","link":"https:\/\/sambeat.com\/en\/products\/product-families\/legs\/inclined-legs\/","title":{"rendered":"Inclined Legs"},"content":{"rendered":"<div style=\"width: 70%; margin: auto; margin-bottom: 10%;\">\n<h2 style=\"text-align: left;\">Patas inclinadas.<\/h2>\n<p style=\"text-align: left; padding-left: 30px;\">Selecci\u00f3n de nuestras patas inclinadas, un referente de estilo y dise\u00f1o muy de moda en los \u00faltimos a\u00f1os. Disponemos de patas para mesas, sillas y mobiliario en general; .<\/p>\n<div class=\"button_align align_center\"><a class=\"button  button_size_4 button_js\" href=\"http:\/\/sambeat.com\/wp-content\/uploads\/2018\/04\/Inclinadas.pdf\" target=\"_blank\"    ><span class=\"button_label\">FAMILY PRODUCT CATALOGUE<\/span><\/a><\/div>\n\n<h4>Patas inclinadas, moda y dise\u00f1o.<img loading=\"lazy\" decoding=\"async\" class=\"alignright wp-image-140 size-medium\" style=\"margin-left: 2%;\" src=\"http:\/\/sambeat.com\/wp-content\/uploads\/2017\/03\/inclinadas-224x300.jpg\" alt=\"Patas inclinadas\" width=\"224\" height=\"300\" srcset=\"https:\/\/sambeat.com\/wp-content\/uploads\/2017\/03\/inclinadas-224x300.jpg 224w, https:\/\/sambeat.com\/wp-content\/uploads\/2017\/03\/inclinadas-109x146.jpg 109w, https:\/\/sambeat.com\/wp-content\/uploads\/2017\/03\/inclinadas-37x50.jpg 37w, https:\/\/sambeat.com\/wp-content\/uploads\/2017\/03\/inclinadas-56x75.jpg 56w, https:\/\/sambeat.com\/wp-content\/uploads\/2017\/03\/inclinadas.jpg 298w\" sizes=\"auto, (max-width: 224px) 100vw, 224px\" \/><\/h4>\n<p style=\"padding-left: 30px;\">En los \u00faltimos a\u00f1os la tendencia est\u00e9tica ha dado un vuelco en el uso de las patas como elemento est\u00e9tico dentro del conjunto del mobiliario. En Sambeat disponemos de patas de patas inclinadas de madera, aluminio y pl\u00e1stico, disponibles en varias alturas e incluso patas inclinadas bajas reforzadas para mobiliario resistente como sof\u00e1s y camas.<\/p>\n<\/div>\n","protected":false},"excerpt":{"rendered":"<p>Patas inclinadas. Selecci\u00f3n de nuestras patas inclinadas, un referente de estilo y dise\u00f1o muy de moda en los \u00faltimos a\u00f1os. Disponemos de patas para mesas, sillas y mobiliario en general; . Patas inclinadas, moda y dise\u00f1o. En los \u00faltimos a\u00f1os la tendencia est\u00e9tica ha dado un vuelco en el uso de las patas como elemento est\u00e9tico dentro del conjunto del mobiliario. En Sambeat disponemos de patas de patas inclinadas de madera, aluminio y pl\u00e1stico, disponibles en varias alturas e incluso patas inclinadas bajas reforzadas para mobiliario resistente como sof\u00e1s y<span class=\"excerpt-hellip\"> [\u2026]<\/span><\/p>\n","protected":false},"author":1,"featured_media":0,"parent":599,"menu_order":0,"comment_status":"closed","ping_status":"closed","template":"","meta":{"_exactmetrics_skip_tracking":false,"_exactmetrics_sitenote_active":false,"_exactmetrics_sitenote_note":"","_exactmetrics_sitenote_category":0,"footnotes":""},"class_list":["post-593","page","type-page","status-publish","hentry"],"yoast_head":"<!-- This site is optimized with the Yoast SEO plugin v27.4 - https:\/\/yoast.com\/product\/yoast-seo-wordpress\/ -->\n<title>Patas inclinadas para mobiliario hogar u oficina - Sambeat<\/title>\n<meta name=\"description\" content=\"Patas inclinadas para mobiliario, en diferentes materiales para el hogar o la oficina. En diferentes materiales y acabados.\" \/>\n<meta name=\"robots\" content=\"index, follow, max-snippet:-1, max-image-preview:large, max-video-preview:-1\" \/>\n<link rel=\"canonical\" href=\"https:\/\/sambeat.com\/en\/products\/product-families\/legs\/inclined-legs\/\" \/>\n<meta property=\"og:locale\" content=\"en_US\" \/>\n<meta property=\"og:type\" content=\"article\" \/>\n<meta property=\"og:title\" content=\"Patas inclinadas para mobiliario hogar u oficina - Sambeat\" \/>\n<meta property=\"og:description\" content=\"Patas inclinadas para mobiliario, en diferentes materiales para el hogar o la oficina. En diferentes materiales y acabados.\" \/>\n<meta property=\"og:url\" content=\"https:\/\/sambeat.com\/en\/products\/product-families\/legs\/inclined-legs\/\" \/>\n<meta property=\"og:site_name\" content=\"Sambeat\" \/>\n<meta property=\"article:modified_time\" content=\"2019-03-13T09:40:54+00:00\" \/>\n<meta property=\"og:image\" content=\"http:\/\/sambeat.com\/wp-content\/uploads\/2017\/03\/inclinadas-224x300.jpg\" \/>\n<meta name=\"twitter:card\" content=\"summary_large_image\" \/>\n<meta name=\"twitter:label1\" content=\"Est. reading time\" \/>\n\t<meta name=\"twitter:data1\" content=\"1 minute\" \/>\n<script type=\"application\/ld+json\" class=\"yoast-schema-graph\">{\"@context\":\"https:\\\/\\\/schema.org\",\"@graph\":[{\"@type\":\"WebPage\",\"@id\":\"https:\\\/\\\/sambeat.com\\\/en\\\/products\\\/product-families\\\/legs\\\/inclined-legs\\\/\",\"url\":\"https:\\\/\\\/sambeat.com\\\/en\\\/products\\\/product-families\\\/legs\\\/inclined-legs\\\/\",\"name\":\"Patas inclinadas para mobiliario hogar u oficina - Sambeat\",\"isPartOf\":{\"@id\":\"https:\\\/\\\/sambeat.com\\\/#website\"},\"primaryImageOfPage\":{\"@id\":\"https:\\\/\\\/sambeat.com\\\/en\\\/products\\\/product-families\\\/legs\\\/inclined-legs\\\/#primaryimage\"},\"image\":{\"@id\":\"https:\\\/\\\/sambeat.com\\\/en\\\/products\\\/product-families\\\/legs\\\/inclined-legs\\\/#primaryimage\"},\"thumbnailUrl\":\"http:\\\/\\\/sambeat.com\\\/wp-content\\\/uploads\\\/2017\\\/03\\\/inclinadas-224x300.jpg\",\"datePublished\":\"2017-04-21T07:09:14+00:00\",\"dateModified\":\"2019-03-13T09:40:54+00:00\",\"description\":\"Patas inclinadas para mobiliario, en diferentes materiales para el hogar o la oficina. En diferentes materiales y acabados.\",\"breadcrumb\":{\"@id\":\"https:\\\/\\\/sambeat.com\\\/en\\\/products\\\/product-families\\\/legs\\\/inclined-legs\\\/#breadcrumb\"},\"inLanguage\":\"en-US\",\"potentialAction\":[{\"@type\":\"ReadAction\",\"target\":[\"https:\\\/\\\/sambeat.com\\\/en\\\/products\\\/product-families\\\/legs\\\/inclined-legs\\\/\"]}]},{\"@type\":\"ImageObject\",\"inLanguage\":\"en-US\",\"@id\":\"https:\\\/\\\/sambeat.com\\\/en\\\/products\\\/product-families\\\/legs\\\/inclined-legs\\\/#primaryimage\",\"url\":\"http:\\\/\\\/sambeat.com\\\/wp-content\\\/uploads\\\/2017\\\/03\\\/inclinadas-224x300.jpg\",\"contentUrl\":\"http:\\\/\\\/sambeat.com\\\/wp-content\\\/uploads\\\/2017\\\/03\\\/inclinadas-224x300.jpg\"},{\"@type\":\"BreadcrumbList\",\"@id\":\"https:\\\/\\\/sambeat.com\\\/en\\\/products\\\/product-families\\\/legs\\\/inclined-legs\\\/#breadcrumb\",\"itemListElement\":[{\"@type\":\"ListItem\",\"position\":1,\"name\":\"Inicio\",\"item\":\"https:\\\/\\\/sambeat.com\\\/en\\\/\"},{\"@type\":\"ListItem\",\"position\":2,\"name\":\"PRODUCTS\",\"item\":\"https:\\\/\\\/sambeat.com\\\/en\\\/products\\\/\"},{\"@type\":\"ListItem\",\"position\":3,\"name\":\"PRODUCT FAMILIES\",\"item\":\"https:\\\/\\\/sambeat.com\\\/en\\\/products\\\/product-families\\\/\"},{\"@type\":\"ListItem\",\"position\":4,\"name\":\"LEGS\",\"item\":\"https:\\\/\\\/sambeat.com\\\/en\\\/products\\\/product-families\\\/legs\\\/\"},{\"@type\":\"ListItem\",\"position\":5,\"name\":\"Inclined Legs\"}]},{\"@type\":\"WebSite\",\"@id\":\"https:\\\/\\\/sambeat.com\\\/#website\",\"url\":\"https:\\\/\\\/sambeat.com\\\/\",\"name\":\"Sambeat\",\"description\":\"Manufacturing solutions\",\"publisher\":{\"@id\":\"https:\\\/\\\/sambeat.com\\\/#organization\"},\"potentialAction\":[{\"@type\":\"SearchAction\",\"target\":{\"@type\":\"EntryPoint\",\"urlTemplate\":\"https:\\\/\\\/sambeat.com\\\/?s={search_term_string}\"},\"query-input\":{\"@type\":\"PropertyValueSpecification\",\"valueRequired\":true,\"valueName\":\"search_term_string\"}}],\"inLanguage\":\"en-US\"},{\"@type\":\"Organization\",\"@id\":\"https:\\\/\\\/sambeat.com\\\/#organization\",\"name\":\"Sambeat\",\"url\":\"https:\\\/\\\/sambeat.com\\\/\",\"logo\":{\"@type\":\"ImageObject\",\"inLanguage\":\"en-US\",\"@id\":\"https:\\\/\\\/sambeat.com\\\/#\\\/schema\\\/logo\\\/image\\\/\",\"url\":\"http:\\\/\\\/sambeat.com\\\/wp-content\\\/uploads\\\/2017\\\/02\\\/logo.png\",\"contentUrl\":\"http:\\\/\\\/sambeat.com\\\/wp-content\\\/uploads\\\/2017\\\/02\\\/logo.png\",\"width\":320,\"height\":106,\"caption\":\"Sambeat\"},\"image\":{\"@id\":\"https:\\\/\\\/sambeat.com\\\/#\\\/schema\\\/logo\\\/image\\\/\"}}]}<\/script>\n<!-- \/ Yoast SEO plugin. -->","yoast_head_json":{"title":"Patas inclinadas para mobiliario hogar u oficina - Sambeat","description":"Patas inclinadas para mobiliario, en diferentes materiales para el hogar o la oficina. En diferentes materiales y acabados.","robots":{"index":"index","follow":"follow","max-snippet":"max-snippet:-1","max-image-preview":"max-image-preview:large","max-video-preview":"max-video-preview:-1"},"canonical":"https:\/\/sambeat.com\/en\/products\/product-families\/legs\/inclined-legs\/","og_locale":"en_US","og_type":"article","og_title":"Patas inclinadas para mobiliario hogar u oficina - Sambeat","og_description":"Patas inclinadas para mobiliario, en diferentes materiales para el hogar o la oficina. En diferentes materiales y acabados.","og_url":"https:\/\/sambeat.com\/en\/products\/product-families\/legs\/inclined-legs\/","og_site_name":"Sambeat","article_modified_time":"2019-03-13T09:40:54+00:00","og_image":[{"url":"http:\/\/sambeat.com\/wp-content\/uploads\/2017\/03\/inclinadas-224x300.jpg","type":"","width":"","height":""}],"twitter_card":"summary_large_image","twitter_misc":{"Est. reading time":"1 minute"},"schema":{"@context":"https:\/\/schema.org","@graph":[{"@type":"WebPage","@id":"https:\/\/sambeat.com\/en\/products\/product-families\/legs\/inclined-legs\/","url":"https:\/\/sambeat.com\/en\/products\/product-families\/legs\/inclined-legs\/","name":"Patas inclinadas para mobiliario hogar u oficina - Sambeat","isPartOf":{"@id":"https:\/\/sambeat.com\/#website"},"primaryImageOfPage":{"@id":"https:\/\/sambeat.com\/en\/products\/product-families\/legs\/inclined-legs\/#primaryimage"},"image":{"@id":"https:\/\/sambeat.com\/en\/products\/product-families\/legs\/inclined-legs\/#primaryimage"},"thumbnailUrl":"http:\/\/sambeat.com\/wp-content\/uploads\/2017\/03\/inclinadas-224x300.jpg","datePublished":"2017-04-21T07:09:14+00:00","dateModified":"2019-03-13T09:40:54+00:00","description":"Patas inclinadas para mobiliario, en diferentes materiales para el hogar o la oficina. En diferentes materiales y acabados.","breadcrumb":{"@id":"https:\/\/sambeat.com\/en\/products\/product-families\/legs\/inclined-legs\/#breadcrumb"},"inLanguage":"en-US","potentialAction":[{"@type":"ReadAction","target":["https:\/\/sambeat.com\/en\/products\/product-families\/legs\/inclined-legs\/"]}]},{"@type":"ImageObject","inLanguage":"en-US","@id":"https:\/\/sambeat.com\/en\/products\/product-families\/legs\/inclined-legs\/#primaryimage","url":"http:\/\/sambeat.com\/wp-content\/uploads\/2017\/03\/inclinadas-224x300.jpg","contentUrl":"http:\/\/sambeat.com\/wp-content\/uploads\/2017\/03\/inclinadas-224x300.jpg"},{"@type":"BreadcrumbList","@id":"https:\/\/sambeat.com\/en\/products\/product-families\/legs\/inclined-legs\/#breadcrumb","itemListElement":[{"@type":"ListItem","position":1,"name":"Inicio","item":"https:\/\/sambeat.com\/en\/"},{"@type":"ListItem","position":2,"name":"PRODUCTS","item":"https:\/\/sambeat.com\/en\/products\/"},{"@type":"ListItem","position":3,"name":"PRODUCT FAMILIES","item":"https:\/\/sambeat.com\/en\/products\/product-families\/"},{"@type":"ListItem","position":4,"name":"LEGS","item":"https:\/\/sambeat.com\/en\/products\/product-families\/legs\/"},{"@type":"ListItem","position":5,"name":"Inclined Legs"}]},{"@type":"WebSite","@id":"https:\/\/sambeat.com\/#website","url":"https:\/\/sambeat.com\/","name":"Sambeat","description":"Manufacturing solutions","publisher":{"@id":"https:\/\/sambeat.com\/#organization"},"potentialAction":[{"@type":"SearchAction","target":{"@type":"EntryPoint","urlTemplate":"https:\/\/sambeat.com\/?s={search_term_string}"},"query-input":{"@type":"PropertyValueSpecification","valueRequired":true,"valueName":"search_term_string"}}],"inLanguage":"en-US"},{"@type":"Organization","@id":"https:\/\/sambeat.com\/#organization","name":"Sambeat","url":"https:\/\/sambeat.com\/","logo":{"@type":"ImageObject","inLanguage":"en-US","@id":"https:\/\/sambeat.com\/#\/schema\/logo\/image\/","url":"http:\/\/sambeat.com\/wp-content\/uploads\/2017\/02\/logo.png","contentUrl":"http:\/\/sambeat.com\/wp-content\/uploads\/2017\/02\/logo.png","width":320,"height":106,"caption":"Sambeat"},"image":{"@id":"https:\/\/sambeat.com\/#\/schema\/logo\/image\/"}}]}},"_links":{"self":[{"href":"https:\/\/sambeat.com\/en\/wp-json\/wp\/v2\/pages\/593","targetHints":{"allow":["GET"]}}],"collection":[{"href":"https:\/\/sambeat.com\/en\/wp-json\/wp\/v2\/pages"}],"about":[{"href":"https:\/\/sambeat.com\/en\/wp-json\/wp\/v2\/types\/page"}],"author":[{"embeddable":true,"href":"https:\/\/sambeat.com\/en\/wp-json\/wp\/v2\/users\/1"}],"replies":[{"embeddable":true,"href":"https:\/\/sambeat.com\/en\/wp-json\/wp\/v2\/comments?post=593"}],"version-history":[{"count":6,"href":"https:\/\/sambeat.com\/en\/wp-json\/wp\/v2\/pages\/593\/revisions"}],"predecessor-version":[{"id":2878,"href":"https:\/\/sambeat.com\/en\/wp-json\/wp\/v2\/pages\/593\/revisions\/2878"}],"up":[{"embeddable":true,"href":"https:\/\/sambeat.com\/en\/wp-json\/wp\/v2\/pages\/599"}],"wp:attachment":[{"href":"https:\/\/sambeat.com\/en\/wp-json\/wp\/v2\/media?parent=593"}],"curies":[{"name":"wp","href":"https:\/\/api.w.org\/{rel}","templated":true}]}}