{"id":594,"date":"2017-04-21T07:08:48","date_gmt":"2017-04-21T07:08:48","guid":{"rendered":"http:\/\/sambeat.com\/mesa\/"},"modified":"2019-03-13T09:35:35","modified_gmt":"2019-03-13T09:35:35","slug":"table-legs","status":"publish","type":"page","link":"https:\/\/sambeat.com\/en\/products\/product-families\/legs\/table-legs\/","title":{"rendered":"TABLE LEGS"},"content":{"rendered":"<div style=\"width: 70%; margin: auto; margin-bottom: 10%;\">\n<h2 style=\"text-align: left;\">Patas para mesas<\/h2>\n<p style=\"text-align: left; padding-left: 30px;\">Selecci\u00f3n de nuestras patas para mesas para cualquier decoraci\u00f3n en el entorno del hogar, desde comedor, ba\u00f1o y hasta cocina. Podr\u00e1s encontrar tanto patas de madera, aluminio como pl\u00e1stico con diferentes alturas.<\/p>\n<div class=\"button_align align_center\"><a class=\"button  button_size_4 button_js\" href=\"http:\/\/sambeat.com\/wp-content\/uploads\/2018\/04\/Patas-Mesa.pdf\" target=\"_blank\"    ><span class=\"button_label\">FAMILY PRODUCT CATALOGUE<\/span><\/a><\/div>\n\n<h4>Dise\u00f1o desde las patas .<img loading=\"lazy\" decoding=\"async\" class=\"alignright wp-image-139 size-medium\" style=\"margin-left: 2%;\" src=\"http:\/\/sambeat.com\/wp-content\/uploads\/2017\/03\/mesas-224x300.jpg\" alt=\"Patas para mesas\" width=\"224\" height=\"300\" srcset=\"https:\/\/sambeat.com\/wp-content\/uploads\/2017\/03\/mesas-224x300.jpg 224w, https:\/\/sambeat.com\/wp-content\/uploads\/2017\/03\/mesas-109x146.jpg 109w, https:\/\/sambeat.com\/wp-content\/uploads\/2017\/03\/mesas-37x50.jpg 37w, https:\/\/sambeat.com\/wp-content\/uploads\/2017\/03\/mesas-56x75.jpg 56w, https:\/\/sambeat.com\/wp-content\/uploads\/2017\/03\/mesas.jpg 298w\" sizes=\"auto, (max-width: 224px) 100vw, 224px\" \/><\/h4>\n<p style=\"padding-left: 30px;\">Las patas de mesa son sin duda el exponente mismo del mobiliario tanto de oficina como del hogar, nuestro amplio abanico de oferta tanto en patas de aluminio como madera y pl\u00e1stico. En Sambeat podr\u00e1s seleccionar entre un amplio abanico de patas de diferentes alturas y materiales, desde aluminio y acabados en brillo para dar un aire fresco y moderno, pasando por pl\u00e1sticos y sus acabados mater o lisos que dan un aire neutro y dejan central la atenci\u00f3n en el material del mueble; hasta la madera en diferentes acabados y colores que le confiere a la mesa una presencia mas acogedor sin perder el aire moderno del producto.<\/p>\n<p class=\"p1\" style=\"padding-left: 30px;\">\n<\/div>\n","protected":false},"excerpt":{"rendered":"<p>Patas para mesas Selecci\u00f3n de nuestras patas para mesas para cualquier decoraci\u00f3n en el entorno del hogar, desde comedor, ba\u00f1o y hasta cocina. Podr\u00e1s encontrar tanto patas de madera, aluminio como pl\u00e1stico con diferentes alturas. Dise\u00f1o desde las patas . Las patas de mesa son sin duda el exponente mismo del mobiliario tanto de oficina como del hogar, nuestro amplio abanico de oferta tanto en patas de aluminio como madera y pl\u00e1stico. En Sambeat podr\u00e1s seleccionar entre un amplio abanico de patas de diferentes alturas y materiales, desde aluminio y<span class=\"excerpt-hellip\"> [\u2026]<\/span><\/p>\n","protected":false},"author":1,"featured_media":0,"parent":599,"menu_order":0,"comment_status":"closed","ping_status":"closed","template":"","meta":{"_exactmetrics_skip_tracking":false,"_exactmetrics_sitenote_active":false,"_exactmetrics_sitenote_note":"","_exactmetrics_sitenote_category":0,"footnotes":""},"class_list":["post-594","page","type-page","status-publish","hentry"],"yoast_head":"<!-- This site is optimized with the Yoast SEO plugin v27.4 - https:\/\/yoast.com\/product\/yoast-seo-wordpress\/ -->\n<title>Patas para mesas, en diferentes materiales y estilos - Sambeat<\/title>\n<meta name=\"description\" content=\"Patas para mesas en aluminio, madera y pl\u00e1stico, con acabados mate, lisos y brillo; patas fijas, inclinadas y regulables.\" \/>\n<meta name=\"robots\" content=\"index, follow, max-snippet:-1, max-image-preview:large, max-video-preview:-1\" \/>\n<link rel=\"canonical\" href=\"https:\/\/sambeat.com\/en\/products\/product-families\/legs\/table-legs\/\" \/>\n<meta property=\"og:locale\" content=\"en_US\" \/>\n<meta property=\"og:type\" content=\"article\" \/>\n<meta property=\"og:title\" content=\"Patas para mesas, en diferentes materiales y estilos - Sambeat\" \/>\n<meta property=\"og:description\" content=\"Patas para mesas en aluminio, madera y pl\u00e1stico, con acabados mate, lisos y brillo; patas fijas, inclinadas y regulables.\" \/>\n<meta property=\"og:url\" content=\"https:\/\/sambeat.com\/en\/products\/product-families\/legs\/table-legs\/\" \/>\n<meta property=\"og:site_name\" content=\"Sambeat\" \/>\n<meta property=\"article:modified_time\" content=\"2019-03-13T09:35:35+00:00\" \/>\n<meta property=\"og:image\" content=\"http:\/\/sambeat.com\/wp-content\/uploads\/2017\/03\/mesas-224x300.jpg\" \/>\n<meta name=\"twitter:card\" content=\"summary_large_image\" \/>\n<meta name=\"twitter:label1\" content=\"Est. reading time\" \/>\n\t<meta name=\"twitter:data1\" content=\"1 minute\" \/>\n<script type=\"application\/ld+json\" class=\"yoast-schema-graph\">{\"@context\":\"https:\\\/\\\/schema.org\",\"@graph\":[{\"@type\":\"WebPage\",\"@id\":\"https:\\\/\\\/sambeat.com\\\/en\\\/products\\\/product-families\\\/legs\\\/table-legs\\\/\",\"url\":\"https:\\\/\\\/sambeat.com\\\/en\\\/products\\\/product-families\\\/legs\\\/table-legs\\\/\",\"name\":\"Patas para mesas, en diferentes materiales y estilos - Sambeat\",\"isPartOf\":{\"@id\":\"https:\\\/\\\/sambeat.com\\\/#website\"},\"primaryImageOfPage\":{\"@id\":\"https:\\\/\\\/sambeat.com\\\/en\\\/products\\\/product-families\\\/legs\\\/table-legs\\\/#primaryimage\"},\"image\":{\"@id\":\"https:\\\/\\\/sambeat.com\\\/en\\\/products\\\/product-families\\\/legs\\\/table-legs\\\/#primaryimage\"},\"thumbnailUrl\":\"http:\\\/\\\/sambeat.com\\\/wp-content\\\/uploads\\\/2017\\\/03\\\/mesas-224x300.jpg\",\"datePublished\":\"2017-04-21T07:08:48+00:00\",\"dateModified\":\"2019-03-13T09:35:35+00:00\",\"description\":\"Patas para mesas en aluminio, madera y pl\u00e1stico, con acabados mate, lisos y brillo; patas fijas, inclinadas y regulables.\",\"breadcrumb\":{\"@id\":\"https:\\\/\\\/sambeat.com\\\/en\\\/products\\\/product-families\\\/legs\\\/table-legs\\\/#breadcrumb\"},\"inLanguage\":\"en-US\",\"potentialAction\":[{\"@type\":\"ReadAction\",\"target\":[\"https:\\\/\\\/sambeat.com\\\/en\\\/products\\\/product-families\\\/legs\\\/table-legs\\\/\"]}]},{\"@type\":\"ImageObject\",\"inLanguage\":\"en-US\",\"@id\":\"https:\\\/\\\/sambeat.com\\\/en\\\/products\\\/product-families\\\/legs\\\/table-legs\\\/#primaryimage\",\"url\":\"http:\\\/\\\/sambeat.com\\\/wp-content\\\/uploads\\\/2017\\\/03\\\/mesas-224x300.jpg\",\"contentUrl\":\"http:\\\/\\\/sambeat.com\\\/wp-content\\\/uploads\\\/2017\\\/03\\\/mesas-224x300.jpg\"},{\"@type\":\"BreadcrumbList\",\"@id\":\"https:\\\/\\\/sambeat.com\\\/en\\\/products\\\/product-families\\\/legs\\\/table-legs\\\/#breadcrumb\",\"itemListElement\":[{\"@type\":\"ListItem\",\"position\":1,\"name\":\"Inicio\",\"item\":\"https:\\\/\\\/sambeat.com\\\/en\\\/\"},{\"@type\":\"ListItem\",\"position\":2,\"name\":\"PRODUCTS\",\"item\":\"https:\\\/\\\/sambeat.com\\\/en\\\/products\\\/\"},{\"@type\":\"ListItem\",\"position\":3,\"name\":\"PRODUCT FAMILIES\",\"item\":\"https:\\\/\\\/sambeat.com\\\/en\\\/products\\\/product-families\\\/\"},{\"@type\":\"ListItem\",\"position\":4,\"name\":\"LEGS\",\"item\":\"https:\\\/\\\/sambeat.com\\\/en\\\/products\\\/product-families\\\/legs\\\/\"},{\"@type\":\"ListItem\",\"position\":5,\"name\":\"TABLE LEGS\"}]},{\"@type\":\"WebSite\",\"@id\":\"https:\\\/\\\/sambeat.com\\\/#website\",\"url\":\"https:\\\/\\\/sambeat.com\\\/\",\"name\":\"Sambeat\",\"description\":\"Manufacturing solutions\",\"publisher\":{\"@id\":\"https:\\\/\\\/sambeat.com\\\/#organization\"},\"potentialAction\":[{\"@type\":\"SearchAction\",\"target\":{\"@type\":\"EntryPoint\",\"urlTemplate\":\"https:\\\/\\\/sambeat.com\\\/?s={search_term_string}\"},\"query-input\":{\"@type\":\"PropertyValueSpecification\",\"valueRequired\":true,\"valueName\":\"search_term_string\"}}],\"inLanguage\":\"en-US\"},{\"@type\":\"Organization\",\"@id\":\"https:\\\/\\\/sambeat.com\\\/#organization\",\"name\":\"Sambeat\",\"url\":\"https:\\\/\\\/sambeat.com\\\/\",\"logo\":{\"@type\":\"ImageObject\",\"inLanguage\":\"en-US\",\"@id\":\"https:\\\/\\\/sambeat.com\\\/#\\\/schema\\\/logo\\\/image\\\/\",\"url\":\"http:\\\/\\\/sambeat.com\\\/wp-content\\\/uploads\\\/2017\\\/02\\\/logo.png\",\"contentUrl\":\"http:\\\/\\\/sambeat.com\\\/wp-content\\\/uploads\\\/2017\\\/02\\\/logo.png\",\"width\":320,\"height\":106,\"caption\":\"Sambeat\"},\"image\":{\"@id\":\"https:\\\/\\\/sambeat.com\\\/#\\\/schema\\\/logo\\\/image\\\/\"}}]}<\/script>\n<!-- \/ Yoast SEO plugin. -->","yoast_head_json":{"title":"Patas para mesas, en diferentes materiales y estilos - Sambeat","description":"Patas para mesas en aluminio, madera y pl\u00e1stico, con acabados mate, lisos y brillo; patas fijas, inclinadas y regulables.","robots":{"index":"index","follow":"follow","max-snippet":"max-snippet:-1","max-image-preview":"max-image-preview:large","max-video-preview":"max-video-preview:-1"},"canonical":"https:\/\/sambeat.com\/en\/products\/product-families\/legs\/table-legs\/","og_locale":"en_US","og_type":"article","og_title":"Patas para mesas, en diferentes materiales y estilos - Sambeat","og_description":"Patas para mesas en aluminio, madera y pl\u00e1stico, con acabados mate, lisos y brillo; patas fijas, inclinadas y regulables.","og_url":"https:\/\/sambeat.com\/en\/products\/product-families\/legs\/table-legs\/","og_site_name":"Sambeat","article_modified_time":"2019-03-13T09:35:35+00:00","og_image":[{"url":"http:\/\/sambeat.com\/wp-content\/uploads\/2017\/03\/mesas-224x300.jpg","type":"","width":"","height":""}],"twitter_card":"summary_large_image","twitter_misc":{"Est. reading time":"1 minute"},"schema":{"@context":"https:\/\/schema.org","@graph":[{"@type":"WebPage","@id":"https:\/\/sambeat.com\/en\/products\/product-families\/legs\/table-legs\/","url":"https:\/\/sambeat.com\/en\/products\/product-families\/legs\/table-legs\/","name":"Patas para mesas, en diferentes materiales y estilos - Sambeat","isPartOf":{"@id":"https:\/\/sambeat.com\/#website"},"primaryImageOfPage":{"@id":"https:\/\/sambeat.com\/en\/products\/product-families\/legs\/table-legs\/#primaryimage"},"image":{"@id":"https:\/\/sambeat.com\/en\/products\/product-families\/legs\/table-legs\/#primaryimage"},"thumbnailUrl":"http:\/\/sambeat.com\/wp-content\/uploads\/2017\/03\/mesas-224x300.jpg","datePublished":"2017-04-21T07:08:48+00:00","dateModified":"2019-03-13T09:35:35+00:00","description":"Patas para mesas en aluminio, madera y pl\u00e1stico, con acabados mate, lisos y brillo; patas fijas, inclinadas y regulables.","breadcrumb":{"@id":"https:\/\/sambeat.com\/en\/products\/product-families\/legs\/table-legs\/#breadcrumb"},"inLanguage":"en-US","potentialAction":[{"@type":"ReadAction","target":["https:\/\/sambeat.com\/en\/products\/product-families\/legs\/table-legs\/"]}]},{"@type":"ImageObject","inLanguage":"en-US","@id":"https:\/\/sambeat.com\/en\/products\/product-families\/legs\/table-legs\/#primaryimage","url":"http:\/\/sambeat.com\/wp-content\/uploads\/2017\/03\/mesas-224x300.jpg","contentUrl":"http:\/\/sambeat.com\/wp-content\/uploads\/2017\/03\/mesas-224x300.jpg"},{"@type":"BreadcrumbList","@id":"https:\/\/sambeat.com\/en\/products\/product-families\/legs\/table-legs\/#breadcrumb","itemListElement":[{"@type":"ListItem","position":1,"name":"Inicio","item":"https:\/\/sambeat.com\/en\/"},{"@type":"ListItem","position":2,"name":"PRODUCTS","item":"https:\/\/sambeat.com\/en\/products\/"},{"@type":"ListItem","position":3,"name":"PRODUCT FAMILIES","item":"https:\/\/sambeat.com\/en\/products\/product-families\/"},{"@type":"ListItem","position":4,"name":"LEGS","item":"https:\/\/sambeat.com\/en\/products\/product-families\/legs\/"},{"@type":"ListItem","position":5,"name":"TABLE LEGS"}]},{"@type":"WebSite","@id":"https:\/\/sambeat.com\/#website","url":"https:\/\/sambeat.com\/","name":"Sambeat","description":"Manufacturing solutions","publisher":{"@id":"https:\/\/sambeat.com\/#organization"},"potentialAction":[{"@type":"SearchAction","target":{"@type":"EntryPoint","urlTemplate":"https:\/\/sambeat.com\/?s={search_term_string}"},"query-input":{"@type":"PropertyValueSpecification","valueRequired":true,"valueName":"search_term_string"}}],"inLanguage":"en-US"},{"@type":"Organization","@id":"https:\/\/sambeat.com\/#organization","name":"Sambeat","url":"https:\/\/sambeat.com\/","logo":{"@type":"ImageObject","inLanguage":"en-US","@id":"https:\/\/sambeat.com\/#\/schema\/logo\/image\/","url":"http:\/\/sambeat.com\/wp-content\/uploads\/2017\/02\/logo.png","contentUrl":"http:\/\/sambeat.com\/wp-content\/uploads\/2017\/02\/logo.png","width":320,"height":106,"caption":"Sambeat"},"image":{"@id":"https:\/\/sambeat.com\/#\/schema\/logo\/image\/"}}]}},"_links":{"self":[{"href":"https:\/\/sambeat.com\/en\/wp-json\/wp\/v2\/pages\/594","targetHints":{"allow":["GET"]}}],"collection":[{"href":"https:\/\/sambeat.com\/en\/wp-json\/wp\/v2\/pages"}],"about":[{"href":"https:\/\/sambeat.com\/en\/wp-json\/wp\/v2\/types\/page"}],"author":[{"embeddable":true,"href":"https:\/\/sambeat.com\/en\/wp-json\/wp\/v2\/users\/1"}],"replies":[{"embeddable":true,"href":"https:\/\/sambeat.com\/en\/wp-json\/wp\/v2\/comments?post=594"}],"version-history":[{"count":7,"href":"https:\/\/sambeat.com\/en\/wp-json\/wp\/v2\/pages\/594\/revisions"}],"predecessor-version":[{"id":2872,"href":"https:\/\/sambeat.com\/en\/wp-json\/wp\/v2\/pages\/594\/revisions\/2872"}],"up":[{"embeddable":true,"href":"https:\/\/sambeat.com\/en\/wp-json\/wp\/v2\/pages\/599"}],"wp:attachment":[{"href":"https:\/\/sambeat.com\/en\/wp-json\/wp\/v2\/media?parent=594"}],"curies":[{"name":"wp","href":"https:\/\/api.w.org\/{rel}","templated":true}]}}